{"id":5594,"date":"2026-03-30T08:35:15","date_gmt":"2026-03-30T08:35:15","guid":{"rendered":"https:\/\/labcare365.com\/?page_id=5594"},"modified":"2026-03-30T12:20:58","modified_gmt":"2026-03-30T12:20:58","slug":"preventia","status":"publish","type":"page","link":"https:\/\/labcare365.com\/?page_id=5594","title":{"rendered":"PreventIA"},"content":{"rendered":"\t\t<div data-elementor-type=\"wp-page\" data-elementor-id=\"5594\" class=\"elementor elementor-5594\">\n\t\t\t\t\t\t<section class=\"elementor-section elementor-top-section elementor-element elementor-element-35a11c5 elementor-section-boxed elementor-section-height-default elementor-section-height-default\" data-id=\"35a11c5\" data-element_type=\"section\" data-settings=\"{&quot;background_background&quot;:&quot;classic&quot;,&quot;animation&quot;:&quot;none&quot;}\">\n\t\t\t\t\t\t<div class=\"elementor-container elementor-column-gap-default\">\n\t\t\t\t\t<div class=\"elementor-column elementor-col-100 elementor-top-column elementor-element elementor-element-381a344\" data-id=\"381a344\" data-element_type=\"column\">\n\t\t\t<div class=\"elementor-widget-wrap elementor-element-populated\">\n\t\t\t\t\t\t<section class=\"elementor-section elementor-inner-section elementor-element elementor-element-34bab39 elementor-section-boxed elementor-section-height-default elementor-section-height-default\" data-id=\"34bab39\" data-element_type=\"section\">\n\t\t\t\t\t\t<div class=\"elementor-container elementor-column-gap-default\">\n\t\t\t\t\t<div class=\"elementor-column elementor-col-100 elementor-inner-column elementor-element elementor-element-19c6693\" data-id=\"19c6693\" data-element_type=\"column\">\n\t\t\t<div class=\"elementor-widget-wrap elementor-element-populated\">\n\t\t\t\t\t\t<div class=\"elementor-element elementor-element-774f532 elementor-widget elementor-widget-image\" data-id=\"774f532\" data-element_type=\"widget\" data-widget_type=\"image.default\">\n\t\t\t\t<div class=\"elementor-widget-container\">\n\t\t\t\t\t\t\t\t\t\t\t\t\t\t\t<img decoding=\"async\" src=\"https:\/\/labcare365.com\/wp-content\/uploads\/elementor\/thumbs\/preventIA-logo2-rl9cnh52yon7i8cxsxbk4a5vc8llj3gxaeiczkwpf4.png\" title=\"preventIA-logo2\" alt=\"preventIA-logo2\" loading=\"lazy\" \/>\t\t\t\t\t\t\t\t\t\t\t\t\t\t\t<\/div>\n\t\t\t\t<\/div>\n\t\t\t\t<div class=\"elementor-element elementor-element-9cae297 elementor-widget elementor-widget-heading\" data-id=\"9cae297\" data-element_type=\"widget\" data-widget_type=\"heading.default\">\n\t\t\t\t<div class=\"elementor-widget-container\">\n\t\t\t\t\t<h3 class=\"elementor-heading-title elementor-size-default\">Entendemos la<strong> IA<\/strong>  como <strong>I<\/strong>ntervenci\u00f3n y <strong>A<\/strong>sistencia. <\/h3>\t\t\t\t<\/div>\n\t\t\t\t<\/div>\n\t\t\t\t<div class=\"elementor-element elementor-element-f1086b5 elementor-widget__width-initial elementor-widget elementor-widget-text-editor\" data-id=\"f1086b5\" data-element_type=\"widget\" data-widget_type=\"text-editor.default\">\n\t\t\t\t<div class=\"elementor-widget-container\">\n\t\t\t\t\t\t\t\t\t<p><span class=\"TextRun SCXW36476220 BCX0\" lang=\"ES-ES\" xml:lang=\"ES-ES\" data-contrast=\"auto\"><span class=\"NormalTextRun SCXW36476220 BCX0\">Prestamos un\u00a0<\/span><strong><span class=\"NormalTextRun SCXW36476220 BCX0\">Servicio\u00a0<\/span><span class=\"NormalTextRun SCXW36476220 BCX0\">T<\/span><span class=\"NormalTextRun SCXW36476220 BCX0\">\u00e9cnico de\u00a0<\/span><span class=\"NormalTextRun SCXW36476220 BCX0\">L<\/span><\/strong><span class=\"NormalTextRun SCXW36476220 BCX0\"><strong>aboratorio<\/strong> <strong>(<\/strong><\/span><strong><span class=\"NormalTextRun SpellingErrorV2Themed SpellingErrorHighlight SCXW36476220 BCX0\">express<\/span><\/strong><span class=\"NormalTextRun SCXW36476220 BCX0\"><strong>)<\/strong>\u00a0<\/span><span class=\"NormalTextRun SCXW36476220 BCX0\">realizado por t\u00e9cnicos certificados de <strong>Labcare365<\/strong>, con formaci\u00f3n en diagn\u00f3stico\u00a0<\/span><span class=\"NormalTextRun SpellingErrorV2Themed SCXW36476220 BCX0\">multiequipo<\/span><span class=\"NormalTextRun SCXW36476220 BCX0\">\u00a0y experiencia en instrumentaci\u00f3n de laboratorio<\/span><span class=\"NormalTextRun SCXW36476220 BCX0\">.<\/span><\/span><span class=\"EOP Selected SCXW36476220 BCX0\" data-ccp-props=\"{}\">\u00a0<\/span><\/p>\t\t\t\t\t\t\t\t<\/div>\n\t\t\t\t<\/div>\n\t\t\t\t\t<\/div>\n\t\t<\/div>\n\t\t\t\t\t<\/div>\n\t\t<\/section>\n\t\t\t\t\t<\/div>\n\t\t<\/div>\n\t\t\t\t\t<\/div>\n\t\t<\/section>\n\t\t\t\t<section class=\"elementor-section elementor-top-section elementor-element elementor-element-630367f elementor-section-boxed elementor-section-height-default elementor-section-height-default\" data-id=\"630367f\" data-element_type=\"section\">\n\t\t\t\t\t\t<div class=\"elementor-container elementor-column-gap-default\">\n\t\t\t\t\t<div class=\"elementor-column elementor-col-100 elementor-top-column elementor-element elementor-element-84b646b\" data-id=\"84b646b\" data-element_type=\"column\">\n\t\t\t<div class=\"elementor-widget-wrap elementor-element-populated\">\n\t\t\t\t\t\t<div class=\"elementor-element elementor-element-5fad624 elementor-widget elementor-widget-heading\" data-id=\"5fad624\" data-element_type=\"widget\" data-widget_type=\"heading.default\">\n\t\t\t\t<div class=\"elementor-widget-container\">\n\t\t\t\t\t<h4 class=\"elementor-heading-title elementor-size-default\">Nuestro proceso: <\/h4>\t\t\t\t<\/div>\n\t\t\t\t<\/div>\n\t\t\t\t\t<\/div>\n\t\t<\/div>\n\t\t\t\t\t<\/div>\n\t\t<\/section>\n\t\t\t\t<section class=\"elementor-section elementor-top-section elementor-element elementor-element-e3a8b70 elementor-section-boxed elementor-section-height-default elementor-section-height-default\" data-id=\"e3a8b70\" data-element_type=\"section\">\n\t\t\t\t\t\t<div class=\"elementor-container elementor-column-gap-default\">\n\t\t\t\t\t<div class=\"elementor-column elementor-col-100 elementor-top-column elementor-element elementor-element-87159f6\" data-id=\"87159f6\" data-element_type=\"column\">\n\t\t\t<div class=\"elementor-widget-wrap elementor-element-populated\">\n\t\t\t\t\t\t<div class=\"elementor-element elementor-element-1da966a elementor-widget elementor-widget-image\" data-id=\"1da966a\" data-element_type=\"widget\" data-widget_type=\"image.default\">\n\t\t\t\t<div class=\"elementor-widget-container\">\n\t\t\t\t\t\t\t\t\t\t\t\t\t\t\t<img decoding=\"async\" src=\"https:\/\/labcare365.com\/wp-content\/uploads\/elementor\/thumbs\/preventIA-mapa-rl9gbjgvg777hwade11ded4lpzy3p2lmtdxqhxq70o.png\" title=\"preventIA-mapa\" alt=\"preventIA-mapa\" loading=\"lazy\" \/>\t\t\t\t\t\t\t\t\t\t\t\t\t\t\t<\/div>\n\t\t\t\t<\/div>\n\t\t\t\t\t<\/div>\n\t\t<\/div>\n\t\t\t\t\t<\/div>\n\t\t<\/section>\n\t\t\t\t<section class=\"elementor-section elementor-top-section elementor-element elementor-element-6387d07 elementor-section-boxed elementor-section-height-default elementor-section-height-default\" data-id=\"6387d07\" data-element_type=\"section\">\n\t\t\t\t\t\t<div class=\"elementor-container elementor-column-gap-default\">\n\t\t\t\t\t<div class=\"elementor-column elementor-col-50 elementor-top-column elementor-element elementor-element-da1c7e6\" data-id=\"da1c7e6\" data-element_type=\"column\">\n\t\t\t<div class=\"elementor-widget-wrap elementor-element-populated\">\n\t\t\t\t\t\t<div class=\"elementor-element elementor-element-f5e98bc elementor-widget__width-initial elementor-widget elementor-widget-text-editor\" data-id=\"f5e98bc\" data-element_type=\"widget\" data-widget_type=\"text-editor.default\">\n\t\t\t\t<div class=\"elementor-widget-container\">\n\t\t\t\t\t\t\t\t\t<h4>Folleto PreventIA<\/h4>\t\t\t\t\t\t\t\t<\/div>\n\t\t\t\t<\/div>\n\t\t\t\t\t<\/div>\n\t\t<\/div>\n\t\t\t\t<div class=\"elementor-column elementor-col-50 elementor-top-column elementor-element elementor-element-af7abdd\" data-id=\"af7abdd\" data-element_type=\"column\">\n\t\t\t<div class=\"elementor-widget-wrap elementor-element-populated\">\n\t\t\t\t\t\t<div class=\"elementor-element elementor-element-e2de8eb elementor-align-left elementor-widget__width-initial elementor-invisible elementor-widget elementor-widget-button\" data-id=\"e2de8eb\" data-element_type=\"widget\" data-settings=\"{&quot;_animation&quot;:&quot;fadeIn&quot;}\" data-widget_type=\"button.default\">\n\t\t\t\t<div class=\"elementor-widget-container\">\n\t\t\t\t\t\t\t\t\t<div class=\"elementor-button-wrapper\">\n\t\t\t\t\t<a class=\"elementor-button elementor-button-link elementor-size-sm elementor-animation-shrink\" href=\"https:\/\/labcare365.com\/wp-content\/uploads\/2026\/03\/PreventIA.pdf\" target=\"_blank\">\n\t\t\t\t\t\t<span class=\"elementor-button-content-wrapper\">\n\t\t\t\t\t\t\t\t\t<span class=\"elementor-button-text\">abrir .pdf<\/span>\n\t\t\t\t\t<\/span>\n\t\t\t\t\t<\/a>\n\t\t\t\t<\/div>\n\t\t\t\t\t\t\t\t<\/div>\n\t\t\t\t<\/div>\n\t\t\t\t\t<\/div>\n\t\t<\/div>\n\t\t\t\t\t<\/div>\n\t\t<\/section>\n\t\t\t\t<\/div>\n\t\t","protected":false},"excerpt":{"rendered":"<p>Entendemos la IA como Intervenci\u00f3n y Asistencia. Prestamos un\u00a0Servicio\u00a0T\u00e9cnico de\u00a0Laboratorio (express)\u00a0realizado por t\u00e9cnicos certificados de Labcare365, con formaci\u00f3n en diagn\u00f3stico\u00a0multiequipo\u00a0y experiencia en instrumentaci\u00f3n de laboratorio.\u00a0 Nuestro proceso: Folleto PreventIA abrir .pdf<\/p>\n","protected":false},"author":1,"featured_media":0,"parent":0,"menu_order":0,"comment_status":"closed","ping_status":"closed","template":"","meta":{"footnotes":""},"class_list":["post-5594","page","type-page","status-publish","hentry"],"yoast_head":"<!-- This site is optimized with the Yoast SEO plugin v26.6 - https:\/\/yoast.com\/wordpress\/plugins\/seo\/ -->\n<title>PreventIA - Lab Care 365 S.L.<\/title>\n<meta name=\"robots\" content=\"index, follow, max-snippet:-1, max-image-preview:large, max-video-preview:-1\" \/>\n<link rel=\"canonical\" href=\"https:\/\/labcare365.com\/?page_id=5594\" \/>\n<meta property=\"og:locale\" content=\"es_ES\" \/>\n<meta property=\"og:type\" content=\"article\" \/>\n<meta property=\"og:title\" content=\"PreventIA - Lab Care 365 S.L.\" \/>\n<meta property=\"og:description\" content=\"Entendemos la IA como Intervenci\u00f3n y Asistencia. Prestamos un\u00a0Servicio\u00a0T\u00e9cnico de\u00a0Laboratorio (express)\u00a0realizado por t\u00e9cnicos certificados de Labcare365, con formaci\u00f3n en diagn\u00f3stico\u00a0multiequipo\u00a0y experiencia en instrumentaci\u00f3n de laboratorio.\u00a0 Nuestro proceso: Folleto PreventIA abrir .pdf\" \/>\n<meta property=\"og:url\" content=\"https:\/\/labcare365.com\/?page_id=5594\" \/>\n<meta property=\"og:site_name\" content=\"Lab Care 365 S.L.\" \/>\n<meta property=\"article:publisher\" content=\"https:\/\/www.facebook.com\/profile.php?id=100082110493705\" \/>\n<meta property=\"article:modified_time\" content=\"2026-03-30T12:20:58+00:00\" \/>\n<meta property=\"og:image\" content=\"https:\/\/labcare365.com\/wp-content\/uploads\/elementor\/thumbs\/preventIA-logo2-rl9cnh52yon7i8cxsxbk4a5vc8llj3gxaeiczkwpf4.png\" \/>\n<meta name=\"twitter:card\" content=\"summary_large_image\" \/>\n<meta name=\"twitter:label1\" content=\"Tiempo de lectura\" \/>\n\t<meta name=\"twitter:data1\" content=\"1 minuto\" \/>\n<script type=\"application\/ld+json\" class=\"yoast-schema-graph\">{\"@context\":\"https:\/\/schema.org\",\"@graph\":[{\"@type\":\"WebPage\",\"@id\":\"https:\/\/labcare365.com\/?page_id=5594\",\"url\":\"https:\/\/labcare365.com\/?page_id=5594\",\"name\":\"PreventIA - Lab Care 365 S.L.\",\"isPartOf\":{\"@id\":\"https:\/\/labcare365.com\/#website\"},\"primaryImageOfPage\":{\"@id\":\"https:\/\/labcare365.com\/?page_id=5594#primaryimage\"},\"image\":{\"@id\":\"https:\/\/labcare365.com\/?page_id=5594#primaryimage\"},\"thumbnailUrl\":\"https:\/\/labcare365.com\/wp-content\/uploads\/elementor\/thumbs\/preventIA-logo2-rl9cnh52yon7i8cxsxbk4a5vc8llj3gxaeiczkwpf4.png\",\"datePublished\":\"2026-03-30T08:35:15+00:00\",\"dateModified\":\"2026-03-30T12:20:58+00:00\",\"breadcrumb\":{\"@id\":\"https:\/\/labcare365.com\/?page_id=5594#breadcrumb\"},\"inLanguage\":\"es\",\"potentialAction\":[{\"@type\":\"ReadAction\",\"target\":[\"https:\/\/labcare365.com\/?page_id=5594\"]}]},{\"@type\":\"ImageObject\",\"inLanguage\":\"es\",\"@id\":\"https:\/\/labcare365.com\/?page_id=5594#primaryimage\",\"url\":\"https:\/\/labcare365.com\/wp-content\/uploads\/elementor\/thumbs\/preventIA-logo2-rl9cnh52yon7i8cxsxbk4a5vc8llj3gxaeiczkwpf4.png\",\"contentUrl\":\"https:\/\/labcare365.com\/wp-content\/uploads\/elementor\/thumbs\/preventIA-logo2-rl9cnh52yon7i8cxsxbk4a5vc8llj3gxaeiczkwpf4.png\"},{\"@type\":\"BreadcrumbList\",\"@id\":\"https:\/\/labcare365.com\/?page_id=5594#breadcrumb\",\"itemListElement\":[{\"@type\":\"ListItem\",\"position\":1,\"name\":\"Portada\",\"item\":\"https:\/\/labcare365.com\/\"},{\"@type\":\"ListItem\",\"position\":2,\"name\":\"PreventIA\"}]},{\"@type\":\"WebSite\",\"@id\":\"https:\/\/labcare365.com\/#website\",\"url\":\"https:\/\/labcare365.com\/\",\"name\":\"labcare365.com\",\"description\":\"Lab Care 365 S.L. - Servicio t\u00e9cnico de laboratorio\",\"publisher\":{\"@id\":\"https:\/\/labcare365.com\/#organization\"},\"potentialAction\":[{\"@type\":\"SearchAction\",\"target\":{\"@type\":\"EntryPoint\",\"urlTemplate\":\"https:\/\/labcare365.com\/?s={search_term_string}\"},\"query-input\":{\"@type\":\"PropertyValueSpecification\",\"valueRequired\":true,\"valueName\":\"search_term_string\"}}],\"inLanguage\":\"es\"},{\"@type\":\"Organization\",\"@id\":\"https:\/\/labcare365.com\/#organization\",\"name\":\"labcare 365 s.l.\",\"alternateName\":\"Servicio t\u00e9cnico de laboratorio\",\"url\":\"https:\/\/labcare365.com\/\",\"logo\":{\"@type\":\"ImageObject\",\"inLanguage\":\"es\",\"@id\":\"https:\/\/labcare365.com\/#\/schema\/logo\/image\/\",\"url\":\"https:\/\/labcare365.com\/wp-content\/uploads\/2023\/05\/cropped-icoLABcare365.png\",\"contentUrl\":\"https:\/\/labcare365.com\/wp-content\/uploads\/2023\/05\/cropped-icoLABcare365.png\",\"width\":512,\"height\":512,\"caption\":\"labcare 365 s.l.\"},\"image\":{\"@id\":\"https:\/\/labcare365.com\/#\/schema\/logo\/image\/\"},\"sameAs\":[\"https:\/\/www.facebook.com\/profile.php?id=100082110493705\",\"https:\/\/www.linkedin.com\/company\/labcare365\/\"]}]}<\/script>\n<!-- \/ Yoast SEO plugin. -->","yoast_head_json":{"title":"PreventIA - Lab Care 365 S.L.","robots":{"index":"index","follow":"follow","max-snippet":"max-snippet:-1","max-image-preview":"max-image-preview:large","max-video-preview":"max-video-preview:-1"},"canonical":"https:\/\/labcare365.com\/?page_id=5594","og_locale":"es_ES","og_type":"article","og_title":"PreventIA - Lab Care 365 S.L.","og_description":"Entendemos la IA como Intervenci\u00f3n y Asistencia. Prestamos un\u00a0Servicio\u00a0T\u00e9cnico de\u00a0Laboratorio (express)\u00a0realizado por t\u00e9cnicos certificados de Labcare365, con formaci\u00f3n en diagn\u00f3stico\u00a0multiequipo\u00a0y experiencia en instrumentaci\u00f3n de laboratorio.\u00a0 Nuestro proceso: Folleto PreventIA abrir .pdf","og_url":"https:\/\/labcare365.com\/?page_id=5594","og_site_name":"Lab Care 365 S.L.","article_publisher":"https:\/\/www.facebook.com\/profile.php?id=100082110493705","article_modified_time":"2026-03-30T12:20:58+00:00","og_image":[{"url":"https:\/\/labcare365.com\/wp-content\/uploads\/elementor\/thumbs\/preventIA-logo2-rl9cnh52yon7i8cxsxbk4a5vc8llj3gxaeiczkwpf4.png","type":"","width":"","height":""}],"twitter_card":"summary_large_image","twitter_misc":{"Tiempo de lectura":"1 minuto"},"schema":{"@context":"https:\/\/schema.org","@graph":[{"@type":"WebPage","@id":"https:\/\/labcare365.com\/?page_id=5594","url":"https:\/\/labcare365.com\/?page_id=5594","name":"PreventIA - Lab Care 365 S.L.","isPartOf":{"@id":"https:\/\/labcare365.com\/#website"},"primaryImageOfPage":{"@id":"https:\/\/labcare365.com\/?page_id=5594#primaryimage"},"image":{"@id":"https:\/\/labcare365.com\/?page_id=5594#primaryimage"},"thumbnailUrl":"https:\/\/labcare365.com\/wp-content\/uploads\/elementor\/thumbs\/preventIA-logo2-rl9cnh52yon7i8cxsxbk4a5vc8llj3gxaeiczkwpf4.png","datePublished":"2026-03-30T08:35:15+00:00","dateModified":"2026-03-30T12:20:58+00:00","breadcrumb":{"@id":"https:\/\/labcare365.com\/?page_id=5594#breadcrumb"},"inLanguage":"es","potentialAction":[{"@type":"ReadAction","target":["https:\/\/labcare365.com\/?page_id=5594"]}]},{"@type":"ImageObject","inLanguage":"es","@id":"https:\/\/labcare365.com\/?page_id=5594#primaryimage","url":"https:\/\/labcare365.com\/wp-content\/uploads\/elementor\/thumbs\/preventIA-logo2-rl9cnh52yon7i8cxsxbk4a5vc8llj3gxaeiczkwpf4.png","contentUrl":"https:\/\/labcare365.com\/wp-content\/uploads\/elementor\/thumbs\/preventIA-logo2-rl9cnh52yon7i8cxsxbk4a5vc8llj3gxaeiczkwpf4.png"},{"@type":"BreadcrumbList","@id":"https:\/\/labcare365.com\/?page_id=5594#breadcrumb","itemListElement":[{"@type":"ListItem","position":1,"name":"Portada","item":"https:\/\/labcare365.com\/"},{"@type":"ListItem","position":2,"name":"PreventIA"}]},{"@type":"WebSite","@id":"https:\/\/labcare365.com\/#website","url":"https:\/\/labcare365.com\/","name":"labcare365.com","description":"Lab Care 365 S.L. - Servicio t\u00e9cnico de laboratorio","publisher":{"@id":"https:\/\/labcare365.com\/#organization"},"potentialAction":[{"@type":"SearchAction","target":{"@type":"EntryPoint","urlTemplate":"https:\/\/labcare365.com\/?s={search_term_string}"},"query-input":{"@type":"PropertyValueSpecification","valueRequired":true,"valueName":"search_term_string"}}],"inLanguage":"es"},{"@type":"Organization","@id":"https:\/\/labcare365.com\/#organization","name":"labcare 365 s.l.","alternateName":"Servicio t\u00e9cnico de laboratorio","url":"https:\/\/labcare365.com\/","logo":{"@type":"ImageObject","inLanguage":"es","@id":"https:\/\/labcare365.com\/#\/schema\/logo\/image\/","url":"https:\/\/labcare365.com\/wp-content\/uploads\/2023\/05\/cropped-icoLABcare365.png","contentUrl":"https:\/\/labcare365.com\/wp-content\/uploads\/2023\/05\/cropped-icoLABcare365.png","width":512,"height":512,"caption":"labcare 365 s.l."},"image":{"@id":"https:\/\/labcare365.com\/#\/schema\/logo\/image\/"},"sameAs":["https:\/\/www.facebook.com\/profile.php?id=100082110493705","https:\/\/www.linkedin.com\/company\/labcare365\/"]}]}},"_links":{"self":[{"href":"https:\/\/labcare365.com\/index.php?rest_route=\/wp\/v2\/pages\/5594","targetHints":{"allow":["GET"]}}],"collection":[{"href":"https:\/\/labcare365.com\/index.php?rest_route=\/wp\/v2\/pages"}],"about":[{"href":"https:\/\/labcare365.com\/index.php?rest_route=\/wp\/v2\/types\/page"}],"author":[{"embeddable":true,"href":"https:\/\/labcare365.com\/index.php?rest_route=\/wp\/v2\/users\/1"}],"replies":[{"embeddable":true,"href":"https:\/\/labcare365.com\/index.php?rest_route=%2Fwp%2Fv2%2Fcomments&post=5594"}],"version-history":[{"count":22,"href":"https:\/\/labcare365.com\/index.php?rest_route=\/wp\/v2\/pages\/5594\/revisions"}],"predecessor-version":[{"id":5640,"href":"https:\/\/labcare365.com\/index.php?rest_route=\/wp\/v2\/pages\/5594\/revisions\/5640"}],"wp:attachment":[{"href":"https:\/\/labcare365.com\/index.php?rest_route=%2Fwp%2Fv2%2Fmedia&parent=5594"}],"curies":[{"name":"wp","href":"https:\/\/api.w.org\/{rel}","templated":true}]}}