{"id":442,"date":"2022-03-03T12:34:00","date_gmt":"2022-03-03T12:34:00","guid":{"rendered":"https:\/\/www.labcare365.com\/?page_id=442"},"modified":"2026-02-27T14:37:43","modified_gmt":"2026-02-27T14:37:43","slug":"con-que-trabajamos","status":"publish","type":"page","link":"https:\/\/labcare365.com\/?page_id=442","title":{"rendered":"\u00bfCon qu\u00e9 trabajamos?"},"content":{"rendered":"\t\t<div data-elementor-type=\"wp-page\" data-elementor-id=\"442\" class=\"elementor elementor-442\">\n\t\t\t\t\t\t<section class=\"elementor-section elementor-top-section elementor-element elementor-element-b5cadf7 elementor-section-full_width elementor-section-height-default elementor-section-height-default\" data-id=\"b5cadf7\" data-element_type=\"section\" data-settings=\"{&quot;animation&quot;:&quot;none&quot;}\">\n\t\t\t\t\t\t<div class=\"elementor-container elementor-column-gap-default\">\n\t\t\t\t\t<div class=\"elementor-column elementor-col-100 elementor-top-column elementor-element elementor-element-6d49b52\" data-id=\"6d49b52\" data-element_type=\"column\">\n\t\t\t<div class=\"elementor-widget-wrap elementor-element-populated\">\n\t\t\t\t\t\t<div class=\"elementor-element elementor-element-3d7d2b9 cpel-lv--yes .elementor-widget-tabs .elementor-tab-desktop-title {     position: relative;     padding: 10px 10px;     font-weight: 700;     line-height: 1;     border: solid transparent; elementor-tabs-view-horizontal elementor-widget elementor-widget-tabs\" data-id=\"3d7d2b9\" data-element_type=\"widget\" data-widget_type=\"tabs.default\">\n\t\t\t\t<div class=\"elementor-widget-container\">\n\t\t\t\t\t\t\t<div class=\"elementor-tabs\">\n\t\t\t<div class=\"elementor-tabs-wrapper\" role=\"tablist\" >\n\t\t\t\t\t\t\t\t\t<div id=\"elementor-tab-title-6441\" class=\"elementor-tab-title elementor-tab-desktop-title\" aria-selected=\"true\" data-tab=\"1\" role=\"tab\" tabindex=\"0\" aria-controls=\"elementor-tab-content-6441\" aria-expanded=\"false\">><\/div>\n\t\t\t\t\t\t\t\t\t<div id=\"elementor-tab-title-6442\" class=\"elementor-tab-title elementor-tab-desktop-title\" aria-selected=\"false\" data-tab=\"2\" role=\"tab\" tabindex=\"-1\" aria-controls=\"elementor-tab-content-6442\" aria-expanded=\"false\">CALOR<\/div>\n\t\t\t\t\t\t\t\t\t<div id=\"elementor-tab-title-6443\" class=\"elementor-tab-title elementor-tab-desktop-title\" aria-selected=\"false\" data-tab=\"3\" role=\"tab\" tabindex=\"-1\" aria-controls=\"elementor-tab-content-6443\" aria-expanded=\"false\">FR\u00cdO<\/div>\n\t\t\t\t\t\t\t\t\t<div id=\"elementor-tab-title-6444\" class=\"elementor-tab-title elementor-tab-desktop-title\" aria-selected=\"false\" data-tab=\"4\" role=\"tab\" tabindex=\"-1\" aria-controls=\"elementor-tab-content-6444\" aria-expanded=\"false\">MASA<\/div>\n\t\t\t\t\t\t\t\t\t<div id=\"elementor-tab-title-6445\" class=\"elementor-tab-title elementor-tab-desktop-title\" aria-selected=\"false\" data-tab=\"5\" role=\"tab\" tabindex=\"-1\" aria-controls=\"elementor-tab-content-6445\" aria-expanded=\"false\">HUMEDAD<\/div>\n\t\t\t\t\t\t\t\t\t<div id=\"elementor-tab-title-6446\" class=\"elementor-tab-title elementor-tab-desktop-title\" aria-selected=\"false\" data-tab=\"6\" role=\"tab\" tabindex=\"-1\" aria-controls=\"elementor-tab-content-6446\" aria-expanded=\"false\">ELECTROQU\u00cdMICA<\/div>\n\t\t\t\t\t\t\t\t\t<div id=\"elementor-tab-title-6447\" class=\"elementor-tab-title elementor-tab-desktop-title\" aria-selected=\"false\" data-tab=\"7\" role=\"tab\" tabindex=\"-1\" aria-controls=\"elementor-tab-content-6447\" aria-expanded=\"false\">MOVIMIENTO<\/div>\n\t\t\t\t\t\t\t\t\t<div id=\"elementor-tab-title-6448\" class=\"elementor-tab-title elementor-tab-desktop-title\" aria-selected=\"false\" data-tab=\"8\" role=\"tab\" tabindex=\"-1\" aria-controls=\"elementor-tab-content-6448\" aria-expanded=\"false\">VOLUMEN<\/div>\n\t\t\t\t\t\t\t\t\t<div id=\"elementor-tab-title-6449\" class=\"elementor-tab-title elementor-tab-desktop-title\" aria-selected=\"false\" data-tab=\"9\" role=\"tab\" tabindex=\"-1\" aria-controls=\"elementor-tab-content-6449\" aria-expanded=\"false\">VAC\u00cdO<\/div>\n\t\t\t\t\t\t\t\t\t<div id=\"elementor-tab-title-64410\" class=\"elementor-tab-title elementor-tab-desktop-title\" aria-selected=\"false\" data-tab=\"10\" role=\"tab\" tabindex=\"-1\" aria-controls=\"elementor-tab-content-64410\" aria-expanded=\"false\">AIRE-PRESI\u00d3N<\/div>\n\t\t\t\t\t\t\t\t\t<div id=\"elementor-tab-title-64411\" class=\"elementor-tab-title elementor-tab-desktop-title\" aria-selected=\"false\" data-tab=\"11\" role=\"tab\" tabindex=\"-1\" aria-controls=\"elementor-tab-content-64411\" aria-expanded=\"false\">LUZ-\u00d3PTICA<\/div>\n\t\t\t\t\t\t\t<\/div>\n\t\t\t<div class=\"elementor-tabs-content-wrapper\" role=\"tablist\" aria-orientation=\"vertical\">\n\t\t\t\t\t\t\t\t\t<div class=\"elementor-tab-title elementor-tab-mobile-title\" aria-selected=\"true\" data-tab=\"1\" role=\"tab\" tabindex=\"0\" aria-controls=\"elementor-tab-content-6441\" aria-expanded=\"false\">><\/div>\n\t\t\t\t\t<div id=\"elementor-tab-content-6441\" class=\"elementor-tab-content elementor-clearfix\" data-tab=\"1\" role=\"tabpanel\" aria-labelledby=\"elementor-tab-title-6441\" tabindex=\"0\" hidden=\"false\"><p><img fetchpriority=\"high\" decoding=\"async\" class=\"alignnone wp-image-5461\" src=\"https:\/\/labcare365.com\/wp-content\/uploads\/2026\/02\/proLABcare365-2.png\" alt=\"\" width=\"775\" height=\"450\" srcset=\"https:\/\/labcare365.com\/wp-content\/uploads\/2026\/02\/proLABcare365-2.png 1078w, https:\/\/labcare365.com\/wp-content\/uploads\/2026\/02\/proLABcare365-2-300x174.png 300w, https:\/\/labcare365.com\/wp-content\/uploads\/2026\/02\/proLABcare365-2-1024x595.png 1024w, https:\/\/labcare365.com\/wp-content\/uploads\/2026\/02\/proLABcare365-2-768x446.png 768w\" sizes=\"(max-width: 775px) 100vw, 775px\" \/><\/p><\/div>\n\t\t\t\t\t\t\t\t\t<div class=\"elementor-tab-title elementor-tab-mobile-title\" aria-selected=\"false\" data-tab=\"2\" role=\"tab\" tabindex=\"-1\" aria-controls=\"elementor-tab-content-6442\" aria-expanded=\"false\">CALOR<\/div>\n\t\t\t\t\t<div id=\"elementor-tab-content-6442\" class=\"elementor-tab-content elementor-clearfix\" data-tab=\"2\" role=\"tabpanel\" aria-labelledby=\"elementor-tab-title-6442\" tabindex=\"0\" hidden=\"hidden\"><p><img decoding=\"async\" class=\"alignleft wp-image-4245 size-full\" src=\"https:\/\/labcare365.com\/wp-content\/uploads\/2025\/06\/icoLABcare365-calor-1.png\" alt=\"\" width=\"287\" height=\"472\" srcset=\"https:\/\/labcare365.com\/wp-content\/uploads\/2025\/06\/icoLABcare365-calor-1.png 287w, https:\/\/labcare365.com\/wp-content\/uploads\/2025\/06\/icoLABcare365-calor-1-182x300.png 182w\" sizes=\"(max-width: 287px) 100vw, 287px\" \/>+ Agitadores magn\u00e9ticos con calefacci\u00f3n<br \/>+ Kjeldahl, dumas y otros digestores<br \/>+ Ba\u00f1os de agua<br \/>+ Ba\u00f1os de ultrasonidos<br \/>+ Ba\u00f1os de circulaci\u00f3n<br \/>+ Extractores<br \/>+ Hornos mufla<br \/>+ Estufas de secado<br \/>+ Estufas de vac\u00edo<br \/>+ Estufas de incubaci\u00f3n<br \/>+ Mantas<br \/>+ Reactores<br \/>+ C\u00e1maras clim\u00e1ticas<br \/>+ Equipos de punto de fusi\u00f3n<br \/>+ Evaporadores rotativos<br \/>+ Autoclaves<br \/>+ Termodesinfectadoras<br \/>+ Medidores de temperatura<\/p><\/div>\n\t\t\t\t\t\t\t\t\t<div class=\"elementor-tab-title elementor-tab-mobile-title\" aria-selected=\"false\" data-tab=\"3\" role=\"tab\" tabindex=\"-1\" aria-controls=\"elementor-tab-content-6443\" aria-expanded=\"false\">FR\u00cdO<\/div>\n\t\t\t\t\t<div id=\"elementor-tab-content-6443\" class=\"elementor-tab-content elementor-clearfix\" data-tab=\"3\" role=\"tabpanel\" aria-labelledby=\"elementor-tab-title-6443\" tabindex=\"0\" hidden=\"hidden\"><p><img decoding=\"async\" class=\"alignleft wp-image-1730 size-full\" src=\"https:\/\/labcare365.com\/wp-content\/uploads\/2023\/05\/icoLABcare365-frio.png\" alt=\"\" width=\"287\" height=\"385\" srcset=\"https:\/\/labcare365.com\/wp-content\/uploads\/2023\/05\/icoLABcare365-frio.png 287w, https:\/\/labcare365.com\/wp-content\/uploads\/2023\/05\/icoLABcare365-frio-224x300.png 224w\" sizes=\"(max-width: 287px) 100vw, 287px\" \/><\/p><p>+ Congeladores<br \/>+ Refrigeradores\/neveras<br \/>+ Ba\u00f1os de refrigeraci\u00f3n<br \/>+ Liofilizadores<br \/>+ Criotermostatos<br \/>+ Crioscopios<br \/>+ Chillers<\/p><\/div>\n\t\t\t\t\t\t\t\t\t<div class=\"elementor-tab-title elementor-tab-mobile-title\" aria-selected=\"false\" data-tab=\"4\" role=\"tab\" tabindex=\"-1\" aria-controls=\"elementor-tab-content-6444\" aria-expanded=\"false\">MASA<\/div>\n\t\t\t\t\t<div id=\"elementor-tab-content-6444\" class=\"elementor-tab-content elementor-clearfix\" data-tab=\"4\" role=\"tabpanel\" aria-labelledby=\"elementor-tab-title-6444\" tabindex=\"0\" hidden=\"hidden\"><p><img loading=\"lazy\" decoding=\"async\" class=\"alignleft wp-image-1739 size-full\" src=\"https:\/\/labcare365.com\/wp-content\/uploads\/2023\/05\/icoLABcare365-masa.png\" alt=\"\" width=\"287\" height=\"385\" srcset=\"https:\/\/labcare365.com\/wp-content\/uploads\/2023\/05\/icoLABcare365-masa.png 287w, https:\/\/labcare365.com\/wp-content\/uploads\/2023\/05\/icoLABcare365-masa-224x300.png 224w\" sizes=\"(max-width: 287px) 100vw, 287px\" \/><\/p><p>+ Balanzas<\/p><\/div>\n\t\t\t\t\t\t\t\t\t<div class=\"elementor-tab-title elementor-tab-mobile-title\" aria-selected=\"false\" data-tab=\"5\" role=\"tab\" tabindex=\"-1\" aria-controls=\"elementor-tab-content-6445\" aria-expanded=\"false\">HUMEDAD<\/div>\n\t\t\t\t\t<div id=\"elementor-tab-content-6445\" class=\"elementor-tab-content elementor-clearfix\" data-tab=\"5\" role=\"tabpanel\" aria-labelledby=\"elementor-tab-title-6445\" tabindex=\"0\" hidden=\"hidden\"><p><img loading=\"lazy\" decoding=\"async\" class=\"alignleft wp-image-1733 size-full\" src=\"https:\/\/labcare365.com\/wp-content\/uploads\/2023\/05\/icoLABcare365-humedad.png\" alt=\"\" width=\"287\" height=\"385\" srcset=\"https:\/\/labcare365.com\/wp-content\/uploads\/2023\/05\/icoLABcare365-humedad.png 287w, https:\/\/labcare365.com\/wp-content\/uploads\/2023\/05\/icoLABcare365-humedad-224x300.png 224w\" sizes=\"(max-width: 287px) 100vw, 287px\" \/><\/p><p>+ Termobalanzas<br \/>+ C\u00e1maras clim\u00e1ticas<br \/>+ Medidores de humedad<\/p><\/div>\n\t\t\t\t\t\t\t\t\t<div class=\"elementor-tab-title elementor-tab-mobile-title\" aria-selected=\"false\" data-tab=\"6\" role=\"tab\" tabindex=\"-1\" aria-controls=\"elementor-tab-content-6446\" aria-expanded=\"false\">ELECTROQU\u00cdMICA<\/div>\n\t\t\t\t\t<div id=\"elementor-tab-content-6446\" class=\"elementor-tab-content elementor-clearfix\" data-tab=\"6\" role=\"tabpanel\" aria-labelledby=\"elementor-tab-title-6446\" tabindex=\"0\" hidden=\"hidden\"><p><img loading=\"lazy\" decoding=\"async\" class=\"alignleft wp-image-1727 size-full\" src=\"https:\/\/labcare365.com\/wp-content\/uploads\/2023\/05\/icoLABcare365-electroquimica.png\" alt=\"\" width=\"287\" height=\"385\" srcset=\"https:\/\/labcare365.com\/wp-content\/uploads\/2023\/05\/icoLABcare365-electroquimica.png 287w, https:\/\/labcare365.com\/wp-content\/uploads\/2023\/05\/icoLABcare365-electroquimica-224x300.png 224w\" sizes=\"(max-width: 287px) 100vw, 287px\" \/><\/p><p>+ pHmetros<br \/>+ Conduct\u00edmetros\u00a0<br \/>+ Ox\u00edmetros<br \/>+ Turbid\u00edmetros<br \/>+ Mult\u00edmetros<\/p><\/div>\n\t\t\t\t\t\t\t\t\t<div class=\"elementor-tab-title elementor-tab-mobile-title\" aria-selected=\"false\" data-tab=\"7\" role=\"tab\" tabindex=\"-1\" aria-controls=\"elementor-tab-content-6447\" aria-expanded=\"false\">MOVIMIENTO<\/div>\n\t\t\t\t\t<div id=\"elementor-tab-content-6447\" class=\"elementor-tab-content elementor-clearfix\" data-tab=\"7\" role=\"tabpanel\" aria-labelledby=\"elementor-tab-title-6447\" tabindex=\"0\" hidden=\"hidden\"><p><img loading=\"lazy\" decoding=\"async\" class=\"alignleft wp-image-1742 size-full\" src=\"https:\/\/labcare365.com\/wp-content\/uploads\/2023\/05\/icoLABcare365-movimiento.png\" alt=\"\" width=\"287\" height=\"385\" srcset=\"https:\/\/labcare365.com\/wp-content\/uploads\/2023\/05\/icoLABcare365-movimiento.png 287w, https:\/\/labcare365.com\/wp-content\/uploads\/2023\/05\/icoLABcare365-movimiento-224x300.png 224w\" sizes=\"(max-width: 287px) 100vw, 287px\" \/><\/p><p>+ Agitadores magn\u00e9ticos<br \/>+ Agitadores verticales<br \/>+ Agitadores orbitales y de vaiv\u00e9n\u00a0<br \/>+ Agitador rotativo<br \/>+ Agitador 3D<br \/>+ Dispersores<br \/>+ Homogenizadores<br \/>+ Molinos y trituradoras<br \/>+ Centrifugas<\/p><\/div>\n\t\t\t\t\t\t\t\t\t<div class=\"elementor-tab-title elementor-tab-mobile-title\" aria-selected=\"false\" data-tab=\"8\" role=\"tab\" tabindex=\"-1\" aria-controls=\"elementor-tab-content-6448\" aria-expanded=\"false\">VOLUMEN<\/div>\n\t\t\t\t\t<div id=\"elementor-tab-content-6448\" class=\"elementor-tab-content elementor-clearfix\" data-tab=\"8\" role=\"tabpanel\" aria-labelledby=\"elementor-tab-title-6448\" tabindex=\"0\" hidden=\"hidden\"><p><img loading=\"lazy\" decoding=\"async\" class=\"alignleft wp-image-1748 size-full\" src=\"https:\/\/labcare365.com\/wp-content\/uploads\/2023\/05\/icoLABcare365-volumen.png\" alt=\"\" width=\"287\" height=\"385\" srcset=\"https:\/\/labcare365.com\/wp-content\/uploads\/2023\/05\/icoLABcare365-volumen.png 287w, https:\/\/labcare365.com\/wp-content\/uploads\/2023\/05\/icoLABcare365-volumen-224x300.png 224w\" sizes=\"(max-width: 287px) 100vw, 287px\" \/><\/p><p>+ Micropipetas<br \/>+ Dosificadores\u00a0<br \/>+ Bombas perist\u00e1lticas<br \/>+ Diluidores gravim\u00e9tricos<br \/>+ Purificadores de agua<br \/>+ Analizador de actividad del agua<\/p><\/div>\n\t\t\t\t\t\t\t\t\t<div class=\"elementor-tab-title elementor-tab-mobile-title\" aria-selected=\"false\" data-tab=\"9\" role=\"tab\" tabindex=\"-1\" aria-controls=\"elementor-tab-content-6449\" aria-expanded=\"false\">VAC\u00cdO<\/div>\n\t\t\t\t\t<div id=\"elementor-tab-content-6449\" class=\"elementor-tab-content elementor-clearfix\" data-tab=\"9\" role=\"tabpanel\" aria-labelledby=\"elementor-tab-title-6449\" tabindex=\"0\" hidden=\"hidden\"><p><img loading=\"lazy\" decoding=\"async\" class=\"alignleft wp-image-1745 size-full\" src=\"https:\/\/labcare365.com\/wp-content\/uploads\/2023\/05\/icoLABcare365-vacio.png\" alt=\"\" width=\"287\" height=\"385\" srcset=\"https:\/\/labcare365.com\/wp-content\/uploads\/2023\/05\/icoLABcare365-vacio.png 287w, https:\/\/labcare365.com\/wp-content\/uploads\/2023\/05\/icoLABcare365-vacio-224x300.png 224w\" sizes=\"(max-width: 287px) 100vw, 287px\" \/><\/p><p>+ Bombas de membrana<br \/>+ Bombas de aceite<br \/>+ Estufas de vac\u00edo<\/p><\/div>\n\t\t\t\t\t\t\t\t\t<div class=\"elementor-tab-title elementor-tab-mobile-title\" aria-selected=\"false\" data-tab=\"10\" role=\"tab\" tabindex=\"-1\" aria-controls=\"elementor-tab-content-64410\" aria-expanded=\"false\">AIRE-PRESI\u00d3N<\/div>\n\t\t\t\t\t<div id=\"elementor-tab-content-64410\" class=\"elementor-tab-content elementor-clearfix\" data-tab=\"10\" role=\"tabpanel\" aria-labelledby=\"elementor-tab-title-64410\" tabindex=\"0\" hidden=\"hidden\"><p><img loading=\"lazy\" decoding=\"async\" class=\"alignleft wp-image-1721 size-full\" src=\"https:\/\/labcare365.com\/wp-content\/uploads\/2023\/05\/icoLABcare365-aire.png\" alt=\"\" width=\"287\" height=\"385\" srcset=\"https:\/\/labcare365.com\/wp-content\/uploads\/2023\/05\/icoLABcare365-aire.png 287w, https:\/\/labcare365.com\/wp-content\/uploads\/2023\/05\/icoLABcare365-aire-224x300.png 224w\" sizes=\"(max-width: 287px) 100vw, 287px\" \/><\/p><p>+ Anem\u00f3metros<br \/>+ Aspiradores<br \/>+ Vitrinas de gases<br \/>+ Cabinas de flujo laminar<br \/>+ Cabinas de seguridad biol\u00f3gica<\/p><\/div>\n\t\t\t\t\t\t\t\t\t<div class=\"elementor-tab-title elementor-tab-mobile-title\" aria-selected=\"false\" data-tab=\"11\" role=\"tab\" tabindex=\"-1\" aria-controls=\"elementor-tab-content-64411\" aria-expanded=\"false\">LUZ-\u00d3PTICA<\/div>\n\t\t\t\t\t<div id=\"elementor-tab-content-64411\" class=\"elementor-tab-content elementor-clearfix\" data-tab=\"11\" role=\"tabpanel\" aria-labelledby=\"elementor-tab-title-64411\" tabindex=\"0\" hidden=\"hidden\"><p><img loading=\"lazy\" decoding=\"async\" class=\"alignleft wp-image-1736 size-full\" src=\"https:\/\/labcare365.com\/wp-content\/uploads\/2023\/05\/icoLABcare365-luz.png\" alt=\"\" width=\"287\" height=\"385\" srcset=\"https:\/\/labcare365.com\/wp-content\/uploads\/2023\/05\/icoLABcare365-luz.png 287w, https:\/\/labcare365.com\/wp-content\/uploads\/2023\/05\/icoLABcare365-luz-224x300.png 224w\" sizes=\"(max-width: 287px) 100vw, 287px\" \/><\/p><p>+ Lectores de placas<br \/>+ Medidores de color<br \/>+ Fot\u00f3metros<br \/>+ Espectrofot\u00f3metros<br \/>+ Lumin\u00f3metros<br \/>+ Lux\u00f3metros<br \/>+ Refract\u00f3metros<br \/>+ Polar\u00edmetros<br \/>+ Microscopios<br \/>+ Esteroscopios<br \/>+ Contadores de colonias<\/p><\/div>\n\t\t\t\t\t\t\t<\/div>\n\t\t<\/div>\n\t\t\t\t\t\t<\/div>\n\t\t\t\t<\/div>\n\t\t\t\t\t<\/div>\n\t\t<\/div>\n\t\t\t\t\t<\/div>\n\t\t<\/section>\n\t\t\t\t<\/div>\n\t\t","protected":false},"excerpt":{"rendered":"<p>> CALOR FR\u00cdO MASA HUMEDAD ELECTROQU\u00cdMICA MOVIMIENTO VOLUMEN VAC\u00cdO AIRE-PRESI\u00d3N LUZ-\u00d3PTICA > CALOR + Agitadores magn\u00e9ticos con calefacci\u00f3n+ Kjeldahl, dumas y otros digestores+ Ba\u00f1os de agua+ Ba\u00f1os de ultrasonidos+ Ba\u00f1os de circulaci\u00f3n+ Extractores+ Hornos mufla+ Estufas de secado+ Estufas de vac\u00edo+ Estufas de incubaci\u00f3n+ Mantas+ Reactores+ C\u00e1maras clim\u00e1ticas+ Equipos de punto de fusi\u00f3n+ Evaporadores rotativos+ [&hellip;]<\/p>\n","protected":false},"author":1,"featured_media":0,"parent":0,"menu_order":0,"comment_status":"closed","ping_status":"closed","template":"","meta":{"footnotes":""},"class_list":["post-442","page","type-page","status-publish","hentry"],"yoast_head":"<!-- This site is optimized with the Yoast SEO plugin v26.6 - https:\/\/yoast.com\/wordpress\/plugins\/seo\/ -->\n<title>\u00bfCon qu\u00e9 trabajamos? - Lab Care 365 S.L.<\/title>\n<meta name=\"description\" content=\"Trabajamos con equipos de Calor, Fr\u00edo, Masa, Humedad, Electroqu\u00edmica, Movimiento, Volumen, Vac\u00edo, Aire-presi\u00f3n, Luz-\u00f3ptica.\" \/>\n<meta name=\"robots\" content=\"index, follow, max-snippet:-1, max-image-preview:large, max-video-preview:-1\" \/>\n<link rel=\"canonical\" href=\"https:\/\/labcare365.com\/?page_id=442\" \/>\n<meta property=\"og:locale\" content=\"es_ES\" \/>\n<meta property=\"og:type\" content=\"article\" \/>\n<meta property=\"og:title\" content=\"\u00bfCon qu\u00e9 trabajamos? - Lab Care 365 S.L.\" \/>\n<meta property=\"og:description\" content=\"Trabajamos con equipos de Calor, Fr\u00edo, Masa, Humedad, Electroqu\u00edmica, Movimiento, Volumen, Vac\u00edo, Aire-presi\u00f3n, Luz-\u00f3ptica.\" \/>\n<meta property=\"og:url\" content=\"https:\/\/labcare365.com\/?page_id=442\" \/>\n<meta property=\"og:site_name\" content=\"Lab Care 365 S.L.\" \/>\n<meta property=\"article:publisher\" content=\"https:\/\/www.facebook.com\/profile.php?id=100082110493705\" \/>\n<meta property=\"article:modified_time\" content=\"2026-02-27T14:37:43+00:00\" \/>\n<meta property=\"og:image\" content=\"https:\/\/labcare365.com\/wp-content\/uploads\/2026\/02\/proLABcare365-2.png\" \/>\n\t<meta property=\"og:image:width\" content=\"1078\" \/>\n\t<meta property=\"og:image:height\" content=\"626\" \/>\n\t<meta property=\"og:image:type\" content=\"image\/png\" \/>\n<meta name=\"twitter:card\" content=\"summary_large_image\" \/>\n<meta name=\"twitter:label1\" content=\"Tiempo de lectura\" \/>\n\t<meta name=\"twitter:data1\" content=\"3 minutos\" \/>\n<script type=\"application\/ld+json\" class=\"yoast-schema-graph\">{\"@context\":\"https:\/\/schema.org\",\"@graph\":[{\"@type\":\"WebPage\",\"@id\":\"https:\/\/labcare365.com\/?page_id=442\",\"url\":\"https:\/\/labcare365.com\/?page_id=442\",\"name\":\"\u00bfCon qu\u00e9 trabajamos? - Lab Care 365 S.L.\",\"isPartOf\":{\"@id\":\"https:\/\/labcare365.com\/#website\"},\"primaryImageOfPage\":{\"@id\":\"https:\/\/labcare365.com\/?page_id=442#primaryimage\"},\"image\":{\"@id\":\"https:\/\/labcare365.com\/?page_id=442#primaryimage\"},\"thumbnailUrl\":\"https:\/\/labcare365.com\/wp-content\/uploads\/2026\/02\/proLABcare365-2.png\",\"datePublished\":\"2022-03-03T12:34:00+00:00\",\"dateModified\":\"2026-02-27T14:37:43+00:00\",\"description\":\"Trabajamos con equipos de Calor, Fr\u00edo, Masa, Humedad, Electroqu\u00edmica, Movimiento, Volumen, Vac\u00edo, Aire-presi\u00f3n, Luz-\u00f3ptica.\",\"breadcrumb\":{\"@id\":\"https:\/\/labcare365.com\/?page_id=442#breadcrumb\"},\"inLanguage\":\"es\",\"potentialAction\":[{\"@type\":\"ReadAction\",\"target\":[\"https:\/\/labcare365.com\/?page_id=442\"]}]},{\"@type\":\"ImageObject\",\"inLanguage\":\"es\",\"@id\":\"https:\/\/labcare365.com\/?page_id=442#primaryimage\",\"url\":\"https:\/\/labcare365.com\/wp-content\/uploads\/2026\/02\/proLABcare365-2.png\",\"contentUrl\":\"https:\/\/labcare365.com\/wp-content\/uploads\/2026\/02\/proLABcare365-2.png\",\"width\":1078,\"height\":626},{\"@type\":\"BreadcrumbList\",\"@id\":\"https:\/\/labcare365.com\/?page_id=442#breadcrumb\",\"itemListElement\":[{\"@type\":\"ListItem\",\"position\":1,\"name\":\"Portada\",\"item\":\"https:\/\/labcare365.com\/\"},{\"@type\":\"ListItem\",\"position\":2,\"name\":\"\u00bfCon qu\u00e9 trabajamos?\"}]},{\"@type\":\"WebSite\",\"@id\":\"https:\/\/labcare365.com\/#website\",\"url\":\"https:\/\/labcare365.com\/\",\"name\":\"labcare365.com\",\"description\":\"Lab Care 365 S.L. - Servicio t\u00e9cnico de laboratorio\",\"publisher\":{\"@id\":\"https:\/\/labcare365.com\/#organization\"},\"potentialAction\":[{\"@type\":\"SearchAction\",\"target\":{\"@type\":\"EntryPoint\",\"urlTemplate\":\"https:\/\/labcare365.com\/?s={search_term_string}\"},\"query-input\":{\"@type\":\"PropertyValueSpecification\",\"valueRequired\":true,\"valueName\":\"search_term_string\"}}],\"inLanguage\":\"es\"},{\"@type\":\"Organization\",\"@id\":\"https:\/\/labcare365.com\/#organization\",\"name\":\"labcare 365 s.l.\",\"alternateName\":\"Servicio t\u00e9cnico de laboratorio\",\"url\":\"https:\/\/labcare365.com\/\",\"logo\":{\"@type\":\"ImageObject\",\"inLanguage\":\"es\",\"@id\":\"https:\/\/labcare365.com\/#\/schema\/logo\/image\/\",\"url\":\"https:\/\/labcare365.com\/wp-content\/uploads\/2023\/05\/cropped-icoLABcare365.png\",\"contentUrl\":\"https:\/\/labcare365.com\/wp-content\/uploads\/2023\/05\/cropped-icoLABcare365.png\",\"width\":512,\"height\":512,\"caption\":\"labcare 365 s.l.\"},\"image\":{\"@id\":\"https:\/\/labcare365.com\/#\/schema\/logo\/image\/\"},\"sameAs\":[\"https:\/\/www.facebook.com\/profile.php?id=100082110493705\",\"https:\/\/www.linkedin.com\/company\/labcare365\/\"]}]}<\/script>\n<!-- \/ Yoast SEO plugin. -->","yoast_head_json":{"title":"\u00bfCon qu\u00e9 trabajamos? - Lab Care 365 S.L.","description":"Trabajamos con equipos de Calor, Fr\u00edo, Masa, Humedad, Electroqu\u00edmica, Movimiento, Volumen, Vac\u00edo, Aire-presi\u00f3n, Luz-\u00f3ptica.","robots":{"index":"index","follow":"follow","max-snippet":"max-snippet:-1","max-image-preview":"max-image-preview:large","max-video-preview":"max-video-preview:-1"},"canonical":"https:\/\/labcare365.com\/?page_id=442","og_locale":"es_ES","og_type":"article","og_title":"\u00bfCon qu\u00e9 trabajamos? - Lab Care 365 S.L.","og_description":"Trabajamos con equipos de Calor, Fr\u00edo, Masa, Humedad, Electroqu\u00edmica, Movimiento, Volumen, Vac\u00edo, Aire-presi\u00f3n, Luz-\u00f3ptica.","og_url":"https:\/\/labcare365.com\/?page_id=442","og_site_name":"Lab Care 365 S.L.","article_publisher":"https:\/\/www.facebook.com\/profile.php?id=100082110493705","article_modified_time":"2026-02-27T14:37:43+00:00","og_image":[{"width":1078,"height":626,"url":"https:\/\/labcare365.com\/wp-content\/uploads\/2026\/02\/proLABcare365-2.png","type":"image\/png"}],"twitter_card":"summary_large_image","twitter_misc":{"Tiempo de lectura":"3 minutos"},"schema":{"@context":"https:\/\/schema.org","@graph":[{"@type":"WebPage","@id":"https:\/\/labcare365.com\/?page_id=442","url":"https:\/\/labcare365.com\/?page_id=442","name":"\u00bfCon qu\u00e9 trabajamos? - Lab Care 365 S.L.","isPartOf":{"@id":"https:\/\/labcare365.com\/#website"},"primaryImageOfPage":{"@id":"https:\/\/labcare365.com\/?page_id=442#primaryimage"},"image":{"@id":"https:\/\/labcare365.com\/?page_id=442#primaryimage"},"thumbnailUrl":"https:\/\/labcare365.com\/wp-content\/uploads\/2026\/02\/proLABcare365-2.png","datePublished":"2022-03-03T12:34:00+00:00","dateModified":"2026-02-27T14:37:43+00:00","description":"Trabajamos con equipos de Calor, Fr\u00edo, Masa, Humedad, Electroqu\u00edmica, Movimiento, Volumen, Vac\u00edo, Aire-presi\u00f3n, Luz-\u00f3ptica.","breadcrumb":{"@id":"https:\/\/labcare365.com\/?page_id=442#breadcrumb"},"inLanguage":"es","potentialAction":[{"@type":"ReadAction","target":["https:\/\/labcare365.com\/?page_id=442"]}]},{"@type":"ImageObject","inLanguage":"es","@id":"https:\/\/labcare365.com\/?page_id=442#primaryimage","url":"https:\/\/labcare365.com\/wp-content\/uploads\/2026\/02\/proLABcare365-2.png","contentUrl":"https:\/\/labcare365.com\/wp-content\/uploads\/2026\/02\/proLABcare365-2.png","width":1078,"height":626},{"@type":"BreadcrumbList","@id":"https:\/\/labcare365.com\/?page_id=442#breadcrumb","itemListElement":[{"@type":"ListItem","position":1,"name":"Portada","item":"https:\/\/labcare365.com\/"},{"@type":"ListItem","position":2,"name":"\u00bfCon qu\u00e9 trabajamos?"}]},{"@type":"WebSite","@id":"https:\/\/labcare365.com\/#website","url":"https:\/\/labcare365.com\/","name":"labcare365.com","description":"Lab Care 365 S.L. - Servicio t\u00e9cnico de laboratorio","publisher":{"@id":"https:\/\/labcare365.com\/#organization"},"potentialAction":[{"@type":"SearchAction","target":{"@type":"EntryPoint","urlTemplate":"https:\/\/labcare365.com\/?s={search_term_string}"},"query-input":{"@type":"PropertyValueSpecification","valueRequired":true,"valueName":"search_term_string"}}],"inLanguage":"es"},{"@type":"Organization","@id":"https:\/\/labcare365.com\/#organization","name":"labcare 365 s.l.","alternateName":"Servicio t\u00e9cnico de laboratorio","url":"https:\/\/labcare365.com\/","logo":{"@type":"ImageObject","inLanguage":"es","@id":"https:\/\/labcare365.com\/#\/schema\/logo\/image\/","url":"https:\/\/labcare365.com\/wp-content\/uploads\/2023\/05\/cropped-icoLABcare365.png","contentUrl":"https:\/\/labcare365.com\/wp-content\/uploads\/2023\/05\/cropped-icoLABcare365.png","width":512,"height":512,"caption":"labcare 365 s.l."},"image":{"@id":"https:\/\/labcare365.com\/#\/schema\/logo\/image\/"},"sameAs":["https:\/\/www.facebook.com\/profile.php?id=100082110493705","https:\/\/www.linkedin.com\/company\/labcare365\/"]}]}},"_links":{"self":[{"href":"https:\/\/labcare365.com\/index.php?rest_route=\/wp\/v2\/pages\/442","targetHints":{"allow":["GET"]}}],"collection":[{"href":"https:\/\/labcare365.com\/index.php?rest_route=\/wp\/v2\/pages"}],"about":[{"href":"https:\/\/labcare365.com\/index.php?rest_route=\/wp\/v2\/types\/page"}],"author":[{"embeddable":true,"href":"https:\/\/labcare365.com\/index.php?rest_route=\/wp\/v2\/users\/1"}],"replies":[{"embeddable":true,"href":"https:\/\/labcare365.com\/index.php?rest_route=%2Fwp%2Fv2%2Fcomments&post=442"}],"version-history":[{"count":34,"href":"https:\/\/labcare365.com\/index.php?rest_route=\/wp\/v2\/pages\/442\/revisions"}],"predecessor-version":[{"id":5464,"href":"https:\/\/labcare365.com\/index.php?rest_route=\/wp\/v2\/pages\/442\/revisions\/5464"}],"wp:attachment":[{"href":"https:\/\/labcare365.com\/index.php?rest_route=%2Fwp%2Fv2%2Fmedia&parent=442"}],"curies":[{"name":"wp","href":"https:\/\/api.w.org\/{rel}","templated":true}]}}