{"id":338,"date":"2022-03-03T09:52:58","date_gmt":"2022-03-03T09:52:58","guid":{"rendered":"https:\/\/www.labcare365.com\/?page_id=338"},"modified":"2024-11-21T13:02:09","modified_gmt":"2024-11-21T13:02:09","slug":"info-servicios-generales","status":"publish","type":"page","link":"https:\/\/labcare365.com\/?page_id=338","title":{"rendered":"+info | wES"},"content":{"rendered":"\t\t<div data-elementor-type=\"wp-page\" data-elementor-id=\"338\" class=\"elementor elementor-338\">\n\t\t\t\t\t\t<section class=\"elementor-section elementor-top-section elementor-element elementor-element-ccd016a elementor-section-full_width elementor-section-height-default elementor-section-height-default\" data-id=\"ccd016a\" data-element_type=\"section\">\n\t\t\t\t\t\t<div class=\"elementor-container elementor-column-gap-default\">\n\t\t\t\t\t<div class=\"elementor-column elementor-col-100 elementor-top-column elementor-element elementor-element-c439310\" data-id=\"c439310\" data-element_type=\"column\">\n\t\t\t<div class=\"elementor-widget-wrap elementor-element-populated\">\n\t\t\t\t\t\t<div class=\"elementor-element elementor-element-1da08e1 elementor-position-top elementor-invisible elementor-widget elementor-widget-image-box\" data-id=\"1da08e1\" data-element_type=\"widget\" data-settings=\"{&quot;_animation&quot;:&quot;fadeIn&quot;,&quot;_animation_delay&quot;:5}\" data-widget_type=\"image-box.default\">\n\t\t\t\t<div class=\"elementor-widget-container\">\n\t\t\t\t\t<div class=\"elementor-image-box-wrapper\"><figure class=\"elementor-image-box-img\"><img decoding=\"async\" width=\"150\" height=\"150\" src=\"https:\/\/labcare365.com\/wp-content\/uploads\/2024\/09\/LC3365-1-150x150.png\" class=\"attachment-thumbnail size-thumbnail wp-image-3198\" alt=\"\" \/><\/figure><div class=\"elementor-image-box-content\"><h3 class=\"elementor-image-box-title\">Si tienes un laboratorio en tus instalaciones  o eres una empresa fabricante de equipos,  d\u00e9janos tus datos y te contactamos.<\/h3><\/div><\/div>\t\t\t\t<\/div>\n\t\t\t\t<\/div>\n\t\t\t\t<div class=\"elementor-element elementor-element-1bb2673 elementor-widget elementor-widget-wpforms\" data-id=\"1bb2673\" data-element_type=\"widget\" data-widget_type=\"wpforms.default\">\n\t\t\t\t<div class=\"elementor-widget-container\">\n\t\t\t\t\t<div class=\"wpforms-container wpforms-container-full wpforms-render-modern\" id=\"wpforms-3514\"><form id=\"wpforms-form-3514\" class=\"wpforms-validate wpforms-form wpforms-ajax-form\" data-formid=\"3514\" method=\"post\" enctype=\"multipart\/form-data\" action=\"\/index.php?rest_route=%2Fwp%2Fv2%2Fpages%2F338\" data-token=\"9a61b03eae54be416b2481dd4871a7c6\" data-token-time=\"1776604700\"><noscript class=\"wpforms-error-noscript\">Por favor, activa JavaScript en tu navegador para completar este formulario.<\/noscript><div id=\"wpforms-error-noscript\" style=\"display: none;\">Por favor, activa JavaScript en tu navegador para completar este formulario.<\/div><div class=\"wpforms-field-container\"><div id=\"wpforms-3514-field_3-container\" class=\"wpforms-field wpforms-field-name\" data-field-id=\"3\"><fieldset><legend class=\"wpforms-field-label\">Nombre <span class=\"wpforms-required-label\" aria-hidden=\"true\">*<\/span><\/legend><div class=\"wpforms-field-row wpforms-field-medium\"><div class=\"wpforms-field-row-block wpforms-first wpforms-one-half\"><input type=\"text\" id=\"wpforms-3514-field_3\" class=\"wpforms-field-name-first wpforms-field-required\" name=\"wpforms[fields][3][first]\" aria-errormessage=\"wpforms-3514-field_3-error\" required><label for=\"wpforms-3514-field_3\" class=\"wpforms-field-sublabel after\">Nombre<\/label><\/div><div class=\"wpforms-field-row-block wpforms-one-half\"><input type=\"text\" id=\"wpforms-3514-field_3-last\" class=\"wpforms-field-name-last wpforms-field-required\" name=\"wpforms[fields][3][last]\" aria-errormessage=\"wpforms-3514-field_3-last-error\" required><label for=\"wpforms-3514-field_3-last\" class=\"wpforms-field-sublabel after\">Apellidos<\/label><\/div><\/div><\/fieldset><\/div><div id=\"wpforms-3514-field_5-container\" class=\"wpforms-field wpforms-field-name\" data-field-id=\"5\"><label class=\"wpforms-field-label\" for=\"wpforms-3514-field_5\">Empresa<\/label><input type=\"text\" id=\"wpforms-3514-field_5\" class=\"wpforms-field-medium\" name=\"wpforms[fields][5]\" aria-errormessage=\"wpforms-3514-field_5-error\" ><\/div><div id=\"wpforms-3514-field_35-container\" class=\"wpforms-field wpforms-field-email\" data-field-id=\"35\"><label class=\"wpforms-field-label\" for=\"wpforms-3514-field_35\">Correo electr\u00f3nico <span class=\"wpforms-required-label\" aria-hidden=\"true\">*<\/span><\/label><input type=\"email\" id=\"wpforms-3514-field_35\" class=\"wpforms-field-medium wpforms-field-required\" name=\"wpforms[fields][35]\" spellcheck=\"false\" aria-errormessage=\"wpforms-3514-field_35-error\" required><\/div><div id=\"wpforms-3514-field_37-container\" class=\"wpforms-field wpforms-field-number\" data-field-id=\"37\"><label class=\"wpforms-field-label\" for=\"wpforms-3514-field_37\">Tel\u00e9fono<\/label><input type=\"number\" id=\"wpforms-3514-field_37\" class=\"wpforms-field-medium\" name=\"wpforms[fields][37]\" step=\"any\" aria-errormessage=\"wpforms-3514-field_37-error\" ><\/div><div id=\"wpforms-3514-field_31-container\" class=\"wpforms-field wpforms-field-textarea\" data-field-id=\"31\"><label class=\"wpforms-field-label\" for=\"wpforms-3514-field_31\">Mensaje <span class=\"wpforms-required-label\" aria-hidden=\"true\">*<\/span><\/label><textarea id=\"wpforms-3514-field_31\" class=\"wpforms-field-medium wpforms-field-required\" name=\"wpforms[fields][31]\" aria-errormessage=\"wpforms-3514-field_31-error\" required><\/textarea><\/div><\/div><!-- .wpforms-field-container --><div class=\"wpforms-recaptcha-container wpforms-is-recaptcha wpforms-is-recaptcha-type-v2\" ><div class=\"g-recaptcha\" data-sitekey=\"6LedGzwnAAAAAKclZUCBGfTdtGUkQPJ5GMNHSKkz\"><\/div><input type=\"text\" name=\"g-recaptcha-hidden\" class=\"wpforms-recaptcha-hidden\" style=\"position:absolute!important;clip:rect(0,0,0,0)!important;height:1px!important;width:1px!important;border:0!important;overflow:hidden!important;padding:0!important;margin:0!important;\" data-rule-recaptcha=\"1\"><\/div><div class=\"wpforms-submit-container\" ><input type=\"hidden\" name=\"wpforms[id]\" value=\"3514\"><input type=\"hidden\" name=\"page_title\" value=\"\"><input type=\"hidden\" name=\"page_url\" value=\"https:\/\/labcare365.com\/index.php?rest_route=\/wp\/v2\/pages\/338\"><input type=\"hidden\" name=\"url_referer\" value=\"\"><button type=\"submit\" name=\"wpforms[submit]\" id=\"wpforms-submit-3514\" class=\"wpforms-submit\" data-alt-text=\"Enviando...\" data-submit-text=\"Enviar\" aria-live=\"assertive\" value=\"wpforms-submit\">Enviar<\/button><img decoding=\"async\" src=\"https:\/\/labcare365.com\/wp-content\/plugins\/wpforms-lite\/assets\/images\/submit-spin.svg\" class=\"wpforms-submit-spinner\" style=\"display: none;\" width=\"26\" height=\"26\" alt=\"Cargando\"><\/div><\/form><\/div>  <!-- .wpforms-container -->\t\t\t\t<\/div>\n\t\t\t\t<\/div>\n\t\t\t\t\t<\/div>\n\t\t<\/div>\n\t\t\t\t\t<\/div>\n\t\t<\/section>\n\t\t\t\t<\/div>\n\t\t","protected":false},"excerpt":{"rendered":"<p>Si tienes un laboratorio en tus instalaciones o eres una empresa fabricante de equipos, d\u00e9janos tus datos y te contactamos. Por favor, activa JavaScript en tu navegador para completar este formulario.Por favor, activa JavaScript en tu navegador para completar este formulario. Nombre * NombreApellidos EmpresaCorreo electr\u00f3nico *Tel\u00e9fonoDinos que necesitas, o si lo prefieres, ind\u00edcanos tu [&hellip;]<\/p>\n","protected":false},"author":1,"featured_media":0,"parent":0,"menu_order":0,"comment_status":"closed","ping_status":"closed","template":"","meta":{"footnotes":""},"class_list":["post-338","page","type-page","status-publish","hentry"],"yoast_head":"<!-- This site is optimized with the Yoast SEO plugin v26.6 - https:\/\/yoast.com\/wordpress\/plugins\/seo\/ -->\n<title>+info | wES - Lab Care 365 S.L.<\/title>\n<meta name=\"robots\" content=\"index, follow, max-snippet:-1, max-image-preview:large, max-video-preview:-1\" \/>\n<link rel=\"canonical\" href=\"https:\/\/labcare365.com\/?page_id=338\" \/>\n<meta property=\"og:locale\" content=\"es_ES\" \/>\n<meta property=\"og:type\" content=\"article\" \/>\n<meta property=\"og:title\" content=\"+info | wES - Lab Care 365 S.L.\" \/>\n<meta property=\"og:description\" content=\"Si tienes un laboratorio en tus instalaciones o eres una empresa fabricante de equipos, d\u00e9janos tus datos y te contactamos. Por favor, activa JavaScript en tu navegador para completar este formulario.Por favor, activa JavaScript en tu navegador para completar este formulario. Nombre * NombreApellidos EmpresaCorreo electr\u00f3nico *Tel\u00e9fonoDinos que necesitas, o si lo prefieres, ind\u00edcanos tu [&hellip;]\" \/>\n<meta property=\"og:url\" content=\"https:\/\/labcare365.com\/?page_id=338\" \/>\n<meta property=\"og:site_name\" content=\"Lab Care 365 S.L.\" \/>\n<meta property=\"article:publisher\" content=\"https:\/\/www.facebook.com\/profile.php?id=100082110493705\" \/>\n<meta property=\"article:modified_time\" content=\"2024-11-21T13:02:09+00:00\" \/>\n<meta property=\"og:image\" content=\"https:\/\/labcare365.com\/wp-content\/uploads\/2024\/09\/LC3365-1.png\" \/>\n\t<meta property=\"og:image:width\" content=\"792\" \/>\n\t<meta property=\"og:image:height\" content=\"838\" \/>\n\t<meta property=\"og:image:type\" content=\"image\/png\" \/>\n<meta name=\"twitter:card\" content=\"summary_large_image\" \/>\n<meta name=\"twitter:label1\" content=\"Tiempo de lectura\" \/>\n\t<meta name=\"twitter:data1\" content=\"1 minuto\" \/>\n<script type=\"application\/ld+json\" class=\"yoast-schema-graph\">{\"@context\":\"https:\/\/schema.org\",\"@graph\":[{\"@type\":\"WebPage\",\"@id\":\"https:\/\/labcare365.com\/?page_id=338\",\"url\":\"https:\/\/labcare365.com\/?page_id=338\",\"name\":\"+info | wES - Lab Care 365 S.L.\",\"isPartOf\":{\"@id\":\"https:\/\/labcare365.com\/#website\"},\"primaryImageOfPage\":{\"@id\":\"https:\/\/labcare365.com\/?page_id=338#primaryimage\"},\"image\":{\"@id\":\"https:\/\/labcare365.com\/?page_id=338#primaryimage\"},\"thumbnailUrl\":\"https:\/\/labcare365.com\/wp-content\/uploads\/2024\/09\/LC3365-1-150x150.png\",\"datePublished\":\"2022-03-03T09:52:58+00:00\",\"dateModified\":\"2024-11-21T13:02:09+00:00\",\"breadcrumb\":{\"@id\":\"https:\/\/labcare365.com\/?page_id=338#breadcrumb\"},\"inLanguage\":\"es\",\"potentialAction\":[{\"@type\":\"ReadAction\",\"target\":[\"https:\/\/labcare365.com\/?page_id=338\"]}]},{\"@type\":\"ImageObject\",\"inLanguage\":\"es\",\"@id\":\"https:\/\/labcare365.com\/?page_id=338#primaryimage\",\"url\":\"https:\/\/labcare365.com\/wp-content\/uploads\/2024\/09\/LC3365-1.png\",\"contentUrl\":\"https:\/\/labcare365.com\/wp-content\/uploads\/2024\/09\/LC3365-1.png\",\"width\":792,\"height\":838},{\"@type\":\"BreadcrumbList\",\"@id\":\"https:\/\/labcare365.com\/?page_id=338#breadcrumb\",\"itemListElement\":[{\"@type\":\"ListItem\",\"position\":1,\"name\":\"Portada\",\"item\":\"https:\/\/labcare365.com\/\"},{\"@type\":\"ListItem\",\"position\":2,\"name\":\"+info | wES\"}]},{\"@type\":\"WebSite\",\"@id\":\"https:\/\/labcare365.com\/#website\",\"url\":\"https:\/\/labcare365.com\/\",\"name\":\"labcare365.com\",\"description\":\"Lab Care 365 S.L. - Servicio t\u00e9cnico de laboratorio\",\"publisher\":{\"@id\":\"https:\/\/labcare365.com\/#organization\"},\"potentialAction\":[{\"@type\":\"SearchAction\",\"target\":{\"@type\":\"EntryPoint\",\"urlTemplate\":\"https:\/\/labcare365.com\/?s={search_term_string}\"},\"query-input\":{\"@type\":\"PropertyValueSpecification\",\"valueRequired\":true,\"valueName\":\"search_term_string\"}}],\"inLanguage\":\"es\"},{\"@type\":\"Organization\",\"@id\":\"https:\/\/labcare365.com\/#organization\",\"name\":\"labcare 365 s.l.\",\"alternateName\":\"Servicio t\u00e9cnico de laboratorio\",\"url\":\"https:\/\/labcare365.com\/\",\"logo\":{\"@type\":\"ImageObject\",\"inLanguage\":\"es\",\"@id\":\"https:\/\/labcare365.com\/#\/schema\/logo\/image\/\",\"url\":\"https:\/\/labcare365.com\/wp-content\/uploads\/2023\/05\/cropped-icoLABcare365.png\",\"contentUrl\":\"https:\/\/labcare365.com\/wp-content\/uploads\/2023\/05\/cropped-icoLABcare365.png\",\"width\":512,\"height\":512,\"caption\":\"labcare 365 s.l.\"},\"image\":{\"@id\":\"https:\/\/labcare365.com\/#\/schema\/logo\/image\/\"},\"sameAs\":[\"https:\/\/www.facebook.com\/profile.php?id=100082110493705\",\"https:\/\/www.linkedin.com\/company\/labcare365\/\"]}]}<\/script>\n<!-- \/ Yoast SEO plugin. -->","yoast_head_json":{"title":"+info | wES - Lab Care 365 S.L.","robots":{"index":"index","follow":"follow","max-snippet":"max-snippet:-1","max-image-preview":"max-image-preview:large","max-video-preview":"max-video-preview:-1"},"canonical":"https:\/\/labcare365.com\/?page_id=338","og_locale":"es_ES","og_type":"article","og_title":"+info | wES - Lab Care 365 S.L.","og_description":"Si tienes un laboratorio en tus instalaciones o eres una empresa fabricante de equipos, d\u00e9janos tus datos y te contactamos. Por favor, activa JavaScript en tu navegador para completar este formulario.Por favor, activa JavaScript en tu navegador para completar este formulario. Nombre * NombreApellidos EmpresaCorreo electr\u00f3nico *Tel\u00e9fonoDinos que necesitas, o si lo prefieres, ind\u00edcanos tu [&hellip;]","og_url":"https:\/\/labcare365.com\/?page_id=338","og_site_name":"Lab Care 365 S.L.","article_publisher":"https:\/\/www.facebook.com\/profile.php?id=100082110493705","article_modified_time":"2024-11-21T13:02:09+00:00","og_image":[{"width":792,"height":838,"url":"https:\/\/labcare365.com\/wp-content\/uploads\/2024\/09\/LC3365-1.png","type":"image\/png"}],"twitter_card":"summary_large_image","twitter_misc":{"Tiempo de lectura":"1 minuto"},"schema":{"@context":"https:\/\/schema.org","@graph":[{"@type":"WebPage","@id":"https:\/\/labcare365.com\/?page_id=338","url":"https:\/\/labcare365.com\/?page_id=338","name":"+info | wES - Lab Care 365 S.L.","isPartOf":{"@id":"https:\/\/labcare365.com\/#website"},"primaryImageOfPage":{"@id":"https:\/\/labcare365.com\/?page_id=338#primaryimage"},"image":{"@id":"https:\/\/labcare365.com\/?page_id=338#primaryimage"},"thumbnailUrl":"https:\/\/labcare365.com\/wp-content\/uploads\/2024\/09\/LC3365-1-150x150.png","datePublished":"2022-03-03T09:52:58+00:00","dateModified":"2024-11-21T13:02:09+00:00","breadcrumb":{"@id":"https:\/\/labcare365.com\/?page_id=338#breadcrumb"},"inLanguage":"es","potentialAction":[{"@type":"ReadAction","target":["https:\/\/labcare365.com\/?page_id=338"]}]},{"@type":"ImageObject","inLanguage":"es","@id":"https:\/\/labcare365.com\/?page_id=338#primaryimage","url":"https:\/\/labcare365.com\/wp-content\/uploads\/2024\/09\/LC3365-1.png","contentUrl":"https:\/\/labcare365.com\/wp-content\/uploads\/2024\/09\/LC3365-1.png","width":792,"height":838},{"@type":"BreadcrumbList","@id":"https:\/\/labcare365.com\/?page_id=338#breadcrumb","itemListElement":[{"@type":"ListItem","position":1,"name":"Portada","item":"https:\/\/labcare365.com\/"},{"@type":"ListItem","position":2,"name":"+info | wES"}]},{"@type":"WebSite","@id":"https:\/\/labcare365.com\/#website","url":"https:\/\/labcare365.com\/","name":"labcare365.com","description":"Lab Care 365 S.L. - Servicio t\u00e9cnico de laboratorio","publisher":{"@id":"https:\/\/labcare365.com\/#organization"},"potentialAction":[{"@type":"SearchAction","target":{"@type":"EntryPoint","urlTemplate":"https:\/\/labcare365.com\/?s={search_term_string}"},"query-input":{"@type":"PropertyValueSpecification","valueRequired":true,"valueName":"search_term_string"}}],"inLanguage":"es"},{"@type":"Organization","@id":"https:\/\/labcare365.com\/#organization","name":"labcare 365 s.l.","alternateName":"Servicio t\u00e9cnico de laboratorio","url":"https:\/\/labcare365.com\/","logo":{"@type":"ImageObject","inLanguage":"es","@id":"https:\/\/labcare365.com\/#\/schema\/logo\/image\/","url":"https:\/\/labcare365.com\/wp-content\/uploads\/2023\/05\/cropped-icoLABcare365.png","contentUrl":"https:\/\/labcare365.com\/wp-content\/uploads\/2023\/05\/cropped-icoLABcare365.png","width":512,"height":512,"caption":"labcare 365 s.l."},"image":{"@id":"https:\/\/labcare365.com\/#\/schema\/logo\/image\/"},"sameAs":["https:\/\/www.facebook.com\/profile.php?id=100082110493705","https:\/\/www.linkedin.com\/company\/labcare365\/"]}]}},"_links":{"self":[{"href":"https:\/\/labcare365.com\/index.php?rest_route=\/wp\/v2\/pages\/338","targetHints":{"allow":["GET"]}}],"collection":[{"href":"https:\/\/labcare365.com\/index.php?rest_route=\/wp\/v2\/pages"}],"about":[{"href":"https:\/\/labcare365.com\/index.php?rest_route=\/wp\/v2\/types\/page"}],"author":[{"embeddable":true,"href":"https:\/\/labcare365.com\/index.php?rest_route=\/wp\/v2\/users\/1"}],"replies":[{"embeddable":true,"href":"https:\/\/labcare365.com\/index.php?rest_route=%2Fwp%2Fv2%2Fcomments&post=338"}],"version-history":[{"count":8,"href":"https:\/\/labcare365.com\/index.php?rest_route=\/wp\/v2\/pages\/338\/revisions"}],"predecessor-version":[{"id":3564,"href":"https:\/\/labcare365.com\/index.php?rest_route=\/wp\/v2\/pages\/338\/revisions\/3564"}],"wp:attachment":[{"href":"https:\/\/labcare365.com\/index.php?rest_route=%2Fwp%2Fv2%2Fmedia&parent=338"}],"curies":[{"name":"wp","href":"https:\/\/api.w.org\/{rel}","templated":true}]}}