{"id":3325,"date":"2024-09-27T08:48:51","date_gmt":"2024-09-27T08:48:51","guid":{"rendered":"https:\/\/labcare365.com\/?page_id=3325"},"modified":"2025-06-23T12:12:55","modified_gmt":"2025-06-23T12:12:55","slug":"mision-vision","status":"publish","type":"page","link":"https:\/\/labcare365.com\/?page_id=3325","title":{"rendered":"Misi\u00f3n | Visi\u00f3n"},"content":{"rendered":"\t\t<div data-elementor-type=\"wp-page\" data-elementor-id=\"3325\" class=\"elementor elementor-3325\">\n\t\t\t\t\t\t<section class=\"elementor-section elementor-top-section elementor-element elementor-element-2740e52 elementor-section-boxed elementor-section-height-default elementor-section-height-default\" data-id=\"2740e52\" data-element_type=\"section\">\n\t\t\t\t\t\t<div class=\"elementor-container elementor-column-gap-default\">\n\t\t\t\t\t<div class=\"elementor-column elementor-col-100 elementor-top-column elementor-element elementor-element-1a80693\" data-id=\"1a80693\" data-element_type=\"column\">\n\t\t\t<div class=\"elementor-widget-wrap elementor-element-populated\">\n\t\t\t\t\t\t<div class=\"elementor-element elementor-element-5771fed elementor-widget elementor-widget-text-editor\" data-id=\"5771fed\" data-element_type=\"widget\" data-widget_type=\"text-editor.default\">\n\t\t\t\t<div class=\"elementor-widget-container\">\n\t\t\t\t\t\t\t\t\t<h3>Misi\u00f3n<\/h3><p>Prestar un servicio de asistencia t\u00e9cnica ESPEC\u00cdFICO, ADAPTADO y de PROXIMIDAD para laboratorios y espacios de investigaci\u00f3n\u2026<\/p><ul><li>con PERSONAL T\u00c9CNICO de alta cualificaci\u00f3n, homologado y con gran experiencia profesional en distintos sectores y fabricantes de equipos de laboratorio;<\/li><li>estableciendo NUEVAS FORMAS DE CONEXI\u00d3N Y TRABAJO CON NUESTRA CLIENTELA a trav\u00e9s de acuerdos y marcos de colaboraci\u00f3n conjuntos para generar sinergias;<\/li><li>aportando RESPUESTAS Y SOLUCIONES \u00c1GILES Y A MEDIDA, para un correcto uso del equipamiento y la prevenci\u00f3n de posibles problemas futuros;<\/li><li>tratando a la clientela de una forma personalizada, haciendo QUE SU COMPROMISO SEA NUESTRO COMPROMISO.<\/li><\/ul><p>En definitiva, nuestra misi\u00f3n es: CUIDAR DE TU LABORATORIO LOS 365 D\u00cdAS DEL A\u00d1O.<\/p><p>\u00a0<\/p><h3>Visi\u00f3n<\/h3><p>Ser identificado como un servicio referente de calidad, sostenibilidad y profesionalidad para el sector cient\u00edfico porque\u2026<\/p><ul><li>Somos una organizaci\u00f3n comprometida con la sostenibilidad medioambiental; destacamos como una de las empresas pioneras en no usar nada de papel en todos sus procesos (empresa paperless), siendo as\u00ed m\u00e1s friendly con el medio ambiente y las emisiones de CO2;<\/li><li>Creemos en la diversidad y el talento de las personas: nos centraremos en trabajar para evitar los desequilibrios existentes en la presencia de mujeres y hombres en nuestro sector, y en promover la diversidad de los equipos cient\u00edficos;<\/li><li>Queremos apostar por un sector de la investigaci\u00f3n y una ciencia que cuide a sus profesionales, y apueste por la calidad y dignificaci\u00f3n de su empleo;<\/li><li>Y queremos apoyar y sentirnos una pieza clave y comprometida en los procesos y productos que genere la ciencia y la investigaci\u00f3n para lograr una sociedad m\u00e1s equilibrada y justa, para lo que apostaremos por incorporar en nuestro equipo a personas con talento, valores, inspiradoras y que persigan la mejora continua.<\/li><\/ul>\t\t\t\t\t\t\t\t<\/div>\n\t\t\t\t<\/div>\n\t\t\t\t\t<\/div>\n\t\t<\/div>\n\t\t\t\t\t<\/div>\n\t\t<\/section>\n\t\t\t\t<\/div>\n\t\t","protected":false},"excerpt":{"rendered":"<p>Misi\u00f3n Prestar un servicio de asistencia t\u00e9cnica ESPEC\u00cdFICO, ADAPTADO y de PROXIMIDAD para laboratorios y espacios de investigaci\u00f3n\u2026 con PERSONAL T\u00c9CNICO de alta cualificaci\u00f3n, homologado y con gran experiencia profesional en distintos sectores y fabricantes de equipos de laboratorio; estableciendo NUEVAS FORMAS DE CONEXI\u00d3N Y TRABAJO CON NUESTRA CLIENTELA a trav\u00e9s de acuerdos y marcos [&hellip;]<\/p>\n","protected":false},"author":1,"featured_media":0,"parent":78,"menu_order":0,"comment_status":"closed","ping_status":"closed","template":"","meta":{"footnotes":""},"class_list":["post-3325","page","type-page","status-publish","hentry"],"yoast_head":"<!-- This site is optimized with the Yoast SEO plugin v26.6 - https:\/\/yoast.com\/wordpress\/plugins\/seo\/ -->\n<title>Misi\u00f3n | Visi\u00f3n - Lab Care 365 S.L.<\/title>\n<meta name=\"description\" content=\"Desde LabCare365 prestamos un servicio de asistencia t\u00e9cnica ESPEC\u00cdFICO, ADAPTADO y de PROXIMIDAD para laboratorios y espacios de investigaci\u00f3n\u2026\" \/>\n<meta name=\"robots\" content=\"index, follow, max-snippet:-1, max-image-preview:large, max-video-preview:-1\" \/>\n<link rel=\"canonical\" href=\"https:\/\/labcare365.com\/?page_id=3325\" \/>\n<meta property=\"og:locale\" content=\"es_ES\" \/>\n<meta property=\"og:type\" content=\"article\" \/>\n<meta property=\"og:title\" content=\"Misi\u00f3n | Visi\u00f3n - Lab Care 365 S.L.\" \/>\n<meta property=\"og:description\" content=\"Desde LabCare365 prestamos un servicio de asistencia t\u00e9cnica ESPEC\u00cdFICO, ADAPTADO y de PROXIMIDAD para laboratorios y espacios de investigaci\u00f3n\u2026\" \/>\n<meta property=\"og:url\" content=\"https:\/\/labcare365.com\/?page_id=3325\" \/>\n<meta property=\"og:site_name\" content=\"Lab Care 365 S.L.\" \/>\n<meta property=\"article:publisher\" content=\"https:\/\/www.facebook.com\/profile.php?id=100082110493705\" \/>\n<meta property=\"article:modified_time\" content=\"2025-06-23T12:12:55+00:00\" \/>\n<meta property=\"og:image\" content=\"https:\/\/labcare365.com\/wp-content\/uploads\/2025\/10\/logLC365-seo.png\" \/>\n\t<meta property=\"og:image:width\" content=\"1200\" \/>\n\t<meta property=\"og:image:height\" content=\"675\" \/>\n\t<meta property=\"og:image:type\" content=\"image\/png\" \/>\n<meta name=\"twitter:card\" content=\"summary_large_image\" \/>\n<meta name=\"twitter:label1\" content=\"Tiempo de lectura\" \/>\n\t<meta name=\"twitter:data1\" content=\"2 minutos\" \/>\n<script type=\"application\/ld+json\" class=\"yoast-schema-graph\">{\"@context\":\"https:\/\/schema.org\",\"@graph\":[{\"@type\":\"WebPage\",\"@id\":\"https:\/\/labcare365.com\/?page_id=3325\",\"url\":\"https:\/\/labcare365.com\/?page_id=3325\",\"name\":\"Misi\u00f3n | Visi\u00f3n - Lab Care 365 S.L.\",\"isPartOf\":{\"@id\":\"https:\/\/labcare365.com\/#website\"},\"datePublished\":\"2024-09-27T08:48:51+00:00\",\"dateModified\":\"2025-06-23T12:12:55+00:00\",\"description\":\"Desde LabCare365 prestamos un servicio de asistencia t\u00e9cnica ESPEC\u00cdFICO, ADAPTADO y de PROXIMIDAD para laboratorios y espacios de investigaci\u00f3n\u2026\",\"breadcrumb\":{\"@id\":\"https:\/\/labcare365.com\/?page_id=3325#breadcrumb\"},\"inLanguage\":\"es\",\"potentialAction\":[{\"@type\":\"ReadAction\",\"target\":[\"https:\/\/labcare365.com\/?page_id=3325\"]}]},{\"@type\":\"BreadcrumbList\",\"@id\":\"https:\/\/labcare365.com\/?page_id=3325#breadcrumb\",\"itemListElement\":[{\"@type\":\"ListItem\",\"position\":1,\"name\":\"Portada\",\"item\":\"https:\/\/labcare365.com\/\"},{\"@type\":\"ListItem\",\"position\":2,\"name\":\"somos\",\"item\":\"https:\/\/labcare365.com\/?page_id=78\"},{\"@type\":\"ListItem\",\"position\":3,\"name\":\"Misi\u00f3n | Visi\u00f3n\"}]},{\"@type\":\"WebSite\",\"@id\":\"https:\/\/labcare365.com\/#website\",\"url\":\"https:\/\/labcare365.com\/\",\"name\":\"labcare365.com\",\"description\":\"Lab Care 365 S.L. - Servicio t\u00e9cnico de laboratorio\",\"publisher\":{\"@id\":\"https:\/\/labcare365.com\/#organization\"},\"potentialAction\":[{\"@type\":\"SearchAction\",\"target\":{\"@type\":\"EntryPoint\",\"urlTemplate\":\"https:\/\/labcare365.com\/?s={search_term_string}\"},\"query-input\":{\"@type\":\"PropertyValueSpecification\",\"valueRequired\":true,\"valueName\":\"search_term_string\"}}],\"inLanguage\":\"es\"},{\"@type\":\"Organization\",\"@id\":\"https:\/\/labcare365.com\/#organization\",\"name\":\"labcare 365 s.l.\",\"alternateName\":\"Servicio t\u00e9cnico de laboratorio\",\"url\":\"https:\/\/labcare365.com\/\",\"logo\":{\"@type\":\"ImageObject\",\"inLanguage\":\"es\",\"@id\":\"https:\/\/labcare365.com\/#\/schema\/logo\/image\/\",\"url\":\"https:\/\/labcare365.com\/wp-content\/uploads\/2023\/05\/cropped-icoLABcare365.png\",\"contentUrl\":\"https:\/\/labcare365.com\/wp-content\/uploads\/2023\/05\/cropped-icoLABcare365.png\",\"width\":512,\"height\":512,\"caption\":\"labcare 365 s.l.\"},\"image\":{\"@id\":\"https:\/\/labcare365.com\/#\/schema\/logo\/image\/\"},\"sameAs\":[\"https:\/\/www.facebook.com\/profile.php?id=100082110493705\",\"https:\/\/www.linkedin.com\/company\/labcare365\/\"]}]}<\/script>\n<!-- \/ Yoast SEO plugin. -->","yoast_head_json":{"title":"Misi\u00f3n | Visi\u00f3n - Lab Care 365 S.L.","description":"Desde LabCare365 prestamos un servicio de asistencia t\u00e9cnica ESPEC\u00cdFICO, ADAPTADO y de PROXIMIDAD para laboratorios y espacios de investigaci\u00f3n\u2026","robots":{"index":"index","follow":"follow","max-snippet":"max-snippet:-1","max-image-preview":"max-image-preview:large","max-video-preview":"max-video-preview:-1"},"canonical":"https:\/\/labcare365.com\/?page_id=3325","og_locale":"es_ES","og_type":"article","og_title":"Misi\u00f3n | Visi\u00f3n - Lab Care 365 S.L.","og_description":"Desde LabCare365 prestamos un servicio de asistencia t\u00e9cnica ESPEC\u00cdFICO, ADAPTADO y de PROXIMIDAD para laboratorios y espacios de investigaci\u00f3n\u2026","og_url":"https:\/\/labcare365.com\/?page_id=3325","og_site_name":"Lab Care 365 S.L.","article_publisher":"https:\/\/www.facebook.com\/profile.php?id=100082110493705","article_modified_time":"2025-06-23T12:12:55+00:00","og_image":[{"width":1200,"height":675,"url":"https:\/\/labcare365.com\/wp-content\/uploads\/2025\/10\/logLC365-seo.png","type":"image\/png"}],"twitter_card":"summary_large_image","twitter_misc":{"Tiempo de lectura":"2 minutos"},"schema":{"@context":"https:\/\/schema.org","@graph":[{"@type":"WebPage","@id":"https:\/\/labcare365.com\/?page_id=3325","url":"https:\/\/labcare365.com\/?page_id=3325","name":"Misi\u00f3n | Visi\u00f3n - Lab Care 365 S.L.","isPartOf":{"@id":"https:\/\/labcare365.com\/#website"},"datePublished":"2024-09-27T08:48:51+00:00","dateModified":"2025-06-23T12:12:55+00:00","description":"Desde LabCare365 prestamos un servicio de asistencia t\u00e9cnica ESPEC\u00cdFICO, ADAPTADO y de PROXIMIDAD para laboratorios y espacios de investigaci\u00f3n\u2026","breadcrumb":{"@id":"https:\/\/labcare365.com\/?page_id=3325#breadcrumb"},"inLanguage":"es","potentialAction":[{"@type":"ReadAction","target":["https:\/\/labcare365.com\/?page_id=3325"]}]},{"@type":"BreadcrumbList","@id":"https:\/\/labcare365.com\/?page_id=3325#breadcrumb","itemListElement":[{"@type":"ListItem","position":1,"name":"Portada","item":"https:\/\/labcare365.com\/"},{"@type":"ListItem","position":2,"name":"somos","item":"https:\/\/labcare365.com\/?page_id=78"},{"@type":"ListItem","position":3,"name":"Misi\u00f3n | Visi\u00f3n"}]},{"@type":"WebSite","@id":"https:\/\/labcare365.com\/#website","url":"https:\/\/labcare365.com\/","name":"labcare365.com","description":"Lab Care 365 S.L. - Servicio t\u00e9cnico de laboratorio","publisher":{"@id":"https:\/\/labcare365.com\/#organization"},"potentialAction":[{"@type":"SearchAction","target":{"@type":"EntryPoint","urlTemplate":"https:\/\/labcare365.com\/?s={search_term_string}"},"query-input":{"@type":"PropertyValueSpecification","valueRequired":true,"valueName":"search_term_string"}}],"inLanguage":"es"},{"@type":"Organization","@id":"https:\/\/labcare365.com\/#organization","name":"labcare 365 s.l.","alternateName":"Servicio t\u00e9cnico de laboratorio","url":"https:\/\/labcare365.com\/","logo":{"@type":"ImageObject","inLanguage":"es","@id":"https:\/\/labcare365.com\/#\/schema\/logo\/image\/","url":"https:\/\/labcare365.com\/wp-content\/uploads\/2023\/05\/cropped-icoLABcare365.png","contentUrl":"https:\/\/labcare365.com\/wp-content\/uploads\/2023\/05\/cropped-icoLABcare365.png","width":512,"height":512,"caption":"labcare 365 s.l."},"image":{"@id":"https:\/\/labcare365.com\/#\/schema\/logo\/image\/"},"sameAs":["https:\/\/www.facebook.com\/profile.php?id=100082110493705","https:\/\/www.linkedin.com\/company\/labcare365\/"]}]}},"_links":{"self":[{"href":"https:\/\/labcare365.com\/index.php?rest_route=\/wp\/v2\/pages\/3325","targetHints":{"allow":["GET"]}}],"collection":[{"href":"https:\/\/labcare365.com\/index.php?rest_route=\/wp\/v2\/pages"}],"about":[{"href":"https:\/\/labcare365.com\/index.php?rest_route=\/wp\/v2\/types\/page"}],"author":[{"embeddable":true,"href":"https:\/\/labcare365.com\/index.php?rest_route=\/wp\/v2\/users\/1"}],"replies":[{"embeddable":true,"href":"https:\/\/labcare365.com\/index.php?rest_route=%2Fwp%2Fv2%2Fcomments&post=3325"}],"version-history":[{"count":4,"href":"https:\/\/labcare365.com\/index.php?rest_route=\/wp\/v2\/pages\/3325\/revisions"}],"predecessor-version":[{"id":3329,"href":"https:\/\/labcare365.com\/index.php?rest_route=\/wp\/v2\/pages\/3325\/revisions\/3329"}],"up":[{"embeddable":true,"href":"https:\/\/labcare365.com\/index.php?rest_route=\/wp\/v2\/pages\/78"}],"wp:attachment":[{"href":"https:\/\/labcare365.com\/index.php?rest_route=%2Fwp%2Fv2%2Fmedia&parent=3325"}],"curies":[{"name":"wp","href":"https:\/\/api.w.org\/{rel}","templated":true}]}}