{"id":3266,"date":"2024-09-27T08:05:58","date_gmt":"2024-09-27T08:05:58","guid":{"rendered":"https:\/\/labcare365.com\/?page_id=3266"},"modified":"2026-02-27T14:30:40","modified_gmt":"2026-02-27T14:30:40","slug":"amb-que-treballem","status":"publish","type":"page","link":"https:\/\/labcare365.com\/?page_id=3266","title":{"rendered":"Amb qu\u00e8 treballem?"},"content":{"rendered":"\t\t<div data-elementor-type=\"wp-page\" data-elementor-id=\"3266\" class=\"elementor elementor-3266\">\n\t\t\t\t\t\t<section class=\"elementor-section elementor-top-section elementor-element elementor-element-b5cadf7 elementor-section-full_width elementor-section-height-default elementor-section-height-default\" data-id=\"b5cadf7\" data-element_type=\"section\" data-settings=\"{&quot;animation&quot;:&quot;none&quot;}\">\n\t\t\t\t\t\t<div class=\"elementor-container elementor-column-gap-default\">\n\t\t\t\t\t<div class=\"elementor-column elementor-col-100 elementor-top-column elementor-element elementor-element-6d49b52\" data-id=\"6d49b52\" data-element_type=\"column\">\n\t\t\t<div class=\"elementor-widget-wrap elementor-element-populated\">\n\t\t\t\t\t\t<div class=\"elementor-element elementor-element-3d7d2b9 cpel-lv--yes .elementor-widget-tabs .elementor-tab-desktop-title {     position: relative;     padding: 10px 10px;     font-weight: 700;     line-height: 1;     border: solid transparent; elementor-tabs-view-horizontal elementor-widget elementor-widget-tabs\" data-id=\"3d7d2b9\" data-element_type=\"widget\" data-widget_type=\"tabs.default\">\n\t\t\t\t<div class=\"elementor-widget-container\">\n\t\t\t\t\t\t\t<div class=\"elementor-tabs\">\n\t\t\t<div class=\"elementor-tabs-wrapper\" role=\"tablist\" >\n\t\t\t\t\t\t\t\t\t<div id=\"elementor-tab-title-6441\" class=\"elementor-tab-title elementor-tab-desktop-title\" aria-selected=\"true\" data-tab=\"1\" role=\"tab\" tabindex=\"0\" aria-controls=\"elementor-tab-content-6441\" aria-expanded=\"false\">><\/div>\n\t\t\t\t\t\t\t\t\t<div id=\"elementor-tab-title-6442\" class=\"elementor-tab-title elementor-tab-desktop-title\" aria-selected=\"false\" data-tab=\"2\" role=\"tab\" tabindex=\"-1\" aria-controls=\"elementor-tab-content-6442\" aria-expanded=\"false\">CALOR<\/div>\n\t\t\t\t\t\t\t\t\t<div id=\"elementor-tab-title-6443\" class=\"elementor-tab-title elementor-tab-desktop-title\" aria-selected=\"false\" data-tab=\"3\" role=\"tab\" tabindex=\"-1\" aria-controls=\"elementor-tab-content-6443\" aria-expanded=\"false\">FREDA<\/div>\n\t\t\t\t\t\t\t\t\t<div id=\"elementor-tab-title-6444\" class=\"elementor-tab-title elementor-tab-desktop-title\" aria-selected=\"false\" data-tab=\"4\" role=\"tab\" tabindex=\"-1\" aria-controls=\"elementor-tab-content-6444\" aria-expanded=\"false\">MASSA<\/div>\n\t\t\t\t\t\t\t\t\t<div id=\"elementor-tab-title-6445\" class=\"elementor-tab-title elementor-tab-desktop-title\" aria-selected=\"false\" data-tab=\"5\" role=\"tab\" tabindex=\"-1\" aria-controls=\"elementor-tab-content-6445\" aria-expanded=\"false\">HUMITAT<\/div>\n\t\t\t\t\t\t\t\t\t<div id=\"elementor-tab-title-6446\" class=\"elementor-tab-title elementor-tab-desktop-title\" aria-selected=\"false\" data-tab=\"6\" role=\"tab\" tabindex=\"-1\" aria-controls=\"elementor-tab-content-6446\" aria-expanded=\"false\">ELECTROQU\u00cdMICA<\/div>\n\t\t\t\t\t\t\t\t\t<div id=\"elementor-tab-title-6447\" class=\"elementor-tab-title elementor-tab-desktop-title\" aria-selected=\"false\" data-tab=\"7\" role=\"tab\" tabindex=\"-1\" aria-controls=\"elementor-tab-content-6447\" aria-expanded=\"false\">MOVIMENT<\/div>\n\t\t\t\t\t\t\t\t\t<div id=\"elementor-tab-title-6448\" class=\"elementor-tab-title elementor-tab-desktop-title\" aria-selected=\"false\" data-tab=\"8\" role=\"tab\" tabindex=\"-1\" aria-controls=\"elementor-tab-content-6448\" aria-expanded=\"false\">VOLUM<\/div>\n\t\t\t\t\t\t\t\t\t<div id=\"elementor-tab-title-6449\" class=\"elementor-tab-title elementor-tab-desktop-title\" aria-selected=\"false\" data-tab=\"9\" role=\"tab\" tabindex=\"-1\" aria-controls=\"elementor-tab-content-6449\" aria-expanded=\"false\">BUIT<\/div>\n\t\t\t\t\t\t\t\t\t<div id=\"elementor-tab-title-64410\" class=\"elementor-tab-title elementor-tab-desktop-title\" aria-selected=\"false\" data-tab=\"10\" role=\"tab\" tabindex=\"-1\" aria-controls=\"elementor-tab-content-64410\" aria-expanded=\"false\">A\u00cfRI-PRESSI\u00d3<\/div>\n\t\t\t\t\t\t\t\t\t<div id=\"elementor-tab-title-64411\" class=\"elementor-tab-title elementor-tab-desktop-title\" aria-selected=\"false\" data-tab=\"11\" role=\"tab\" tabindex=\"-1\" aria-controls=\"elementor-tab-content-64411\" aria-expanded=\"false\">LLUM-\u00d2PTICA<\/div>\n\t\t\t\t\t\t\t<\/div>\n\t\t\t<div class=\"elementor-tabs-content-wrapper\" role=\"tablist\" aria-orientation=\"vertical\">\n\t\t\t\t\t\t\t\t\t<div class=\"elementor-tab-title elementor-tab-mobile-title\" aria-selected=\"true\" data-tab=\"1\" role=\"tab\" tabindex=\"0\" aria-controls=\"elementor-tab-content-6441\" aria-expanded=\"false\">><\/div>\n\t\t\t\t\t<div id=\"elementor-tab-content-6441\" class=\"elementor-tab-content elementor-clearfix\" data-tab=\"1\" role=\"tabpanel\" aria-labelledby=\"elementor-tab-title-6441\" tabindex=\"0\" hidden=\"false\"><p><img fetchpriority=\"high\" decoding=\"async\" class=\"alignnone wp-image-5457\" src=\"https:\/\/labcare365.com\/wp-content\/uploads\/2026\/02\/proLABcare365-2-cat-scaled.png\" alt=\"\" width=\"776\" height=\"450\" srcset=\"https:\/\/labcare365.com\/wp-content\/uploads\/2026\/02\/proLABcare365-2-cat-scaled.png 2560w, https:\/\/labcare365.com\/wp-content\/uploads\/2026\/02\/proLABcare365-2-cat-300x174.png 300w, https:\/\/labcare365.com\/wp-content\/uploads\/2026\/02\/proLABcare365-2-cat-1024x593.png 1024w, https:\/\/labcare365.com\/wp-content\/uploads\/2026\/02\/proLABcare365-2-cat-768x445.png 768w, https:\/\/labcare365.com\/wp-content\/uploads\/2026\/02\/proLABcare365-2-cat-1536x890.png 1536w, https:\/\/labcare365.com\/wp-content\/uploads\/2026\/02\/proLABcare365-2-cat-2048x1187.png 2048w\" sizes=\"(max-width: 776px) 100vw, 776px\" \/><\/p><\/div>\n\t\t\t\t\t\t\t\t\t<div class=\"elementor-tab-title elementor-tab-mobile-title\" aria-selected=\"false\" data-tab=\"2\" role=\"tab\" tabindex=\"-1\" aria-controls=\"elementor-tab-content-6442\" aria-expanded=\"false\">CALOR<\/div>\n\t\t\t\t\t<div id=\"elementor-tab-content-6442\" class=\"elementor-tab-content elementor-clearfix\" data-tab=\"2\" role=\"tabpanel\" aria-labelledby=\"elementor-tab-title-6442\" tabindex=\"0\" hidden=\"hidden\"><p><img decoding=\"async\" class=\"alignleft wp-image-4245 size-full\" src=\"https:\/\/labcare365.com\/wp-content\/uploads\/2025\/06\/icoLABcare365-calor-1.png\" alt=\"\" width=\"287\" height=\"472\" srcset=\"https:\/\/labcare365.com\/wp-content\/uploads\/2025\/06\/icoLABcare365-calor-1.png 287w, https:\/\/labcare365.com\/wp-content\/uploads\/2025\/06\/icoLABcare365-calor-1-182x300.png 182w\" sizes=\"(max-width: 287px) 100vw, 287px\" \/>+ Agitadors magn\u00e8tics amb calefacci\u00f3<br \/>+ Kjeldahl, dumes i altres digestors<br \/>+ Ba\u00f1os d&#8217;aigua<br \/>+ Ba\u00f1os d&#8217;ultrasons<br \/>+ Ba\u00f1os de circulaci\u00f3<br \/>+ Extractors<br \/>+ Forns mufla<br \/>+ Estufes d&#8217;assecat<br \/>+ Estufes de buit<br \/>+ Estufes d&#8217;incubaci\u00f3<br \/>+ Mantes<br \/>+ Reactors<br \/>+ Cambres clim\u00e0tiques<br \/>+ Equips de punt de fusi\u00f3<br \/>+ Evaporadors rotatius<br \/>+ Autoclaus<br \/>+ Termodesinfectadoras <br \/>+ Mesuradors de temperatura<\/p><\/div>\n\t\t\t\t\t\t\t\t\t<div class=\"elementor-tab-title elementor-tab-mobile-title\" aria-selected=\"false\" data-tab=\"3\" role=\"tab\" tabindex=\"-1\" aria-controls=\"elementor-tab-content-6443\" aria-expanded=\"false\">FREDA<\/div>\n\t\t\t\t\t<div id=\"elementor-tab-content-6443\" class=\"elementor-tab-content elementor-clearfix\" data-tab=\"3\" role=\"tabpanel\" aria-labelledby=\"elementor-tab-title-6443\" tabindex=\"0\" hidden=\"hidden\"><p><img decoding=\"async\" class=\"alignleft wp-image-3381\" src=\"https:\/\/labcare365.com\/wp-content\/uploads\/2024\/09\/icoLABcare365-frioCA-224x300.png\" alt=\"\" width=\"287\" height=\"385\" srcset=\"https:\/\/labcare365.com\/wp-content\/uploads\/2024\/09\/icoLABcare365-frioCA-224x300.png 224w, https:\/\/labcare365.com\/wp-content\/uploads\/2024\/09\/icoLABcare365-frioCA.png 431w\" sizes=\"(max-width: 287px) 100vw, 287px\" \/><\/p><p>+ Congeladors<br \/>+ Refrigeradors\/neveres<br \/>+ Ba\u00f1os de refrigeraci\u00f3<br \/>+ Liofilitzadors<br \/>+ Criotermostatos<br \/>+ Crioscopios<br \/>+ Chillers<\/p><\/div>\n\t\t\t\t\t\t\t\t\t<div class=\"elementor-tab-title elementor-tab-mobile-title\" aria-selected=\"false\" data-tab=\"4\" role=\"tab\" tabindex=\"-1\" aria-controls=\"elementor-tab-content-6444\" aria-expanded=\"false\">MASSA<\/div>\n\t\t\t\t\t<div id=\"elementor-tab-content-6444\" class=\"elementor-tab-content elementor-clearfix\" data-tab=\"4\" role=\"tabpanel\" aria-labelledby=\"elementor-tab-title-6444\" tabindex=\"0\" hidden=\"hidden\"><p><img loading=\"lazy\" decoding=\"async\" class=\"wp-image-3382 alignleft\" src=\"https:\/\/labcare365.com\/wp-content\/uploads\/2024\/09\/icoLABcare365-masaCA-224x300.png\" alt=\"\" width=\"287\" height=\"385\" srcset=\"https:\/\/labcare365.com\/wp-content\/uploads\/2024\/09\/icoLABcare365-masaCA-224x300.png 224w, https:\/\/labcare365.com\/wp-content\/uploads\/2024\/09\/icoLABcare365-masaCA.png 431w\" sizes=\"(max-width: 287px) 100vw, 287px\" \/><\/p><p>+ Balances<\/p><\/div>\n\t\t\t\t\t\t\t\t\t<div class=\"elementor-tab-title elementor-tab-mobile-title\" aria-selected=\"false\" data-tab=\"5\" role=\"tab\" tabindex=\"-1\" aria-controls=\"elementor-tab-content-6445\" aria-expanded=\"false\">HUMITAT<\/div>\n\t\t\t\t\t<div id=\"elementor-tab-content-6445\" class=\"elementor-tab-content elementor-clearfix\" data-tab=\"5\" role=\"tabpanel\" aria-labelledby=\"elementor-tab-title-6445\" tabindex=\"0\" hidden=\"hidden\"><p><img loading=\"lazy\" decoding=\"async\" class=\"alignleft wp-image-3384\" src=\"https:\/\/labcare365.com\/wp-content\/uploads\/2024\/09\/icoLABcare365-humedadCA-224x300.png\" alt=\"\" width=\"287\" height=\"385\" srcset=\"https:\/\/labcare365.com\/wp-content\/uploads\/2024\/09\/icoLABcare365-humedadCA-224x300.png 224w, https:\/\/labcare365.com\/wp-content\/uploads\/2024\/09\/icoLABcare365-humedadCA.png 431w\" sizes=\"(max-width: 287px) 100vw, 287px\" \/><\/p><p>+ Termobalances<br \/>+ Cambres clim\u00e0tiques<br \/>+ Mesuradors d&#8217;humitat<\/p><\/div>\n\t\t\t\t\t\t\t\t\t<div class=\"elementor-tab-title elementor-tab-mobile-title\" aria-selected=\"false\" data-tab=\"6\" role=\"tab\" tabindex=\"-1\" aria-controls=\"elementor-tab-content-6446\" aria-expanded=\"false\">ELECTROQU\u00cdMICA<\/div>\n\t\t\t\t\t<div id=\"elementor-tab-content-6446\" class=\"elementor-tab-content elementor-clearfix\" data-tab=\"6\" role=\"tabpanel\" aria-labelledby=\"elementor-tab-title-6446\" tabindex=\"0\" hidden=\"hidden\"><p><img loading=\"lazy\" decoding=\"async\" class=\"alignleft wp-image-3385\" src=\"https:\/\/labcare365.com\/wp-content\/uploads\/2024\/09\/icoLABcare365-electroquimicaCA-224x300.png\" alt=\"\" width=\"287\" height=\"385\" srcset=\"https:\/\/labcare365.com\/wp-content\/uploads\/2024\/09\/icoLABcare365-electroquimicaCA-224x300.png 224w, https:\/\/labcare365.com\/wp-content\/uploads\/2024\/09\/icoLABcare365-electroquimicaCA.png 431w\" sizes=\"(max-width: 287px) 100vw, 287px\" \/><\/p><p>+ pHmetres<br \/>+ Conduct\u00edmetres<br \/>+ Ox\u00edmetres<br \/>+ Turbid\u00edmetres<br \/>+ Mult\u00edmetres<\/p><\/div>\n\t\t\t\t\t\t\t\t\t<div class=\"elementor-tab-title elementor-tab-mobile-title\" aria-selected=\"false\" data-tab=\"7\" role=\"tab\" tabindex=\"-1\" aria-controls=\"elementor-tab-content-6447\" aria-expanded=\"false\">MOVIMENT<\/div>\n\t\t\t\t\t<div id=\"elementor-tab-content-6447\" class=\"elementor-tab-content elementor-clearfix\" data-tab=\"7\" role=\"tabpanel\" aria-labelledby=\"elementor-tab-title-6447\" tabindex=\"0\" hidden=\"hidden\"><p><img loading=\"lazy\" decoding=\"async\" class=\"wp-image-3383 alignleft\" src=\"https:\/\/labcare365.com\/wp-content\/uploads\/2024\/09\/icoLABcare365-movimientoCA-224x300.png\" alt=\"\" width=\"287\" height=\"385\" srcset=\"https:\/\/labcare365.com\/wp-content\/uploads\/2024\/09\/icoLABcare365-movimientoCA-224x300.png 224w, https:\/\/labcare365.com\/wp-content\/uploads\/2024\/09\/icoLABcare365-movimientoCA.png 431w\" sizes=\"(max-width: 287px) 100vw, 287px\" \/><\/p><p>+ Agitadors magn\u00e8tics<br \/>+ Agitadors verticals<br \/>+ Agitadors orbitals i de vaiv\u00e9<br \/>+ Agitador rotatiu<br \/>+ Agitador 3D<br \/>+ Dispersors<br \/>+ Homogenizadores<br \/>+ Molins i trituradores<br \/>+ Centrifugues<\/p><\/div>\n\t\t\t\t\t\t\t\t\t<div class=\"elementor-tab-title elementor-tab-mobile-title\" aria-selected=\"false\" data-tab=\"8\" role=\"tab\" tabindex=\"-1\" aria-controls=\"elementor-tab-content-6448\" aria-expanded=\"false\">VOLUM<\/div>\n\t\t\t\t\t<div id=\"elementor-tab-content-6448\" class=\"elementor-tab-content elementor-clearfix\" data-tab=\"8\" role=\"tabpanel\" aria-labelledby=\"elementor-tab-title-6448\" tabindex=\"0\" hidden=\"hidden\"><p><img loading=\"lazy\" decoding=\"async\" class=\"alignleft wp-image-3387\" src=\"https:\/\/labcare365.com\/wp-content\/uploads\/2024\/09\/icoLABcare365-volumenCA-224x300.png\" alt=\"\" width=\"287\" height=\"385\" srcset=\"https:\/\/labcare365.com\/wp-content\/uploads\/2024\/09\/icoLABcare365-volumenCA-224x300.png 224w, https:\/\/labcare365.com\/wp-content\/uploads\/2024\/09\/icoLABcare365-volumenCA.png 431w\" sizes=\"(max-width: 287px) 100vw, 287px\" \/><\/p><p>+ Micropipetes<br \/>+ Dosificadors<br \/>+ Bombes perist\u00e0ltiques<br \/>+ Diluidores gravim\u00e8trics<br \/>+ Purificadors d&#8217;aigua<br \/>+ Analitzador d&#8217;activitat de l&#8217;aigua<\/p><\/div>\n\t\t\t\t\t\t\t\t\t<div class=\"elementor-tab-title elementor-tab-mobile-title\" aria-selected=\"false\" data-tab=\"9\" role=\"tab\" tabindex=\"-1\" aria-controls=\"elementor-tab-content-6449\" aria-expanded=\"false\">BUIT<\/div>\n\t\t\t\t\t<div id=\"elementor-tab-content-6449\" class=\"elementor-tab-content elementor-clearfix\" data-tab=\"9\" role=\"tabpanel\" aria-labelledby=\"elementor-tab-title-6449\" tabindex=\"0\" hidden=\"hidden\"><p><img loading=\"lazy\" decoding=\"async\" class=\"alignleft wp-image-3388\" src=\"https:\/\/labcare365.com\/wp-content\/uploads\/2024\/09\/icoLABcare365-vacioCA-224x300.png\" alt=\"\" width=\"287\" height=\"385\" srcset=\"https:\/\/labcare365.com\/wp-content\/uploads\/2024\/09\/icoLABcare365-vacioCA-224x300.png 224w, https:\/\/labcare365.com\/wp-content\/uploads\/2024\/09\/icoLABcare365-vacioCA.png 431w\" sizes=\"(max-width: 287px) 100vw, 287px\" \/><\/p><p>+ Bombes de membrana<br \/>+ Bombes d&#8217;oli<br \/>+ Estufes de buit<\/p><\/div>\n\t\t\t\t\t\t\t\t\t<div class=\"elementor-tab-title elementor-tab-mobile-title\" aria-selected=\"false\" data-tab=\"10\" role=\"tab\" tabindex=\"-1\" aria-controls=\"elementor-tab-content-64410\" aria-expanded=\"false\">A\u00cfRI-PRESSI\u00d3<\/div>\n\t\t\t\t\t<div id=\"elementor-tab-content-64410\" class=\"elementor-tab-content elementor-clearfix\" data-tab=\"10\" role=\"tabpanel\" aria-labelledby=\"elementor-tab-title-64410\" tabindex=\"0\" hidden=\"hidden\"><p><img loading=\"lazy\" decoding=\"async\" class=\"alignleft wp-image-3389\" src=\"https:\/\/labcare365.com\/wp-content\/uploads\/2024\/09\/icoLABcare365-aireCA-224x300.png\" alt=\"\" width=\"287\" height=\"385\" srcset=\"https:\/\/labcare365.com\/wp-content\/uploads\/2024\/09\/icoLABcare365-aireCA-224x300.png 224w, https:\/\/labcare365.com\/wp-content\/uploads\/2024\/09\/icoLABcare365-aireCA.png 431w\" sizes=\"(max-width: 287px) 100vw, 287px\" \/><\/p><p>+ Anem\u00f2metres<br \/>+ Aspiradors<br \/>+ Vitrines de gasos<br \/>+ Cabines de flux laminar<br \/>+ Cabines de seguretat biol\u00f2gica<\/p><\/div>\n\t\t\t\t\t\t\t\t\t<div class=\"elementor-tab-title elementor-tab-mobile-title\" aria-selected=\"false\" data-tab=\"11\" role=\"tab\" tabindex=\"-1\" aria-controls=\"elementor-tab-content-64411\" aria-expanded=\"false\">LLUM-\u00d2PTICA<\/div>\n\t\t\t\t\t<div id=\"elementor-tab-content-64411\" class=\"elementor-tab-content elementor-clearfix\" data-tab=\"11\" role=\"tabpanel\" aria-labelledby=\"elementor-tab-title-64411\" tabindex=\"0\" hidden=\"hidden\"><p><img loading=\"lazy\" decoding=\"async\" class=\"alignleft wp-image-3390\" src=\"https:\/\/labcare365.com\/wp-content\/uploads\/2024\/09\/icoLABcare365-luzCA-224x300.png\" alt=\"\" width=\"287\" height=\"385\" srcset=\"https:\/\/labcare365.com\/wp-content\/uploads\/2024\/09\/icoLABcare365-luzCA-224x300.png 224w, https:\/\/labcare365.com\/wp-content\/uploads\/2024\/09\/icoLABcare365-luzCA.png 431w\" sizes=\"(max-width: 287px) 100vw, 287px\" \/><\/p><p>+ Lectors de plaques<br \/>+ Mesuradors de color<br \/>+ Fot\u00f2metres<br \/>+ Espectrofot\u00f2metres<br \/>+ Lumin\u00f3metros<br \/>+ Lux\u00edmetres<br \/>+ Refract\u00f2metres<br \/>+ Polar\u00edmetres<br \/>+ Microscopis<br \/>+ *Esteroscopios<br \/>+ Comptadors de col\u00f2nies<\/p><\/div>\n\t\t\t\t\t\t\t<\/div>\n\t\t<\/div>\n\t\t\t\t\t\t<\/div>\n\t\t\t\t<\/div>\n\t\t\t\t\t<\/div>\n\t\t<\/div>\n\t\t\t\t\t<\/div>\n\t\t<\/section>\n\t\t\t\t<\/div>\n\t\t","protected":false},"excerpt":{"rendered":"<p>> CALOR FREDA MASSA HUMITAT ELECTROQU\u00cdMICA MOVIMENT VOLUM BUIT A\u00cfRI-PRESSI\u00d3 LLUM-\u00d2PTICA > CALOR + Agitadors magn\u00e8tics amb calefacci\u00f3+ Kjeldahl, dumes i altres digestors+ Ba\u00f1os d&#8217;aigua+ Ba\u00f1os d&#8217;ultrasons+ Ba\u00f1os de circulaci\u00f3+ Extractors+ Forns mufla+ Estufes d&#8217;assecat+ Estufes de buit+ Estufes d&#8217;incubaci\u00f3+ Mantes+ Reactors+ Cambres clim\u00e0tiques+ Equips de punt de fusi\u00f3+ Evaporadors rotatius+ Autoclaus+ Termodesinfectadoras + Mesuradors [&hellip;]<\/p>\n","protected":false},"author":1,"featured_media":0,"parent":0,"menu_order":0,"comment_status":"closed","ping_status":"closed","template":"","meta":{"footnotes":""},"class_list":["post-3266","page","type-page","status-publish","hentry"],"yoast_head":"<!-- This site is optimized with the Yoast SEO plugin v26.6 - https:\/\/yoast.com\/wordpress\/plugins\/seo\/ -->\n<title>Amb qu\u00e8 treballem? - Lab Care 365 S.L.<\/title>\n<meta name=\"description\" content=\"Treballem amb equips de Calor, Fred, Massa, Humitat, Electroqu\u00edmica, Moviment, Volum, Buit, Aire-pressi\u00f3, Llum-\u00f2ptica.\" \/>\n<meta name=\"robots\" content=\"index, follow, max-snippet:-1, max-image-preview:large, max-video-preview:-1\" \/>\n<link rel=\"canonical\" href=\"https:\/\/labcare365.com\/?page_id=3266\" \/>\n<meta property=\"og:locale\" content=\"es_ES\" \/>\n<meta property=\"og:type\" content=\"article\" \/>\n<meta property=\"og:title\" content=\"Amb qu\u00e8 treballem? - Lab Care 365 S.L.\" \/>\n<meta property=\"og:description\" content=\"Treballem amb equips de Calor, Fred, Massa, Humitat, Electroqu\u00edmica, Moviment, Volum, Buit, Aire-pressi\u00f3, Llum-\u00f2ptica.\" \/>\n<meta property=\"og:url\" content=\"https:\/\/labcare365.com\/?page_id=3266\" \/>\n<meta property=\"og:site_name\" content=\"Lab Care 365 S.L.\" \/>\n<meta property=\"article:publisher\" content=\"https:\/\/www.facebook.com\/profile.php?id=100082110493705\" \/>\n<meta property=\"article:modified_time\" content=\"2026-02-27T14:30:40+00:00\" \/>\n<meta property=\"og:image\" content=\"https:\/\/labcare365.com\/wp-content\/uploads\/2026\/02\/proLABcare365-2-cat-scaled.png\" \/>\n<meta name=\"twitter:card\" content=\"summary_large_image\" \/>\n<meta name=\"twitter:label1\" content=\"Tiempo de lectura\" \/>\n\t<meta name=\"twitter:data1\" content=\"3 minutos\" \/>\n<script type=\"application\/ld+json\" class=\"yoast-schema-graph\">{\"@context\":\"https:\/\/schema.org\",\"@graph\":[{\"@type\":\"WebPage\",\"@id\":\"https:\/\/labcare365.com\/?page_id=3266\",\"url\":\"https:\/\/labcare365.com\/?page_id=3266\",\"name\":\"Amb qu\u00e8 treballem? - Lab Care 365 S.L.\",\"isPartOf\":{\"@id\":\"https:\/\/labcare365.com\/#website\"},\"primaryImageOfPage\":{\"@id\":\"https:\/\/labcare365.com\/?page_id=3266#primaryimage\"},\"image\":{\"@id\":\"https:\/\/labcare365.com\/?page_id=3266#primaryimage\"},\"thumbnailUrl\":\"https:\/\/labcare365.com\/wp-content\/uploads\/2026\/02\/proLABcare365-2-cat-scaled.png\",\"datePublished\":\"2024-09-27T08:05:58+00:00\",\"dateModified\":\"2026-02-27T14:30:40+00:00\",\"description\":\"Treballem amb equips de Calor, Fred, Massa, Humitat, Electroqu\u00edmica, Moviment, Volum, Buit, Aire-pressi\u00f3, Llum-\u00f2ptica.\",\"breadcrumb\":{\"@id\":\"https:\/\/labcare365.com\/?page_id=3266#breadcrumb\"},\"inLanguage\":\"es\",\"potentialAction\":[{\"@type\":\"ReadAction\",\"target\":[\"https:\/\/labcare365.com\/?page_id=3266\"]}]},{\"@type\":\"ImageObject\",\"inLanguage\":\"es\",\"@id\":\"https:\/\/labcare365.com\/?page_id=3266#primaryimage\",\"url\":\"https:\/\/labcare365.com\/wp-content\/uploads\/2026\/02\/proLABcare365-2-cat-scaled.png\",\"contentUrl\":\"https:\/\/labcare365.com\/wp-content\/uploads\/2026\/02\/proLABcare365-2-cat-scaled.png\",\"width\":2560,\"height\":1484},{\"@type\":\"BreadcrumbList\",\"@id\":\"https:\/\/labcare365.com\/?page_id=3266#breadcrumb\",\"itemListElement\":[{\"@type\":\"ListItem\",\"position\":1,\"name\":\"Portada\",\"item\":\"https:\/\/labcare365.com\/\"},{\"@type\":\"ListItem\",\"position\":2,\"name\":\"Amb qu\u00e8 treballem?\"}]},{\"@type\":\"WebSite\",\"@id\":\"https:\/\/labcare365.com\/#website\",\"url\":\"https:\/\/labcare365.com\/\",\"name\":\"labcare365.com\",\"description\":\"Lab Care 365 S.L. - Servicio t\u00e9cnico de laboratorio\",\"publisher\":{\"@id\":\"https:\/\/labcare365.com\/#organization\"},\"potentialAction\":[{\"@type\":\"SearchAction\",\"target\":{\"@type\":\"EntryPoint\",\"urlTemplate\":\"https:\/\/labcare365.com\/?s={search_term_string}\"},\"query-input\":{\"@type\":\"PropertyValueSpecification\",\"valueRequired\":true,\"valueName\":\"search_term_string\"}}],\"inLanguage\":\"es\"},{\"@type\":\"Organization\",\"@id\":\"https:\/\/labcare365.com\/#organization\",\"name\":\"labcare 365 s.l.\",\"alternateName\":\"Servicio t\u00e9cnico de laboratorio\",\"url\":\"https:\/\/labcare365.com\/\",\"logo\":{\"@type\":\"ImageObject\",\"inLanguage\":\"es\",\"@id\":\"https:\/\/labcare365.com\/#\/schema\/logo\/image\/\",\"url\":\"https:\/\/labcare365.com\/wp-content\/uploads\/2023\/05\/cropped-icoLABcare365.png\",\"contentUrl\":\"https:\/\/labcare365.com\/wp-content\/uploads\/2023\/05\/cropped-icoLABcare365.png\",\"width\":512,\"height\":512,\"caption\":\"labcare 365 s.l.\"},\"image\":{\"@id\":\"https:\/\/labcare365.com\/#\/schema\/logo\/image\/\"},\"sameAs\":[\"https:\/\/www.facebook.com\/profile.php?id=100082110493705\",\"https:\/\/www.linkedin.com\/company\/labcare365\/\"]}]}<\/script>\n<!-- \/ Yoast SEO plugin. -->","yoast_head_json":{"title":"Amb qu\u00e8 treballem? - Lab Care 365 S.L.","description":"Treballem amb equips de Calor, Fred, Massa, Humitat, Electroqu\u00edmica, Moviment, Volum, Buit, Aire-pressi\u00f3, Llum-\u00f2ptica.","robots":{"index":"index","follow":"follow","max-snippet":"max-snippet:-1","max-image-preview":"max-image-preview:large","max-video-preview":"max-video-preview:-1"},"canonical":"https:\/\/labcare365.com\/?page_id=3266","og_locale":"es_ES","og_type":"article","og_title":"Amb qu\u00e8 treballem? - Lab Care 365 S.L.","og_description":"Treballem amb equips de Calor, Fred, Massa, Humitat, Electroqu\u00edmica, Moviment, Volum, Buit, Aire-pressi\u00f3, Llum-\u00f2ptica.","og_url":"https:\/\/labcare365.com\/?page_id=3266","og_site_name":"Lab Care 365 S.L.","article_publisher":"https:\/\/www.facebook.com\/profile.php?id=100082110493705","article_modified_time":"2026-02-27T14:30:40+00:00","og_image":[{"url":"https:\/\/labcare365.com\/wp-content\/uploads\/2026\/02\/proLABcare365-2-cat-scaled.png","type":"","width":"","height":""}],"twitter_card":"summary_large_image","twitter_misc":{"Tiempo de lectura":"3 minutos"},"schema":{"@context":"https:\/\/schema.org","@graph":[{"@type":"WebPage","@id":"https:\/\/labcare365.com\/?page_id=3266","url":"https:\/\/labcare365.com\/?page_id=3266","name":"Amb qu\u00e8 treballem? - Lab Care 365 S.L.","isPartOf":{"@id":"https:\/\/labcare365.com\/#website"},"primaryImageOfPage":{"@id":"https:\/\/labcare365.com\/?page_id=3266#primaryimage"},"image":{"@id":"https:\/\/labcare365.com\/?page_id=3266#primaryimage"},"thumbnailUrl":"https:\/\/labcare365.com\/wp-content\/uploads\/2026\/02\/proLABcare365-2-cat-scaled.png","datePublished":"2024-09-27T08:05:58+00:00","dateModified":"2026-02-27T14:30:40+00:00","description":"Treballem amb equips de Calor, Fred, Massa, Humitat, Electroqu\u00edmica, Moviment, Volum, Buit, Aire-pressi\u00f3, Llum-\u00f2ptica.","breadcrumb":{"@id":"https:\/\/labcare365.com\/?page_id=3266#breadcrumb"},"inLanguage":"es","potentialAction":[{"@type":"ReadAction","target":["https:\/\/labcare365.com\/?page_id=3266"]}]},{"@type":"ImageObject","inLanguage":"es","@id":"https:\/\/labcare365.com\/?page_id=3266#primaryimage","url":"https:\/\/labcare365.com\/wp-content\/uploads\/2026\/02\/proLABcare365-2-cat-scaled.png","contentUrl":"https:\/\/labcare365.com\/wp-content\/uploads\/2026\/02\/proLABcare365-2-cat-scaled.png","width":2560,"height":1484},{"@type":"BreadcrumbList","@id":"https:\/\/labcare365.com\/?page_id=3266#breadcrumb","itemListElement":[{"@type":"ListItem","position":1,"name":"Portada","item":"https:\/\/labcare365.com\/"},{"@type":"ListItem","position":2,"name":"Amb qu\u00e8 treballem?"}]},{"@type":"WebSite","@id":"https:\/\/labcare365.com\/#website","url":"https:\/\/labcare365.com\/","name":"labcare365.com","description":"Lab Care 365 S.L. - Servicio t\u00e9cnico de laboratorio","publisher":{"@id":"https:\/\/labcare365.com\/#organization"},"potentialAction":[{"@type":"SearchAction","target":{"@type":"EntryPoint","urlTemplate":"https:\/\/labcare365.com\/?s={search_term_string}"},"query-input":{"@type":"PropertyValueSpecification","valueRequired":true,"valueName":"search_term_string"}}],"inLanguage":"es"},{"@type":"Organization","@id":"https:\/\/labcare365.com\/#organization","name":"labcare 365 s.l.","alternateName":"Servicio t\u00e9cnico de laboratorio","url":"https:\/\/labcare365.com\/","logo":{"@type":"ImageObject","inLanguage":"es","@id":"https:\/\/labcare365.com\/#\/schema\/logo\/image\/","url":"https:\/\/labcare365.com\/wp-content\/uploads\/2023\/05\/cropped-icoLABcare365.png","contentUrl":"https:\/\/labcare365.com\/wp-content\/uploads\/2023\/05\/cropped-icoLABcare365.png","width":512,"height":512,"caption":"labcare 365 s.l."},"image":{"@id":"https:\/\/labcare365.com\/#\/schema\/logo\/image\/"},"sameAs":["https:\/\/www.facebook.com\/profile.php?id=100082110493705","https:\/\/www.linkedin.com\/company\/labcare365\/"]}]}},"_links":{"self":[{"href":"https:\/\/labcare365.com\/index.php?rest_route=\/wp\/v2\/pages\/3266","targetHints":{"allow":["GET"]}}],"collection":[{"href":"https:\/\/labcare365.com\/index.php?rest_route=\/wp\/v2\/pages"}],"about":[{"href":"https:\/\/labcare365.com\/index.php?rest_route=\/wp\/v2\/types\/page"}],"author":[{"embeddable":true,"href":"https:\/\/labcare365.com\/index.php?rest_route=\/wp\/v2\/users\/1"}],"replies":[{"embeddable":true,"href":"https:\/\/labcare365.com\/index.php?rest_route=%2Fwp%2Fv2%2Fcomments&post=3266"}],"version-history":[{"count":23,"href":"https:\/\/labcare365.com\/index.php?rest_route=\/wp\/v2\/pages\/3266\/revisions"}],"predecessor-version":[{"id":5460,"href":"https:\/\/labcare365.com\/index.php?rest_route=\/wp\/v2\/pages\/3266\/revisions\/5460"}],"wp:attachment":[{"href":"https:\/\/labcare365.com\/index.php?rest_route=%2Fwp%2Fv2%2Fmedia&parent=3266"}],"curies":[{"name":"wp","href":"https:\/\/api.w.org\/{rel}","templated":true}]}}