{"id":3242,"date":"2024-09-27T07:12:32","date_gmt":"2024-09-27T07:12:32","guid":{"rendered":"https:\/\/labcare365.com\/?page_id=3242"},"modified":"2026-02-10T08:09:21","modified_gmt":"2026-02-10T08:09:21","slug":"som-labcar","status":"publish","type":"page","link":"https:\/\/labcare365.com\/?page_id=3242","title":{"rendered":"Som"},"content":{"rendered":"\t\t<div data-elementor-type=\"wp-page\" data-elementor-id=\"3242\" class=\"elementor elementor-3242\">\n\t\t\t\t\t\t<section class=\"elementor-section elementor-top-section elementor-element elementor-element-12284c93 elementor-section-boxed elementor-section-height-default elementor-section-height-default\" data-id=\"12284c93\" data-element_type=\"section\">\n\t\t\t\t\t\t<div class=\"elementor-container elementor-column-gap-default\">\n\t\t\t\t\t<div class=\"elementor-column elementor-col-100 elementor-top-column elementor-element elementor-element-65fac906\" data-id=\"65fac906\" data-element_type=\"column\">\n\t\t\t<div class=\"elementor-widget-wrap elementor-element-populated\">\n\t\t\t\t\t\t<div class=\"elementor-element elementor-element-21b9353 elementor-widget elementor-widget-text-editor\" data-id=\"21b9353\" data-element_type=\"widget\" data-widget_type=\"text-editor.default\">\n\t\t\t\t<div class=\"elementor-widget-container\">\n\t\t\t\t\t\t\t\t\t<p><\/p><p>M\u00e9s de 20 anys dedicant-nos als laboratoris.<\/p><p><\/p><p><\/p><p>Som t\u00e8cnic-especialistes en l&#8217;equipament i busquem millorar l&#8217;assessorament i assist\u00e8ncia t\u00e8cnica de les persones per a augmentar la competitivitat dels seus laboratoris.<\/p><p><\/p>\t\t\t\t\t\t\t\t<\/div>\n\t\t\t\t<\/div>\n\t\t\t\t<div class=\"elementor-element elementor-element-c6e7a65 elementor-widget elementor-widget-heading\" data-id=\"c6e7a65\" data-element_type=\"widget\" data-widget_type=\"heading.default\">\n\t\t\t\t<div class=\"elementor-widget-container\">\n\t\t\t\t\t<h2 class=\"elementor-heading-title elementor-size-default\">20 professionals<br> \namb formaci\u00f3 i especialitzacions diverses\n<br><\/h2>\t\t\t\t<\/div>\n\t\t\t\t<\/div>\n\t\t\t\t<div class=\"elementor-element elementor-element-2d157fc elementor-widget elementor-widget-image\" data-id=\"2d157fc\" data-element_type=\"widget\" data-widget_type=\"image.default\">\n\t\t\t\t<div class=\"elementor-widget-container\">\n\t\t\t\t\t\t\t\t\t\t\t\t\t\t\t<img fetchpriority=\"high\" decoding=\"async\" width=\"1024\" height=\"469\" src=\"https:\/\/labcare365.com\/wp-content\/uploads\/2026\/02\/Equipo-Somos-cat-1024x469.jpg\" class=\"attachment-large size-large wp-image-5434\" alt=\"\" srcset=\"https:\/\/labcare365.com\/wp-content\/uploads\/2026\/02\/Equipo-Somos-cat-1024x469.jpg 1024w, https:\/\/labcare365.com\/wp-content\/uploads\/2026\/02\/Equipo-Somos-cat-300x137.jpg 300w, https:\/\/labcare365.com\/wp-content\/uploads\/2026\/02\/Equipo-Somos-cat-768x351.jpg 768w, https:\/\/labcare365.com\/wp-content\/uploads\/2026\/02\/Equipo-Somos-cat-1536x703.jpg 1536w, https:\/\/labcare365.com\/wp-content\/uploads\/2026\/02\/Equipo-Somos-cat.jpg 1875w\" sizes=\"(max-width: 1024px) 100vw, 1024px\" \/>\t\t\t\t\t\t\t\t\t\t\t\t\t\t\t<\/div>\n\t\t\t\t<\/div>\n\t\t\t\t\t<\/div>\n\t\t<\/div>\n\t\t\t\t\t<\/div>\n\t\t<\/section>\n\t\t\t\t<\/div>\n\t\t","protected":false},"excerpt":{"rendered":"<p>M\u00e9s de 20 anys dedicant-nos als laboratoris. Som t\u00e8cnic-especialistes en l&#8217;equipament i busquem millorar l&#8217;assessorament i assist\u00e8ncia t\u00e8cnica de les persones per a augmentar la competitivitat dels seus laboratoris. 20 professionals amb formaci\u00f3 i especialitzacions diverses<\/p>\n","protected":false},"author":1,"featured_media":0,"parent":0,"menu_order":0,"comment_status":"closed","ping_status":"closed","template":"","meta":{"footnotes":""},"class_list":["post-3242","page","type-page","status-publish","hentry"],"yoast_head":"<!-- This site is optimized with the Yoast SEO plugin v26.6 - https:\/\/yoast.com\/wordpress\/plugins\/seo\/ -->\n<title>Som - Lab Care 365 S.L.<\/title>\n<meta name=\"description\" content=\"M\u00e9s de 20 anys dedicant-nos als laboratoris amb dedicaci\u00f3 i experi\u00e8ncia per augmentar la competitivitat dels seus laboratoris.\" \/>\n<meta name=\"robots\" content=\"index, follow, max-snippet:-1, max-image-preview:large, max-video-preview:-1\" \/>\n<link rel=\"canonical\" href=\"https:\/\/labcare365.com\/?page_id=3242\" \/>\n<meta property=\"og:locale\" content=\"es_ES\" \/>\n<meta property=\"og:type\" content=\"article\" \/>\n<meta property=\"og:title\" content=\"Som - Lab Care 365 S.L.\" \/>\n<meta property=\"og:description\" content=\"M\u00e9s de 20 anys dedicant-nos als laboratoris amb dedicaci\u00f3 i experi\u00e8ncia per augmentar la competitivitat dels seus laboratoris.\" \/>\n<meta property=\"og:url\" content=\"https:\/\/labcare365.com\/?page_id=3242\" \/>\n<meta property=\"og:site_name\" content=\"Lab Care 365 S.L.\" \/>\n<meta property=\"article:publisher\" content=\"https:\/\/www.facebook.com\/profile.php?id=100082110493705\" \/>\n<meta property=\"article:modified_time\" content=\"2026-02-10T08:09:21+00:00\" \/>\n<meta property=\"og:image\" content=\"https:\/\/labcare365.com\/wp-content\/uploads\/2026\/02\/Equipo-Somos-cat.jpg\" \/>\n\t<meta property=\"og:image:width\" content=\"1875\" \/>\n\t<meta property=\"og:image:height\" content=\"858\" \/>\n\t<meta property=\"og:image:type\" content=\"image\/jpeg\" \/>\n<meta name=\"twitter:card\" content=\"summary_large_image\" \/>\n<meta name=\"twitter:label1\" content=\"Tiempo de lectura\" \/>\n\t<meta name=\"twitter:data1\" content=\"1 minuto\" \/>\n<script type=\"application\/ld+json\" class=\"yoast-schema-graph\">{\"@context\":\"https:\/\/schema.org\",\"@graph\":[{\"@type\":\"WebPage\",\"@id\":\"https:\/\/labcare365.com\/?page_id=3242\",\"url\":\"https:\/\/labcare365.com\/?page_id=3242\",\"name\":\"Som - Lab Care 365 S.L.\",\"isPartOf\":{\"@id\":\"https:\/\/labcare365.com\/#website\"},\"primaryImageOfPage\":{\"@id\":\"https:\/\/labcare365.com\/?page_id=3242#primaryimage\"},\"image\":{\"@id\":\"https:\/\/labcare365.com\/?page_id=3242#primaryimage\"},\"thumbnailUrl\":\"https:\/\/labcare365.com\/wp-content\/uploads\/2026\/02\/Equipo-Somos-cat-1024x469.jpg\",\"datePublished\":\"2024-09-27T07:12:32+00:00\",\"dateModified\":\"2026-02-10T08:09:21+00:00\",\"description\":\"M\u00e9s de 20 anys dedicant-nos als laboratoris amb dedicaci\u00f3 i experi\u00e8ncia per augmentar la competitivitat dels seus laboratoris.\",\"breadcrumb\":{\"@id\":\"https:\/\/labcare365.com\/?page_id=3242#breadcrumb\"},\"inLanguage\":\"es\",\"potentialAction\":[{\"@type\":\"ReadAction\",\"target\":[\"https:\/\/labcare365.com\/?page_id=3242\"]}]},{\"@type\":\"ImageObject\",\"inLanguage\":\"es\",\"@id\":\"https:\/\/labcare365.com\/?page_id=3242#primaryimage\",\"url\":\"https:\/\/labcare365.com\/wp-content\/uploads\/2026\/02\/Equipo-Somos-cat.jpg\",\"contentUrl\":\"https:\/\/labcare365.com\/wp-content\/uploads\/2026\/02\/Equipo-Somos-cat.jpg\",\"width\":1875,\"height\":858},{\"@type\":\"BreadcrumbList\",\"@id\":\"https:\/\/labcare365.com\/?page_id=3242#breadcrumb\",\"itemListElement\":[{\"@type\":\"ListItem\",\"position\":1,\"name\":\"Portada\",\"item\":\"https:\/\/labcare365.com\/\"},{\"@type\":\"ListItem\",\"position\":2,\"name\":\"Som\"}]},{\"@type\":\"WebSite\",\"@id\":\"https:\/\/labcare365.com\/#website\",\"url\":\"https:\/\/labcare365.com\/\",\"name\":\"labcare365.com\",\"description\":\"Lab Care 365 S.L. - Servicio t\u00e9cnico de laboratorio\",\"publisher\":{\"@id\":\"https:\/\/labcare365.com\/#organization\"},\"potentialAction\":[{\"@type\":\"SearchAction\",\"target\":{\"@type\":\"EntryPoint\",\"urlTemplate\":\"https:\/\/labcare365.com\/?s={search_term_string}\"},\"query-input\":{\"@type\":\"PropertyValueSpecification\",\"valueRequired\":true,\"valueName\":\"search_term_string\"}}],\"inLanguage\":\"es\"},{\"@type\":\"Organization\",\"@id\":\"https:\/\/labcare365.com\/#organization\",\"name\":\"labcare 365 s.l.\",\"alternateName\":\"Servicio t\u00e9cnico de laboratorio\",\"url\":\"https:\/\/labcare365.com\/\",\"logo\":{\"@type\":\"ImageObject\",\"inLanguage\":\"es\",\"@id\":\"https:\/\/labcare365.com\/#\/schema\/logo\/image\/\",\"url\":\"https:\/\/labcare365.com\/wp-content\/uploads\/2023\/05\/cropped-icoLABcare365.png\",\"contentUrl\":\"https:\/\/labcare365.com\/wp-content\/uploads\/2023\/05\/cropped-icoLABcare365.png\",\"width\":512,\"height\":512,\"caption\":\"labcare 365 s.l.\"},\"image\":{\"@id\":\"https:\/\/labcare365.com\/#\/schema\/logo\/image\/\"},\"sameAs\":[\"https:\/\/www.facebook.com\/profile.php?id=100082110493705\",\"https:\/\/www.linkedin.com\/company\/labcare365\/\"]}]}<\/script>\n<!-- \/ Yoast SEO plugin. -->","yoast_head_json":{"title":"Som - Lab Care 365 S.L.","description":"M\u00e9s de 20 anys dedicant-nos als laboratoris amb dedicaci\u00f3 i experi\u00e8ncia per augmentar la competitivitat dels seus laboratoris.","robots":{"index":"index","follow":"follow","max-snippet":"max-snippet:-1","max-image-preview":"max-image-preview:large","max-video-preview":"max-video-preview:-1"},"canonical":"https:\/\/labcare365.com\/?page_id=3242","og_locale":"es_ES","og_type":"article","og_title":"Som - Lab Care 365 S.L.","og_description":"M\u00e9s de 20 anys dedicant-nos als laboratoris amb dedicaci\u00f3 i experi\u00e8ncia per augmentar la competitivitat dels seus laboratoris.","og_url":"https:\/\/labcare365.com\/?page_id=3242","og_site_name":"Lab Care 365 S.L.","article_publisher":"https:\/\/www.facebook.com\/profile.php?id=100082110493705","article_modified_time":"2026-02-10T08:09:21+00:00","og_image":[{"width":1875,"height":858,"url":"https:\/\/labcare365.com\/wp-content\/uploads\/2026\/02\/Equipo-Somos-cat.jpg","type":"image\/jpeg"}],"twitter_card":"summary_large_image","twitter_misc":{"Tiempo de lectura":"1 minuto"},"schema":{"@context":"https:\/\/schema.org","@graph":[{"@type":"WebPage","@id":"https:\/\/labcare365.com\/?page_id=3242","url":"https:\/\/labcare365.com\/?page_id=3242","name":"Som - Lab Care 365 S.L.","isPartOf":{"@id":"https:\/\/labcare365.com\/#website"},"primaryImageOfPage":{"@id":"https:\/\/labcare365.com\/?page_id=3242#primaryimage"},"image":{"@id":"https:\/\/labcare365.com\/?page_id=3242#primaryimage"},"thumbnailUrl":"https:\/\/labcare365.com\/wp-content\/uploads\/2026\/02\/Equipo-Somos-cat-1024x469.jpg","datePublished":"2024-09-27T07:12:32+00:00","dateModified":"2026-02-10T08:09:21+00:00","description":"M\u00e9s de 20 anys dedicant-nos als laboratoris amb dedicaci\u00f3 i experi\u00e8ncia per augmentar la competitivitat dels seus laboratoris.","breadcrumb":{"@id":"https:\/\/labcare365.com\/?page_id=3242#breadcrumb"},"inLanguage":"es","potentialAction":[{"@type":"ReadAction","target":["https:\/\/labcare365.com\/?page_id=3242"]}]},{"@type":"ImageObject","inLanguage":"es","@id":"https:\/\/labcare365.com\/?page_id=3242#primaryimage","url":"https:\/\/labcare365.com\/wp-content\/uploads\/2026\/02\/Equipo-Somos-cat.jpg","contentUrl":"https:\/\/labcare365.com\/wp-content\/uploads\/2026\/02\/Equipo-Somos-cat.jpg","width":1875,"height":858},{"@type":"BreadcrumbList","@id":"https:\/\/labcare365.com\/?page_id=3242#breadcrumb","itemListElement":[{"@type":"ListItem","position":1,"name":"Portada","item":"https:\/\/labcare365.com\/"},{"@type":"ListItem","position":2,"name":"Som"}]},{"@type":"WebSite","@id":"https:\/\/labcare365.com\/#website","url":"https:\/\/labcare365.com\/","name":"labcare365.com","description":"Lab Care 365 S.L. - Servicio t\u00e9cnico de laboratorio","publisher":{"@id":"https:\/\/labcare365.com\/#organization"},"potentialAction":[{"@type":"SearchAction","target":{"@type":"EntryPoint","urlTemplate":"https:\/\/labcare365.com\/?s={search_term_string}"},"query-input":{"@type":"PropertyValueSpecification","valueRequired":true,"valueName":"search_term_string"}}],"inLanguage":"es"},{"@type":"Organization","@id":"https:\/\/labcare365.com\/#organization","name":"labcare 365 s.l.","alternateName":"Servicio t\u00e9cnico de laboratorio","url":"https:\/\/labcare365.com\/","logo":{"@type":"ImageObject","inLanguage":"es","@id":"https:\/\/labcare365.com\/#\/schema\/logo\/image\/","url":"https:\/\/labcare365.com\/wp-content\/uploads\/2023\/05\/cropped-icoLABcare365.png","contentUrl":"https:\/\/labcare365.com\/wp-content\/uploads\/2023\/05\/cropped-icoLABcare365.png","width":512,"height":512,"caption":"labcare 365 s.l."},"image":{"@id":"https:\/\/labcare365.com\/#\/schema\/logo\/image\/"},"sameAs":["https:\/\/www.facebook.com\/profile.php?id=100082110493705","https:\/\/www.linkedin.com\/company\/labcare365\/"]}]}},"_links":{"self":[{"href":"https:\/\/labcare365.com\/index.php?rest_route=\/wp\/v2\/pages\/3242","targetHints":{"allow":["GET"]}}],"collection":[{"href":"https:\/\/labcare365.com\/index.php?rest_route=\/wp\/v2\/pages"}],"about":[{"href":"https:\/\/labcare365.com\/index.php?rest_route=\/wp\/v2\/types\/page"}],"author":[{"embeddable":true,"href":"https:\/\/labcare365.com\/index.php?rest_route=\/wp\/v2\/users\/1"}],"replies":[{"embeddable":true,"href":"https:\/\/labcare365.com\/index.php?rest_route=%2Fwp%2Fv2%2Fcomments&post=3242"}],"version-history":[{"count":23,"href":"https:\/\/labcare365.com\/index.php?rest_route=\/wp\/v2\/pages\/3242\/revisions"}],"predecessor-version":[{"id":5437,"href":"https:\/\/labcare365.com\/index.php?rest_route=\/wp\/v2\/pages\/3242\/revisions\/5437"}],"wp:attachment":[{"href":"https:\/\/labcare365.com\/index.php?rest_route=%2Fwp%2Fv2%2Fmedia&parent=3242"}],"curies":[{"name":"wp","href":"https:\/\/api.w.org\/{rel}","templated":true}]}}