{"id":3237,"date":"2024-09-27T06:59:50","date_gmt":"2024-09-27T06:59:50","guid":{"rendered":"https:\/\/labcare365.com\/?page_id=3237"},"modified":"2026-03-27T11:58:51","modified_gmt":"2026-03-27T11:58:51","slug":"servei-tecnic-per-a-laboratori","status":"publish","type":"page","link":"https:\/\/labcare365.com\/?page_id=3237","title":{"rendered":"Inicio &#8211; Catal\u00e0"},"content":{"rendered":"\t\t<div data-elementor-type=\"wp-page\" data-elementor-id=\"3237\" class=\"elementor elementor-3237\">\n\t\t\t\t\t\t<section class=\"elementor-section elementor-top-section elementor-element elementor-element-ffdfcd0 elementor-section-content-top elementor-section-stretched elementor-section-boxed elementor-section-height-default elementor-section-height-default elementor-invisible\" data-id=\"ffdfcd0\" data-element_type=\"section\" data-settings=\"{&quot;stretch_section&quot;:&quot;section-stretched&quot;,&quot;background_background&quot;:&quot;classic&quot;,&quot;animation&quot;:&quot;fadeIn&quot;}\">\n\t\t\t\t\t\t<div class=\"elementor-container elementor-column-gap-default\">\n\t\t\t\t\t<div class=\"elementor-column elementor-col-100 elementor-top-column elementor-element elementor-element-28f314e\" data-id=\"28f314e\" data-element_type=\"column\" data-settings=\"{&quot;background_background&quot;:&quot;classic&quot;,&quot;animation&quot;:&quot;none&quot;}\">\n\t\t\t<div class=\"elementor-widget-wrap elementor-element-populated\">\n\t\t\t\t\t\t<div class=\"elementor-element elementor-element-d05d0a0 elementor-widget elementor-widget-heading\" data-id=\"d05d0a0\" data-element_type=\"widget\" data-widget_type=\"heading.default\">\n\t\t\t\t<div class=\"elementor-widget-container\">\n\t\t\t\t\t<h2 class=\"elementor-heading-title elementor-size-default\">Servei t\u00e8cnic de laboratori <\/h2>\t\t\t\t<\/div>\n\t\t\t\t<\/div>\n\t\t\t\t<div class=\"elementor-element elementor-element-21ab61e elementor-widget elementor-widget-text-editor\" data-id=\"21ab61e\" data-element_type=\"widget\" data-widget_type=\"text-editor.default\">\n\t\t\t\t<div class=\"elementor-widget-container\">\n\t\t\t\t\t\t\t\t\t<p style=\"text-align: center;\">En Labcare365 som especialistes en <strong>servei t\u00e8cnic de laboratori<\/strong>, oferint manteniment preventiu i correctiu, reparaci\u00f3, calibratge, qualificaci\u00f3 IQ\/OQ\/PQ i assist\u00e8ncia t\u00e8cnica d&#8217;equips de laboratori per a assegurar el seu rendiment i continu\u00eftat operativa.<\/p>\t\t\t\t\t\t\t\t<\/div>\n\t\t\t\t<\/div>\n\t\t\t\t<div class=\"elementor-element elementor-element-21f83db elementor-widget elementor-widget-heading\" data-id=\"21f83db\" data-element_type=\"widget\" data-widget_type=\"heading.default\">\n\t\t\t\t<div class=\"elementor-widget-container\">\n\t\t\t\t\t<h2 class=\"elementor-heading-title elementor-size-default\">Cuidem del teu laboratori els 365 dies de l\u2019any<\/h2>\t\t\t\t<\/div>\n\t\t\t\t<\/div>\n\t\t\t\t\t<\/div>\n\t\t<\/div>\n\t\t\t\t\t<\/div>\n\t\t<\/section>\n\t\t\t\t<section class=\"elementor-section elementor-top-section elementor-element elementor-element-e05f713 elementor-section-full_width elementor-section-height-default elementor-section-height-default elementor-invisible\" data-id=\"e05f713\" data-element_type=\"section\" data-settings=\"{&quot;animation&quot;:&quot;fadeInDown&quot;}\">\n\t\t\t\t\t\t<div class=\"elementor-container elementor-column-gap-default\">\n\t\t\t\t\t<div class=\"elementor-column elementor-col-25 elementor-top-column elementor-element elementor-element-fecae31\" data-id=\"fecae31\" data-element_type=\"column\">\n\t\t\t<div class=\"elementor-widget-wrap elementor-element-populated\">\n\t\t\t\t\t\t<div class=\"elementor-element elementor-element-1291061 elementor-position-top elementor-invisible elementor-widget elementor-widget-image-box\" data-id=\"1291061\" data-element_type=\"widget\" data-settings=\"{&quot;_animation&quot;:&quot;fadeInLeft&quot;,&quot;_animation_delay&quot;:100}\" data-widget_type=\"image-box.default\">\n\t\t\t\t<div class=\"elementor-widget-container\">\n\t\t\t\t\t<div class=\"elementor-image-box-wrapper\"><figure class=\"elementor-image-box-img\"><a href=\"https:\/\/labcare365.com\/?page_id=3260\" tabindex=\"-1\"><img fetchpriority=\"high\" decoding=\"async\" width=\"413\" height=\"413\" src=\"https:\/\/labcare365.com\/wp-content\/uploads\/2023\/05\/labcare365-1.png\" class=\"attachment-full size-full wp-image-1657\" alt=\"Instalaci\u00f3n y protocolos IQ-OQ-PQ\" srcset=\"https:\/\/labcare365.com\/wp-content\/uploads\/2023\/05\/labcare365-1.png 413w, https:\/\/labcare365.com\/wp-content\/uploads\/2023\/05\/labcare365-1-300x300.png 300w, https:\/\/labcare365.com\/wp-content\/uploads\/2023\/05\/labcare365-1-150x150.png 150w\" sizes=\"(max-width: 413px) 100vw, 413px\" \/><\/a><\/figure><div class=\"elementor-image-box-content\"><h3 class=\"elementor-image-box-title\"><a href=\"https:\/\/labcare365.com\/?page_id=3260\">Instal\u00b7laci\u00f3 i protocols  <\/br>IQ-OQ-PQ<\/a><\/h3><\/div><\/div>\t\t\t\t<\/div>\n\t\t\t\t<\/div>\n\t\t\t\t\t<\/div>\n\t\t<\/div>\n\t\t\t\t<div class=\"elementor-column elementor-col-25 elementor-top-column elementor-element elementor-element-7575b33\" data-id=\"7575b33\" data-element_type=\"column\">\n\t\t\t<div class=\"elementor-widget-wrap elementor-element-populated\">\n\t\t\t\t\t\t<div class=\"elementor-element elementor-element-31e93aa elementor-position-top elementor-invisible elementor-widget elementor-widget-image-box\" data-id=\"31e93aa\" data-element_type=\"widget\" data-settings=\"{&quot;_animation&quot;:&quot;fadeIn&quot;,&quot;_animation_delay&quot;:100}\" data-widget_type=\"image-box.default\">\n\t\t\t\t<div class=\"elementor-widget-container\">\n\t\t\t\t\t<div class=\"elementor-image-box-wrapper\"><figure class=\"elementor-image-box-img\"><a href=\"https:\/\/labcare365.com\/?page_id=3260\" tabindex=\"-1\"><img decoding=\"async\" width=\"413\" height=\"413\" src=\"https:\/\/labcare365.com\/wp-content\/uploads\/2023\/05\/labcare365-5.png\" class=\"attachment-full size-full wp-image-1661\" alt=\"\" srcset=\"https:\/\/labcare365.com\/wp-content\/uploads\/2023\/05\/labcare365-5.png 413w, https:\/\/labcare365.com\/wp-content\/uploads\/2023\/05\/labcare365-5-300x300.png 300w, https:\/\/labcare365.com\/wp-content\/uploads\/2023\/05\/labcare365-5-150x150.png 150w\" sizes=\"(max-width: 413px) 100vw, 413px\" \/><\/a><\/figure><div class=\"elementor-image-box-content\"><h3 class=\"elementor-image-box-title\"><a href=\"https:\/\/labcare365.com\/?page_id=3260\">Manteniment preventiu d'equips<\/a><\/h3><\/div><\/div>\t\t\t\t<\/div>\n\t\t\t\t<\/div>\n\t\t\t\t\t<\/div>\n\t\t<\/div>\n\t\t\t\t<div class=\"elementor-column elementor-col-25 elementor-top-column elementor-element elementor-element-b4a427e\" data-id=\"b4a427e\" data-element_type=\"column\">\n\t\t\t<div class=\"elementor-widget-wrap elementor-element-populated\">\n\t\t\t\t\t\t<div class=\"elementor-element elementor-element-cf899a9 elementor-position-top elementor-invisible elementor-widget elementor-widget-image-box\" data-id=\"cf899a9\" data-element_type=\"widget\" data-settings=\"{&quot;_animation&quot;:&quot;fadeIn&quot;,&quot;_animation_delay&quot;:100}\" data-widget_type=\"image-box.default\">\n\t\t\t\t<div class=\"elementor-widget-container\">\n\t\t\t\t\t<div class=\"elementor-image-box-wrapper\"><figure class=\"elementor-image-box-img\"><a href=\"https:\/\/labcare365.com\/?page_id=3260\" tabindex=\"-1\"><img decoding=\"async\" width=\"413\" height=\"413\" src=\"https:\/\/labcare365.com\/wp-content\/uploads\/2023\/05\/labcare365-6.png\" class=\"attachment-full size-full wp-image-1662\" alt=\"\" srcset=\"https:\/\/labcare365.com\/wp-content\/uploads\/2023\/05\/labcare365-6.png 413w, https:\/\/labcare365.com\/wp-content\/uploads\/2023\/05\/labcare365-6-300x300.png 300w, https:\/\/labcare365.com\/wp-content\/uploads\/2023\/05\/labcare365-6-150x150.png 150w\" sizes=\"(max-width: 413px) 100vw, 413px\" \/><\/a><\/figure><div class=\"elementor-image-box-content\"><h3 class=\"elementor-image-box-title\"><a href=\"https:\/\/labcare365.com\/?page_id=3260\">Reparacions | Resoluci\u00f3 d'avaries r\u00e0pides<\/a><\/h3><\/div><\/div>\t\t\t\t<\/div>\n\t\t\t\t<\/div>\n\t\t\t\t\t<\/div>\n\t\t<\/div>\n\t\t\t\t<div class=\"elementor-column elementor-col-25 elementor-top-column elementor-element elementor-element-16758ed\" data-id=\"16758ed\" data-element_type=\"column\">\n\t\t\t<div class=\"elementor-widget-wrap elementor-element-populated\">\n\t\t\t\t\t\t<div class=\"elementor-element elementor-element-51092f1 elementor-position-top elementor-invisible elementor-widget elementor-widget-image-box\" data-id=\"51092f1\" data-element_type=\"widget\" data-settings=\"{&quot;_animation&quot;:&quot;fadeInRight&quot;,&quot;_animation_delay&quot;:100}\" data-widget_type=\"image-box.default\">\n\t\t\t\t<div class=\"elementor-widget-container\">\n\t\t\t\t\t<div class=\"elementor-image-box-wrapper\"><figure class=\"elementor-image-box-img\"><a href=\"https:\/\/labcare365.com\/?page_id=3260\" tabindex=\"-1\"><img loading=\"lazy\" decoding=\"async\" width=\"413\" height=\"413\" src=\"https:\/\/labcare365.com\/wp-content\/uploads\/2023\/05\/labcare365-4.png\" class=\"attachment-full size-full wp-image-1660\" alt=\"\" srcset=\"https:\/\/labcare365.com\/wp-content\/uploads\/2023\/05\/labcare365-4.png 413w, https:\/\/labcare365.com\/wp-content\/uploads\/2023\/05\/labcare365-4-300x300.png 300w, https:\/\/labcare365.com\/wp-content\/uploads\/2023\/05\/labcare365-4-150x150.png 150w\" sizes=\"(max-width: 413px) 100vw, 413px\" \/><\/a><\/figure><div class=\"elementor-image-box-content\"><h3 class=\"elementor-image-box-title\"><a href=\"https:\/\/labcare365.com\/?page_id=3260\">Calibratge peri\u00f2dic d'equips<\/a><\/h3><\/div><\/div>\t\t\t\t<\/div>\n\t\t\t\t<\/div>\n\t\t\t\t\t<\/div>\n\t\t<\/div>\n\t\t\t\t\t<\/div>\n\t\t<\/section>\n\t\t\t\t<section class=\"elementor-section elementor-top-section elementor-element elementor-element-7357a8b elementor-section-full_width elementor-section-height-default elementor-section-height-default elementor-invisible\" data-id=\"7357a8b\" data-element_type=\"section\" data-settings=\"{&quot;animation&quot;:&quot;fadeInDown&quot;}\">\n\t\t\t\t\t\t<div class=\"elementor-container elementor-column-gap-default\">\n\t\t\t\t\t<div class=\"elementor-column elementor-col-25 elementor-top-column elementor-element elementor-element-836b7f1\" data-id=\"836b7f1\" data-element_type=\"column\">\n\t\t\t<div class=\"elementor-widget-wrap elementor-element-populated\">\n\t\t\t\t\t\t<div class=\"elementor-element elementor-element-1150a7c elementor-position-top elementor-invisible elementor-widget elementor-widget-image-box\" data-id=\"1150a7c\" data-element_type=\"widget\" data-settings=\"{&quot;_animation&quot;:&quot;fadeInUp&quot;,&quot;_animation_delay&quot;:100}\" data-widget_type=\"image-box.default\">\n\t\t\t\t<div class=\"elementor-widget-container\">\n\t\t\t\t\t<div class=\"elementor-image-box-wrapper\"><figure class=\"elementor-image-box-img\"><a href=\"https:\/\/labcare365.com\/?page_id=3260\" tabindex=\"-1\"><img loading=\"lazy\" decoding=\"async\" width=\"413\" height=\"413\" src=\"https:\/\/labcare365.com\/wp-content\/uploads\/2023\/05\/labcare365-2.png\" class=\"attachment-full size-full wp-image-1658\" alt=\"Mudanza y traslado de laboratorios\" srcset=\"https:\/\/labcare365.com\/wp-content\/uploads\/2023\/05\/labcare365-2.png 413w, https:\/\/labcare365.com\/wp-content\/uploads\/2023\/05\/labcare365-2-300x300.png 300w, https:\/\/labcare365.com\/wp-content\/uploads\/2023\/05\/labcare365-2-150x150.png 150w\" sizes=\"(max-width: 413px) 100vw, 413px\" \/><\/a><\/figure><div class=\"elementor-image-box-content\"><h3 class=\"elementor-image-box-title\"><a href=\"https:\/\/labcare365.com\/?page_id=3260\">Mudan\u00e7a i trasllat de laboratoris<\/a><\/h3><\/div><\/div>\t\t\t\t<\/div>\n\t\t\t\t<\/div>\n\t\t\t\t\t<\/div>\n\t\t<\/div>\n\t\t\t\t<div class=\"elementor-column elementor-col-25 elementor-top-column elementor-element elementor-element-76f04bc\" data-id=\"76f04bc\" data-element_type=\"column\">\n\t\t\t<div class=\"elementor-widget-wrap elementor-element-populated\">\n\t\t\t\t\t\t<div class=\"elementor-element elementor-element-c49b354 elementor-position-top elementor-invisible elementor-widget elementor-widget-image-box\" data-id=\"c49b354\" data-element_type=\"widget\" data-settings=\"{&quot;_animation&quot;:&quot;fadeInUp&quot;,&quot;_animation_delay&quot;:100}\" data-widget_type=\"image-box.default\">\n\t\t\t\t<div class=\"elementor-widget-container\">\n\t\t\t\t\t<div class=\"elementor-image-box-wrapper\"><figure class=\"elementor-image-box-img\"><a href=\"https:\/\/labcare365.com\/?page_id=3260\" tabindex=\"-1\"><img loading=\"lazy\" decoding=\"async\" width=\"413\" height=\"413\" src=\"https:\/\/labcare365.com\/wp-content\/uploads\/2024\/04\/iconosSErvicios-recambios.png\" class=\"attachment-full size-full wp-image-2849\" alt=\"\" srcset=\"https:\/\/labcare365.com\/wp-content\/uploads\/2024\/04\/iconosSErvicios-recambios.png 413w, https:\/\/labcare365.com\/wp-content\/uploads\/2024\/04\/iconosSErvicios-recambios-300x300.png 300w, https:\/\/labcare365.com\/wp-content\/uploads\/2024\/04\/iconosSErvicios-recambios-150x150.png 150w\" sizes=\"(max-width: 413px) 100vw, 413px\" \/><\/a><\/figure><div class=\"elementor-image-box-content\"><h3 class=\"elementor-image-box-title\"><a href=\"https:\/\/labcare365.com\/?page_id=3260\">Venda | Subministrament de recanvis i recanvis originals<\/a><\/h3><\/div><\/div>\t\t\t\t<\/div>\n\t\t\t\t<\/div>\n\t\t\t\t\t<\/div>\n\t\t<\/div>\n\t\t\t\t<div class=\"elementor-column elementor-col-25 elementor-top-column elementor-element elementor-element-0a50d37\" data-id=\"0a50d37\" data-element_type=\"column\">\n\t\t\t<div class=\"elementor-widget-wrap elementor-element-populated\">\n\t\t\t\t\t\t<div class=\"elementor-element elementor-element-4616111 elementor-position-top elementor-invisible elementor-widget elementor-widget-image-box\" data-id=\"4616111\" data-element_type=\"widget\" data-settings=\"{&quot;_animation&quot;:&quot;fadeInUp&quot;,&quot;_animation_delay&quot;:100}\" data-widget_type=\"image-box.default\">\n\t\t\t\t<div class=\"elementor-widget-container\">\n\t\t\t\t\t<div class=\"elementor-image-box-wrapper\"><figure class=\"elementor-image-box-img\"><a href=\"https:\/\/labcare365.com\/?page_id=3260\" tabindex=\"-1\"><img loading=\"lazy\" decoding=\"async\" width=\"413\" height=\"413\" src=\"https:\/\/labcare365.com\/wp-content\/uploads\/2024\/04\/iconosSErvicios-remoto.png\" class=\"attachment-full size-full wp-image-2850\" alt=\"\" srcset=\"https:\/\/labcare365.com\/wp-content\/uploads\/2024\/04\/iconosSErvicios-remoto.png 413w, https:\/\/labcare365.com\/wp-content\/uploads\/2024\/04\/iconosSErvicios-remoto-300x300.png 300w, https:\/\/labcare365.com\/wp-content\/uploads\/2024\/04\/iconosSErvicios-remoto-150x150.png 150w\" sizes=\"(max-width: 413px) 100vw, 413px\" \/><\/a><\/figure><div class=\"elementor-image-box-content\"><h3 class=\"elementor-image-box-title\"><a href=\"https:\/\/labcare365.com\/?page_id=3260\">Assist\u00e8ncia t\u00e8cnica videoconfer\u00e8ncia | Videotelefonada<\/a><\/h3><\/div><\/div>\t\t\t\t<\/div>\n\t\t\t\t<\/div>\n\t\t\t\t\t<\/div>\n\t\t<\/div>\n\t\t\t\t<div class=\"elementor-column elementor-col-25 elementor-top-column elementor-element elementor-element-4e4ad60\" data-id=\"4e4ad60\" data-element_type=\"column\">\n\t\t\t<div class=\"elementor-widget-wrap elementor-element-populated\">\n\t\t\t\t\t\t<div class=\"elementor-element elementor-element-fddfb1e elementor-position-top elementor-invisible elementor-widget elementor-widget-image-box\" data-id=\"fddfb1e\" data-element_type=\"widget\" data-settings=\"{&quot;_animation&quot;:&quot;fadeInRight&quot;,&quot;_animation_delay&quot;:100}\" data-widget_type=\"image-box.default\">\n\t\t\t\t<div class=\"elementor-widget-container\">\n\t\t\t\t\t<div class=\"elementor-image-box-wrapper\"><figure class=\"elementor-image-box-img\"><a href=\"https:\/\/labcare365.com\/?page_id=3260\" tabindex=\"-1\"><img loading=\"lazy\" decoding=\"async\" width=\"413\" height=\"413\" src=\"https:\/\/labcare365.com\/wp-content\/uploads\/2023\/05\/labcare365-3.png\" class=\"attachment-full size-full wp-image-1659\" alt=\"\" srcset=\"https:\/\/labcare365.com\/wp-content\/uploads\/2023\/05\/labcare365-3.png 413w, https:\/\/labcare365.com\/wp-content\/uploads\/2023\/05\/labcare365-3-300x300.png 300w, https:\/\/labcare365.com\/wp-content\/uploads\/2023\/05\/labcare365-3-150x150.png 150w\" sizes=\"(max-width: 413px) 100vw, 413px\" \/><\/a><\/figure><div class=\"elementor-image-box-content\"><h3 class=\"elementor-image-box-title\"><a href=\"https:\/\/labcare365.com\/?page_id=3260\">Certificaci\u00f3 d'equips | normativa<\/a><\/h3><\/div><\/div>\t\t\t\t<\/div>\n\t\t\t\t<\/div>\n\t\t\t\t\t<\/div>\n\t\t<\/div>\n\t\t\t\t\t<\/div>\n\t\t<\/section>\n\t\t\t\t<\/div>\n\t\t","protected":false},"excerpt":{"rendered":"<p>Servei t\u00e8cnic de laboratori En Labcare365 som especialistes en servei t\u00e8cnic de laboratori, oferint manteniment preventiu i correctiu, reparaci\u00f3, calibratge, qualificaci\u00f3 IQ\/OQ\/PQ i assist\u00e8ncia t\u00e8cnica d&#8217;equips de laboratori per a assegurar el seu rendiment i continu\u00eftat operativa. Cuidem del teu laboratori els 365 dies de l\u2019any Instal\u00b7laci\u00f3 i protocols IQ-OQ-PQ Manteniment preventiu d&#8217;equips Reparacions | [&hellip;]<\/p>\n","protected":false},"author":1,"featured_media":0,"parent":0,"menu_order":0,"comment_status":"closed","ping_status":"closed","template":"","meta":{"footnotes":""},"class_list":["post-3237","page","type-page","status-publish","hentry"],"yoast_head":"<!-- This site is optimized with the Yoast SEO plugin v26.6 - https:\/\/yoast.com\/wordpress\/plugins\/seo\/ -->\n<title>Inicio - Catal\u00e0 - Lab Care 365 S.L.<\/title>\n<meta name=\"description\" content=\"Servei t\u00e8cnic per a laboratori. Instal\u00b7laci\u00f3 d&#039;equips IQ-OQ-PQ. Manteniment preventiu d&#039;equips de laboratori, recanvis originals.\" \/>\n<meta name=\"robots\" content=\"index, follow, max-snippet:-1, max-image-preview:large, max-video-preview:-1\" \/>\n<link rel=\"canonical\" href=\"https:\/\/labcare365.com\/?page_id=3237\" \/>\n<meta property=\"og:locale\" content=\"es_ES\" \/>\n<meta property=\"og:type\" content=\"article\" \/>\n<meta property=\"og:title\" content=\"Inicio - Catal\u00e0 - Lab Care 365 S.L.\" \/>\n<meta property=\"og:description\" content=\"Servei t\u00e8cnic per a laboratori. Instal\u00b7laci\u00f3 d&#039;equips IQ-OQ-PQ. Manteniment preventiu d&#039;equips de laboratori, recanvis originals.\" \/>\n<meta property=\"og:url\" content=\"https:\/\/labcare365.com\/?page_id=3237\" \/>\n<meta property=\"og:site_name\" content=\"Lab Care 365 S.L.\" \/>\n<meta property=\"article:publisher\" content=\"https:\/\/www.facebook.com\/profile.php?id=100082110493705\" \/>\n<meta property=\"article:modified_time\" content=\"2026-03-27T11:58:51+00:00\" \/>\n<meta property=\"og:image\" content=\"https:\/\/labcare365.com\/wp-content\/uploads\/2023\/05\/labcare365-1.png\" \/>\n\t<meta property=\"og:image:width\" content=\"413\" \/>\n\t<meta property=\"og:image:height\" content=\"413\" \/>\n\t<meta property=\"og:image:type\" content=\"image\/png\" \/>\n<meta name=\"twitter:card\" content=\"summary_large_image\" \/>\n<meta name=\"twitter:label1\" content=\"Tiempo de lectura\" \/>\n\t<meta name=\"twitter:data1\" content=\"2 minutos\" \/>\n<script type=\"application\/ld+json\" class=\"yoast-schema-graph\">{\"@context\":\"https:\/\/schema.org\",\"@graph\":[{\"@type\":\"WebPage\",\"@id\":\"https:\/\/labcare365.com\/?page_id=3237\",\"url\":\"https:\/\/labcare365.com\/?page_id=3237\",\"name\":\"Inicio - Catal\u00e0 - Lab Care 365 S.L.\",\"isPartOf\":{\"@id\":\"https:\/\/labcare365.com\/#website\"},\"primaryImageOfPage\":{\"@id\":\"https:\/\/labcare365.com\/?page_id=3237#primaryimage\"},\"image\":{\"@id\":\"https:\/\/labcare365.com\/?page_id=3237#primaryimage\"},\"thumbnailUrl\":\"https:\/\/labcare365.com\/wp-content\/uploads\/2023\/05\/labcare365-1.png\",\"datePublished\":\"2024-09-27T06:59:50+00:00\",\"dateModified\":\"2026-03-27T11:58:51+00:00\",\"description\":\"Servei t\u00e8cnic per a laboratori. Instal\u00b7laci\u00f3 d'equips IQ-OQ-PQ. Manteniment preventiu d'equips de laboratori, recanvis originals.\",\"breadcrumb\":{\"@id\":\"https:\/\/labcare365.com\/?page_id=3237#breadcrumb\"},\"inLanguage\":\"es\",\"potentialAction\":[{\"@type\":\"ReadAction\",\"target\":[\"https:\/\/labcare365.com\/?page_id=3237\"]}]},{\"@type\":\"ImageObject\",\"inLanguage\":\"es\",\"@id\":\"https:\/\/labcare365.com\/?page_id=3237#primaryimage\",\"url\":\"https:\/\/labcare365.com\/wp-content\/uploads\/2023\/05\/labcare365-1.png\",\"contentUrl\":\"https:\/\/labcare365.com\/wp-content\/uploads\/2023\/05\/labcare365-1.png\",\"width\":413,\"height\":413,\"caption\":\"Instalaci\u00f3n y protocolos IQ-OQ-PQ\"},{\"@type\":\"BreadcrumbList\",\"@id\":\"https:\/\/labcare365.com\/?page_id=3237#breadcrumb\",\"itemListElement\":[{\"@type\":\"ListItem\",\"position\":1,\"name\":\"Portada\",\"item\":\"https:\/\/labcare365.com\/\"},{\"@type\":\"ListItem\",\"position\":2,\"name\":\"Inicio &#8211; Catal\u00e0\"}]},{\"@type\":\"WebSite\",\"@id\":\"https:\/\/labcare365.com\/#website\",\"url\":\"https:\/\/labcare365.com\/\",\"name\":\"labcare365.com\",\"description\":\"Lab Care 365 S.L. - Servicio t\u00e9cnico de laboratorio\",\"publisher\":{\"@id\":\"https:\/\/labcare365.com\/#organization\"},\"potentialAction\":[{\"@type\":\"SearchAction\",\"target\":{\"@type\":\"EntryPoint\",\"urlTemplate\":\"https:\/\/labcare365.com\/?s={search_term_string}\"},\"query-input\":{\"@type\":\"PropertyValueSpecification\",\"valueRequired\":true,\"valueName\":\"search_term_string\"}}],\"inLanguage\":\"es\"},{\"@type\":\"Organization\",\"@id\":\"https:\/\/labcare365.com\/#organization\",\"name\":\"labcare 365 s.l.\",\"alternateName\":\"Servicio t\u00e9cnico de laboratorio\",\"url\":\"https:\/\/labcare365.com\/\",\"logo\":{\"@type\":\"ImageObject\",\"inLanguage\":\"es\",\"@id\":\"https:\/\/labcare365.com\/#\/schema\/logo\/image\/\",\"url\":\"https:\/\/labcare365.com\/wp-content\/uploads\/2023\/05\/cropped-icoLABcare365.png\",\"contentUrl\":\"https:\/\/labcare365.com\/wp-content\/uploads\/2023\/05\/cropped-icoLABcare365.png\",\"width\":512,\"height\":512,\"caption\":\"labcare 365 s.l.\"},\"image\":{\"@id\":\"https:\/\/labcare365.com\/#\/schema\/logo\/image\/\"},\"sameAs\":[\"https:\/\/www.facebook.com\/profile.php?id=100082110493705\",\"https:\/\/www.linkedin.com\/company\/labcare365\/\"]}]}<\/script>\n<!-- \/ Yoast SEO plugin. -->","yoast_head_json":{"title":"Inicio - Catal\u00e0 - Lab Care 365 S.L.","description":"Servei t\u00e8cnic per a laboratori. Instal\u00b7laci\u00f3 d'equips IQ-OQ-PQ. Manteniment preventiu d'equips de laboratori, recanvis originals.","robots":{"index":"index","follow":"follow","max-snippet":"max-snippet:-1","max-image-preview":"max-image-preview:large","max-video-preview":"max-video-preview:-1"},"canonical":"https:\/\/labcare365.com\/?page_id=3237","og_locale":"es_ES","og_type":"article","og_title":"Inicio - Catal\u00e0 - Lab Care 365 S.L.","og_description":"Servei t\u00e8cnic per a laboratori. Instal\u00b7laci\u00f3 d'equips IQ-OQ-PQ. Manteniment preventiu d'equips de laboratori, recanvis originals.","og_url":"https:\/\/labcare365.com\/?page_id=3237","og_site_name":"Lab Care 365 S.L.","article_publisher":"https:\/\/www.facebook.com\/profile.php?id=100082110493705","article_modified_time":"2026-03-27T11:58:51+00:00","og_image":[{"width":413,"height":413,"url":"https:\/\/labcare365.com\/wp-content\/uploads\/2023\/05\/labcare365-1.png","type":"image\/png"}],"twitter_card":"summary_large_image","twitter_misc":{"Tiempo de lectura":"2 minutos"},"schema":{"@context":"https:\/\/schema.org","@graph":[{"@type":"WebPage","@id":"https:\/\/labcare365.com\/?page_id=3237","url":"https:\/\/labcare365.com\/?page_id=3237","name":"Inicio - Catal\u00e0 - Lab Care 365 S.L.","isPartOf":{"@id":"https:\/\/labcare365.com\/#website"},"primaryImageOfPage":{"@id":"https:\/\/labcare365.com\/?page_id=3237#primaryimage"},"image":{"@id":"https:\/\/labcare365.com\/?page_id=3237#primaryimage"},"thumbnailUrl":"https:\/\/labcare365.com\/wp-content\/uploads\/2023\/05\/labcare365-1.png","datePublished":"2024-09-27T06:59:50+00:00","dateModified":"2026-03-27T11:58:51+00:00","description":"Servei t\u00e8cnic per a laboratori. Instal\u00b7laci\u00f3 d'equips IQ-OQ-PQ. Manteniment preventiu d'equips de laboratori, recanvis originals.","breadcrumb":{"@id":"https:\/\/labcare365.com\/?page_id=3237#breadcrumb"},"inLanguage":"es","potentialAction":[{"@type":"ReadAction","target":["https:\/\/labcare365.com\/?page_id=3237"]}]},{"@type":"ImageObject","inLanguage":"es","@id":"https:\/\/labcare365.com\/?page_id=3237#primaryimage","url":"https:\/\/labcare365.com\/wp-content\/uploads\/2023\/05\/labcare365-1.png","contentUrl":"https:\/\/labcare365.com\/wp-content\/uploads\/2023\/05\/labcare365-1.png","width":413,"height":413,"caption":"Instalaci\u00f3n y protocolos IQ-OQ-PQ"},{"@type":"BreadcrumbList","@id":"https:\/\/labcare365.com\/?page_id=3237#breadcrumb","itemListElement":[{"@type":"ListItem","position":1,"name":"Portada","item":"https:\/\/labcare365.com\/"},{"@type":"ListItem","position":2,"name":"Inicio &#8211; Catal\u00e0"}]},{"@type":"WebSite","@id":"https:\/\/labcare365.com\/#website","url":"https:\/\/labcare365.com\/","name":"labcare365.com","description":"Lab Care 365 S.L. - Servicio t\u00e9cnico de laboratorio","publisher":{"@id":"https:\/\/labcare365.com\/#organization"},"potentialAction":[{"@type":"SearchAction","target":{"@type":"EntryPoint","urlTemplate":"https:\/\/labcare365.com\/?s={search_term_string}"},"query-input":{"@type":"PropertyValueSpecification","valueRequired":true,"valueName":"search_term_string"}}],"inLanguage":"es"},{"@type":"Organization","@id":"https:\/\/labcare365.com\/#organization","name":"labcare 365 s.l.","alternateName":"Servicio t\u00e9cnico de laboratorio","url":"https:\/\/labcare365.com\/","logo":{"@type":"ImageObject","inLanguage":"es","@id":"https:\/\/labcare365.com\/#\/schema\/logo\/image\/","url":"https:\/\/labcare365.com\/wp-content\/uploads\/2023\/05\/cropped-icoLABcare365.png","contentUrl":"https:\/\/labcare365.com\/wp-content\/uploads\/2023\/05\/cropped-icoLABcare365.png","width":512,"height":512,"caption":"labcare 365 s.l."},"image":{"@id":"https:\/\/labcare365.com\/#\/schema\/logo\/image\/"},"sameAs":["https:\/\/www.facebook.com\/profile.php?id=100082110493705","https:\/\/www.linkedin.com\/company\/labcare365\/"]}]}},"_links":{"self":[{"href":"https:\/\/labcare365.com\/index.php?rest_route=\/wp\/v2\/pages\/3237","targetHints":{"allow":["GET"]}}],"collection":[{"href":"https:\/\/labcare365.com\/index.php?rest_route=\/wp\/v2\/pages"}],"about":[{"href":"https:\/\/labcare365.com\/index.php?rest_route=\/wp\/v2\/types\/page"}],"author":[{"embeddable":true,"href":"https:\/\/labcare365.com\/index.php?rest_route=\/wp\/v2\/users\/1"}],"replies":[{"embeddable":true,"href":"https:\/\/labcare365.com\/index.php?rest_route=%2Fwp%2Fv2%2Fcomments&post=3237"}],"version-history":[{"count":48,"href":"https:\/\/labcare365.com\/index.php?rest_route=\/wp\/v2\/pages\/3237\/revisions"}],"predecessor-version":[{"id":5569,"href":"https:\/\/labcare365.com\/index.php?rest_route=\/wp\/v2\/pages\/3237\/revisions\/5569"}],"wp:attachment":[{"href":"https:\/\/labcare365.com\/index.php?rest_route=%2Fwp%2Fv2%2Fmedia&parent=3237"}],"curies":[{"name":"wp","href":"https:\/\/api.w.org\/{rel}","templated":true}]}}