{"id":2403,"date":"2023-07-20T06:53:57","date_gmt":"2023-07-20T06:53:57","guid":{"rendered":"https:\/\/labcare365.com\/?page_id=2403"},"modified":"2024-09-30T12:45:11","modified_gmt":"2024-09-30T12:45:11","slug":"politica-proteccion-datos","status":"publish","type":"page","link":"https:\/\/labcare365.com\/?page_id=2403","title":{"rendered":"Pol\u00edtica protecci\u00f3n datos"},"content":{"rendered":"\t\t<div data-elementor-type=\"wp-page\" data-elementor-id=\"2403\" class=\"elementor elementor-2403\">\n\t\t\t\t\t\t<section class=\"elementor-section elementor-top-section elementor-element elementor-element-1465136 elementor-section-boxed elementor-section-height-default elementor-section-height-default\" data-id=\"1465136\" data-element_type=\"section\">\n\t\t\t\t\t\t<div class=\"elementor-container elementor-column-gap-default\">\n\t\t\t\t\t<div class=\"elementor-column elementor-col-100 elementor-top-column elementor-element elementor-element-882baf0\" data-id=\"882baf0\" data-element_type=\"column\">\n\t\t\t<div class=\"elementor-widget-wrap elementor-element-populated\">\n\t\t\t\t\t\t<div class=\"elementor-element elementor-element-eb09bee elementor-widget elementor-widget-text-editor\" data-id=\"eb09bee\" data-element_type=\"widget\" data-widget_type=\"text-editor.default\">\n\t\t\t\t<div class=\"elementor-widget-container\">\n\t\t\t\t\t\t\t\t\t<h1><strong>Datenschutzerkl\u00e4rung und -hinweise<\/strong><\/h1>\n<p><br \/>LAB CARE 365 S.L., ist sich der Bedeutung der geltenden Vorschriften zum Datenschutz und zum Schutz personenbezogener Daten bewusst. In diesem Sinne legen wir gro\u00dfen Wert auf den Schutz der Sicherheit, Integrit\u00e4t, Richtigkeit und Vertraulichkeit der von unseren Kunden und Nutzern zur Verf\u00fcgung gestellten Daten und handeln in dieser Hinsicht verantwortungsvoll und transparent. Diese Datenschutzrichtlinie (im Folgenden \u00abDie Richtlinie\u00bb) soll Sie dar\u00fcber informieren, wie wir personenbezogene Daten erfassen, verarbeiten und sch\u00fctzen. Bitte geben Sie auch den Zweck der gesammelten Daten sowie die Zwecke an, f\u00fcr die sie von Dritten verwendet werden k\u00f6nnen, entweder \u00fcber<a href=\"https:\/\/www.labcare365.com\/\"> https:\/\/www.labcare365.com\/<\/a> (im Folgenden \u00abdie Plattform\u00bb) oder auf andere Weise wie Telefon, E-Mail oder Post.<br \/><br \/>LAB CARE 365 S.L. erkl\u00e4rt, dass versucht wurde, eine m\u00f6glichst einfache und klare Beschreibung dieser Richtlinie zu geben. LAB CARE 365 S.L. ist sich bewusst, dass Ihre Privatsph\u00e4re wichtig ist. Daher empfehlen wir Ihnen, unsere Richtlinie zu lesen und uns zu kontaktieren, wenn Sie Fragen haben. Unsere Richtlinie gilt f\u00fcr alle von LAB CARE 365 S.L. angebotenen Dienste, schlie\u00dft jedoch diejenigen Dienste aus, die einer separaten Datenschutzrichtlinie unterliegen, die nicht diese Richtlinie enth\u00e4lt.<br \/><br \/>Unsere Richtlinie regelt nicht die Datenverarbeitungsaktivit\u00e4ten anderer Unternehmen und Organisationen, die unsere Dienstleistungen und\/oder Produkte bewerben und m\u00f6glicherweise Cookies, Web-Beacons und andere Technologien verwenden, um relevante Werbung zu ver\u00f6ffentlichen und bereitzustellen.<\/p>\n<p>\u00a0<\/p>\n<p><strong>Umfang der Datenschutzerkl\u00e4rung<\/strong><\/p>\n<p>Diese Datenschutzerkl\u00e4rung gilt f\u00fcr die von unseren Kunden oder Lieferanten, Personen, die Informationen anfordern, Benutzer unserer Website <a href=\"https:\/\/www.labcare365.com\/\">https:\/\/www.labcare365.com\/<\/a> Bewerber f\u00fcr Stellen oder Dritte, mit denen wir in Verbindung treten k\u00f6nnen und deren Daten f\u00fcr die Entwicklung unserer T\u00e4tigkeit erforderlich sind.<\/p>\n<p>\u00a0<\/p>\n<p>Der Verantwortliche f\u00fcr die Verarbeitung Ihrer Daten ist:<\/p>\n<ul>\n<li>In Spanien:\u00a0LAB CARE 365 S.L.<\/li>\n<li>N.I.F:\u00a0 B09677089<\/li>\n<li>Adresse: Pol\u00edgono. Mas d en Cisa | Carrer Josep Tura no 11A | 08181 Sentmenat | Barcelona<\/li>\n<li>E-Mail: <a href=\"mailto:dataprotection@labcare365.com\">dataprotection@labcare365.com<\/a><\/li>\n<\/ul>\n<p>\u00a0<\/p>\n<p>\u00a0<\/p>\n<h1><strong>Welche Daten sammeln wir?<\/strong><\/h1>\n<p>Wir erfassen personenbezogene Daten wie Ihren Vor- und Nachnamen, Ihre Telefonnummer und E-Mail-Adresse, Ihre Anschrift, Ihr Unternehmen oder Ihre Position in dem Unternehmen, in dem Sie uns um Informationen bitten.<\/p>\n<p>\u00a0<\/p>\n<p>Wir erfassen auch Informationen, die Ihr Webbrowser automatisch an uns sendet, wenn Sie eine unserer Websites besuchen, um Ihre Benutzererfahrung und die Gesamtqualit\u00e4t unserer Dienste zu analysieren und zu verbessern. Durch die Annahme dieser Richtlinie stimmt der Benutzer der Erzeugung von Cookies f\u00fcr den oben genannten Zweck zu und respektiert stets die jeweils geltenden Vorschriften in Bezug auf die Cookie-Richtlinie<\/p>\n<p>\u00a0<\/p>\n<p>Wenn der Nutzer jedoch sp\u00e4ter die auf seinem Computer gespeicherten Informationen l\u00f6schen m\u00f6chte, f\u00fcr die er seine Zustimmung ben\u00f6tigt, kann er dies mit den von seinem Browser bereitgestellten Tools tun.<\/p>\n<p>\u00a0<\/p>\n<h1><strong>F\u00fcr welche Zwecke verarbeiten wir Ihre Daten?<\/strong><\/h1>\n<p>Die von Ihnen zur Verf\u00fcgung gestellten Daten werden zu folgenden Zwecken verarbeitet (es sei denn, aus dem Kontext ergibt sich eindeutig, dass wir Ihre personenbezogenen Daten nur f\u00fcr einen einzigen Zweck verarbeiten werden; zum Beispiel in Formularen wie \u00abNewsletter abonnieren\u00bb):<\/p>\n<p>\u00a0<\/p>\n<ul>\n<li>+ Kontrolle der Zugriffe auf unsere Einrichtungen und Gew\u00e4hrleistung ihrer Sicherheit;<\/li>\n<li>+ Verwaltung Ihrer Gesch\u00e4ftsbeziehung mit uns in Bezug auf die angebotenen Dienstleistungen;<\/li>\n<li>+ Wenn anwendbar (weil es eine der Situationen anwendet, in denen die geltende Gesetzgebung dies erlaubt), um Ihnen unseren elektronischen Newsletter (Newsletter) und kommerzielle Mitteilungen und jegliche Art von Benachrichtigungen auf beliebigem Wege zu senden (Post, E-Mail oder Telefon), um Sie \u00fcber unsere Angebote, Aktionen, Produkte, Dienstleistungen, Rundschreiben und Kampagnen zu informieren<\/li>\n<li>+ Ihre Informationsanfragen beantworten;<\/li>\n<li>+ Durchf\u00fchrung von Umfragen, Statistiken und Analyse der Markttrends;<\/li>\n<li>+ Ihre Pr\u00e4ferenzen beim Surfen auf unseren Webseiten kennen, um unsere Dienstleistungen zu personalisieren und zu verbessern und die Sicherheit der Website aufrechtzuerhalten (wie zuvor angegeben und in der Cookie-Richtlinie beschrieben);<\/li>\n<li>+ Sie k\u00f6nnen den Zugriff auf die Clientbereiche mit Passworteinschr\u00e4nkung erm\u00f6glichen.<\/li>\n<li>+ Die Dienstleistungen und Produkte, die LAB CARE 365 S.L.<br \/><br \/><\/li>\n<\/ul>\n<h1><strong>Wenn Sie ein Bewerber f\u00fcr eine Stelle sind. k\u00f6nnen Ihre Daten zu folgenden Zwecken verarbeitet werden:<\/strong><\/h1>\n<ul>\n<li>+ Sie \u00fcber freie Stellen in unserer Organisation zu informieren;<\/li>\n<li>+ Durchf\u00fchrung von Personalauswahlverfahren;<\/li>\n<li>+ Bewerbung um Arbeitsreferenzen von Personen oder Unternehmen, bei denen Sie sich f\u00fcr eine Stelle in Ihrer Organisation entschieden haben. Sie erbringen oder erbracht haben; und gegebenenfalls, um Ihre Einstellung als Arbeitnehmer durchzuf\u00fchren.<\/li>\n<\/ul>\n<h1><br \/><strong>Wie lange speichern wir Ihre Daten?<\/strong><\/h1>\n<p><br \/>Ja, du bist. Sie eine Gesch\u00e4ftsbeziehung mit uns unterhalten, werden die von Ihnen zu diesem Zweck bereitgestellten Daten so lange aufbewahrt, wie die Gesch\u00e4ftsbeziehung besteht und f\u00fcr die Dauer der Jahre erforderlich ist, um den gesetzlichen Verpflichtungen nachzukommen. Andernfalls werden Ihre Daten so lange aufbewahrt, wie Sie die Einstellung der Aktivit\u00e4t nicht beantragen.<br \/><br \/>Wenn du es bist. Bewerber f\u00fcr eine Stelle, die Daten, die Sie uns zu diesem Zweck zur Verf\u00fcgung gestellt haben, werden bis zur Vergabe der Stelle oder bis zur Aus\u00fcbung Ihres Widerrufsrechts aufbewahrt. Wenn Sie Ihr Recht auf L\u00f6schung nicht innerhalb von 2 Jahren aus\u00fcben, werden Ihre Daten nach Ablauf dieser Frist automatisch gel\u00f6scht.<\/p>\n<p><br \/><strong>Was ist die Legitimation f\u00fcr die Verarbeitung Ihrer Daten?<\/strong><\/p>\n<p>\u00a0<\/p>\n<p><br \/>Wir sind berechtigt und befugt, die von Ihnen zur Verf\u00fcgung gestellten Informationen zu verarbeiten, wenn diese Informationen erforderlich sind, um den Versand der angeforderten Informationen oder die Verwaltung der Plattform, die Vertragsabwicklung, Durchf\u00fchrung des Abonnementvertrags, um Ihnen \u00fcber unsere Kommunikationskan\u00e4le Informationen zu \u00fcbermitteln, die f\u00fcr Sie von Interesse sind, sowie Einholung der Einwilligung zur Beantwortung von Fragen, die Sie uns \u00fcber unsere Kontaktformulare und Feedback-Formulare senden, und gegebenenfalls die Erf\u00fcllung zwingender Verpflichtungen aus dem Unionsrecht oder dem Recht der Mitgliedstaaten.<\/p>\n<p>\u00a0<\/p>\n<p>LAB CARE 365 S.L. wird die erforderlichen Ma\u00dfnahmen ergreifen, um sicherzustellen, dass die von ihr erfassten, gespeicherten und verarbeiteten personenbezogenen Daten der betroffenen Personen rechtm\u00e4\u00dfig verarbeitet werden, Sie m\u00fcssen in einer fairen und transparenten Weise handeln, wobei sie die sich aus der geltenden Rechtsordnung f\u00fcr ihre T\u00e4tigkeit ergebenden Verpflichtungen erf\u00fcllen.<br \/><br \/>Ebenso, solange es Sie ist. Teil unserer Kundschaft, werden wir auch berechtigt sein, Ihre Daten zu verwenden, um Sie \u00fcber Angebote, Aktionen, Produkte, Dienstleistungen, Rundschreiben und Kampagnen, die unserer Meinung nach unter Ber\u00fccksichtigung der zuvor gebuchten Produkte und Dienstleistungen von Interesse f\u00fcr Sie sein k\u00f6nnten, auch wenn Sie diese nicht in Anspruch nehmen. k\u00f6nnen Sie dieser Verarbeitung jederzeit widersprechen.<br \/><br \/>Abgesehen von den oben genannten F\u00e4llen werden wir immer Ihre Zustimmung einholen, bevor wir Ihre Daten verarbeiten. Die Zustimmung ist die Manifestation des freien, spezifischen, informierten und eindeutigen Willens. Sie. haben das Recht, die erteilte Einwilligung jederzeit ohne R\u00fcckwirkung zu widerrufen.<br \/><br \/><strong>An wen geben wir Ihre Daten weiter?<\/strong><\/p>\n<p><br \/>Ihre Daten k\u00f6nnen an andere Unternehmen der LAB CARE 365 S.L. Gruppe innerhalb der Europ\u00e4ischen Union sowie an Gesch\u00e4ftspartner und Partner, mit denen wir Handelsabkommen haben, weitergegeben werden, um zu den oben genannten Zwecken verarbeitet zu werden.<\/p>\n<h1><br \/><strong>Werden Ihre personenbezogenen Daten an Drittl\u00e4nder oder internationale Organisationen \u00fcbermittelt?<\/strong><\/h1>\n<p>Ja, wir informieren Sie dar\u00fcber, dass wir Informationen mit bestimmten Unternehmen teilen k\u00f6nnen, die au\u00dferhalb des Europ\u00e4ischen Wirtschaftsraums ans\u00e4ssig sind. In diesem Fall wird LAB CARE 365 S.L. Ihre Daten nur dann \u00fcbertragen, wenn sie dazu berechtigt ist und die in den Artikeln 44 bis 50 der DSGVO festgelegten Garantien erf\u00fcllt sind.<br \/><br \/>In anderen Mitteilungen wird LAB CARE 365 S.L. Ihnen weitere Details zu internationalen \u00dcberweisungen, die Sie betreffen, mitteilen.<\/p>\n<p>\u00a0<\/p>\n<h1><strong>Welche Rechte haben Sie in Bezug auf die Verarbeitung Ihrer Daten?<\/strong><\/h1>\n<p>Sie haben das Recht, Informationen \u00fcber die Verarbeitung Ihrer personenbezogenen Daten durch LAB CARE 365 S.L. zu erhalten. Insbesondere:<\/p>\n<p>\u00a0<\/p>\n<ul>\n<li>+ Sie haben das Recht, auf Ihre personenbezogenen Daten zuzugreifen, um zu erfahren, welche personenbezogenen Daten wir \u00fcber Sie verarbeiten, sowie die Berichtigung unrichtiger Daten zu verlangen oder gegebenenfalls deren L\u00f6schung zu verlangen, wenn unter anderem, wenn die Daten f\u00fcr die Zwecke, zu denen sie erhoben wurden, nicht mehr erforderlich sind.<\/li>\n<li>+ Unter bestimmten Umst\u00e4nden k\u00f6nnen Sie die Einschr\u00e4nkung der Verarbeitung Ihrer + Daten verlangen, in diesem Fall werden wir diese nur f\u00fcr die Aus\u00fcbung oder Verteidigung von Anspr\u00fcchen aufbewahren.<\/li>\n<li>+ Unter bestimmten Umst\u00e4nden und aus Gr\u00fcnden, die sich auf Ihre besondere Situation beziehen, k\u00f6nnen Sie der Verarbeitung Ihrer Daten widersprechen. LAB CARE 365 S.L. wird die Verarbeitung Ihrer Daten einstellen, au\u00dfer wenn zwingende legitime Gr\u00fcnde vorliegen oder um m\u00f6gliche Anspr\u00fcche geltend zu machen oder abzuwehren.<\/li>\n<\/ul>\n<p>\u00a0<\/p>\n<p>Sie haben das Recht auf \u00dcbertragbarkeit, d. h. die von Ihnen bereitgestellten personenbezogenen Daten werden direkt an eine andere verantwortliche Person in einem strukturierten, allgemein gebr\u00e4uchlichen und maschinenlesbaren Format \u00fcbermittelt, sofern dies technisch m\u00f6glich ist.<\/p>\n<p>\u00a0<\/p>\n<p>Sie k\u00f6nnen die genannten Rechte aus\u00fcben, indem Sie eine E-Mail an die Adresse dataprotection@labcare365.com senden. Wir werden Ihre Anfragen so schnell wie m\u00f6glich und in jedem Fall innerhalb eines (1) Monats nach Erhalt Ihrer Anfrage beantworten. Unter bestimmten Umst\u00e4nden kann diese Frist um weitere zwei (2) Monate verl\u00e4ngert werden, in diesem Fall werden wir Sie innerhalb von einem (1) Monat nach Erhalt Ihrer Anfrage rechtzeitig informieren.<\/p>\n<p>\u00a0<\/p>\n<p>Ja, du bist. Sie glauben, dass die Verarbeitung Ihrer personenbezogenen Daten gegen die Datenschutzbestimmungen verst\u00f6\u00dft oder wenn Sie der Meinung sind, dass wir Ihre Rechte nicht wahrgenommen haben, Sie. Sie k\u00f6nnen eine Beschwerde bei der zust\u00e4ndigen Aufsichtsbeh\u00f6rde Ihres Wohnorts einreichen. Sie. Sie k\u00f6nnen die verschiedenen Kontrollbeh\u00f6rden unter folgendem Link <a href=\"http:\/\/www.agpd.es\/portalwebAGPD\/enklage\/index-ides-idphp.php\">http:\/\/www.agpd.es\/portalwebAGPD\/enklage\/index-ides-idphp.php<\/a> konsultieren.<\/p>\n<p>\u00a0<\/p>\n<p>In jedem Fall bitten wir Sie, sich vor der Einleitung einer Reklamation mit uns unter dataprotection@labcare365.com oder per Post an die Adresse: LAB CARE 365 S.L., Pol\u00edgono zu wenden. Mas d en Cisa | Carrer Josep Tura no 11A | 08181 Sentmenat | Barcelona, um alle Unstimmigkeiten auf freundschaftliche Weise zu l\u00f6sen.<\/p>\n<p>\u00a0<\/p>\n<h1><strong>Haben Sie das Recht, Ihre Einwilligung zu widerrufen?<\/strong><\/h1>\n<p>Ja, jederzeit Sie. kann seine Einwilligung zur Verarbeitung seiner Daten f\u00fcr einen oder mehrere der oben genannten Zwecke widerrufen, f\u00fcr die er seine Einwilligung erteilt hat.<\/p>\n<p>\u00a0<\/p>\n<h1><strong>Besteht die M\u00f6glichkeit, diese Datenschutzerkl\u00e4rung zu \u00e4ndern?<\/strong><\/h1>\n<p>Unsere Datenschutzerkl\u00e4rung kann jederzeit ge\u00e4ndert werden. Wir werden Ihre Rechte gem\u00e4\u00df dieser Datenschutzrichtlinie nicht einschr\u00e4nken und keine besonders wichtigen \u00c4nderungen an der Datenschutzrichtlinie ohne Ihre ausdr\u00fcckliche Zustimmung vornehmen. Wir werden alle \u00c4nderungen dieser Datenschutzrichtlinie auf dieser Seite ver\u00f6ffentlichen und, wenn sie wesentlich sind, eine auff\u00e4lligere Benachrichtigung machen.<\/p>\t\t\t\t\t\t\t\t<\/div>\n\t\t\t\t<\/div>\n\t\t\t\t\t<\/div>\n\t\t<\/div>\n\t\t\t\t\t<\/div>\n\t\t<\/section>\n\t\t\t\t<\/div>\n\t\t","protected":false},"excerpt":{"rendered":"<p>Datenschutzerkl\u00e4rung und -hinweise LAB CARE 365 S.L., ist sich der Bedeutung der geltenden Vorschriften zum Datenschutz und zum Schutz personenbezogener Daten bewusst. In diesem Sinne legen wir gro\u00dfen Wert auf den Schutz der Sicherheit, Integrit\u00e4t, Richtigkeit und Vertraulichkeit der von unseren Kunden und Nutzern zur Verf\u00fcgung gestellten Daten und handeln in dieser Hinsicht verantwortungsvoll und [&hellip;]<\/p>\n","protected":false},"author":1,"featured_media":0,"parent":0,"menu_order":0,"comment_status":"closed","ping_status":"closed","template":"","meta":{"footnotes":""},"class_list":["post-2403","page","type-page","status-publish","hentry"],"yoast_head":"<!-- This site is optimized with the Yoast SEO plugin v26.6 - https:\/\/yoast.com\/wordpress\/plugins\/seo\/ -->\n<title>Pol\u00edtica protecci\u00f3n datos - Lab Care 365 S.L.<\/title>\n<meta name=\"robots\" content=\"index, follow, max-snippet:-1, max-image-preview:large, max-video-preview:-1\" \/>\n<link rel=\"canonical\" href=\"https:\/\/labcare365.com\/?page_id=2403\" \/>\n<meta property=\"og:locale\" content=\"es_ES\" \/>\n<meta property=\"og:type\" content=\"article\" \/>\n<meta property=\"og:title\" content=\"Pol\u00edtica protecci\u00f3n datos - Lab Care 365 S.L.\" \/>\n<meta property=\"og:description\" content=\"Datenschutzerkl\u00e4rung und -hinweise LAB CARE 365 S.L., ist sich der Bedeutung der geltenden Vorschriften zum Datenschutz und zum Schutz personenbezogener Daten bewusst. In diesem Sinne legen wir gro\u00dfen Wert auf den Schutz der Sicherheit, Integrit\u00e4t, Richtigkeit und Vertraulichkeit der von unseren Kunden und Nutzern zur Verf\u00fcgung gestellten Daten und handeln in dieser Hinsicht verantwortungsvoll und [&hellip;]\" \/>\n<meta property=\"og:url\" content=\"https:\/\/labcare365.com\/?page_id=2403\" \/>\n<meta property=\"og:site_name\" content=\"Lab Care 365 S.L.\" \/>\n<meta property=\"article:publisher\" content=\"https:\/\/www.facebook.com\/profile.php?id=100082110493705\" \/>\n<meta property=\"article:modified_time\" content=\"2024-09-30T12:45:11+00:00\" \/>\n<meta property=\"og:image\" content=\"https:\/\/labcare365.com\/wp-content\/uploads\/2025\/10\/logLC365-seo.png\" \/>\n\t<meta property=\"og:image:width\" content=\"1200\" \/>\n\t<meta property=\"og:image:height\" content=\"675\" \/>\n\t<meta property=\"og:image:type\" content=\"image\/png\" \/>\n<meta name=\"twitter:card\" content=\"summary_large_image\" \/>\n<meta name=\"twitter:label1\" content=\"Tiempo de lectura\" \/>\n\t<meta name=\"twitter:data1\" content=\"8 minutos\" \/>\n<script type=\"application\/ld+json\" class=\"yoast-schema-graph\">{\"@context\":\"https:\/\/schema.org\",\"@graph\":[{\"@type\":\"WebPage\",\"@id\":\"https:\/\/labcare365.com\/?page_id=2403\",\"url\":\"https:\/\/labcare365.com\/?page_id=2403\",\"name\":\"Pol\u00edtica protecci\u00f3n datos - Lab Care 365 S.L.\",\"isPartOf\":{\"@id\":\"https:\/\/labcare365.com\/#website\"},\"datePublished\":\"2023-07-20T06:53:57+00:00\",\"dateModified\":\"2024-09-30T12:45:11+00:00\",\"breadcrumb\":{\"@id\":\"https:\/\/labcare365.com\/?page_id=2403#breadcrumb\"},\"inLanguage\":\"es\",\"potentialAction\":[{\"@type\":\"ReadAction\",\"target\":[\"https:\/\/labcare365.com\/?page_id=2403\"]}]},{\"@type\":\"BreadcrumbList\",\"@id\":\"https:\/\/labcare365.com\/?page_id=2403#breadcrumb\",\"itemListElement\":[{\"@type\":\"ListItem\",\"position\":1,\"name\":\"Portada\",\"item\":\"https:\/\/labcare365.com\/\"},{\"@type\":\"ListItem\",\"position\":2,\"name\":\"Pol\u00edtica protecci\u00f3n datos\"}]},{\"@type\":\"WebSite\",\"@id\":\"https:\/\/labcare365.com\/#website\",\"url\":\"https:\/\/labcare365.com\/\",\"name\":\"labcare365.com\",\"description\":\"Lab Care 365 S.L. - Servicio t\u00e9cnico de laboratorio\",\"publisher\":{\"@id\":\"https:\/\/labcare365.com\/#organization\"},\"potentialAction\":[{\"@type\":\"SearchAction\",\"target\":{\"@type\":\"EntryPoint\",\"urlTemplate\":\"https:\/\/labcare365.com\/?s={search_term_string}\"},\"query-input\":{\"@type\":\"PropertyValueSpecification\",\"valueRequired\":true,\"valueName\":\"search_term_string\"}}],\"inLanguage\":\"es\"},{\"@type\":\"Organization\",\"@id\":\"https:\/\/labcare365.com\/#organization\",\"name\":\"labcare 365 s.l.\",\"alternateName\":\"Servicio t\u00e9cnico de laboratorio\",\"url\":\"https:\/\/labcare365.com\/\",\"logo\":{\"@type\":\"ImageObject\",\"inLanguage\":\"es\",\"@id\":\"https:\/\/labcare365.com\/#\/schema\/logo\/image\/\",\"url\":\"https:\/\/labcare365.com\/wp-content\/uploads\/2023\/05\/cropped-icoLABcare365.png\",\"contentUrl\":\"https:\/\/labcare365.com\/wp-content\/uploads\/2023\/05\/cropped-icoLABcare365.png\",\"width\":512,\"height\":512,\"caption\":\"labcare 365 s.l.\"},\"image\":{\"@id\":\"https:\/\/labcare365.com\/#\/schema\/logo\/image\/\"},\"sameAs\":[\"https:\/\/www.facebook.com\/profile.php?id=100082110493705\",\"https:\/\/www.linkedin.com\/company\/labcare365\/\"]}]}<\/script>\n<!-- \/ Yoast SEO plugin. -->","yoast_head_json":{"title":"Pol\u00edtica protecci\u00f3n datos - Lab Care 365 S.L.","robots":{"index":"index","follow":"follow","max-snippet":"max-snippet:-1","max-image-preview":"max-image-preview:large","max-video-preview":"max-video-preview:-1"},"canonical":"https:\/\/labcare365.com\/?page_id=2403","og_locale":"es_ES","og_type":"article","og_title":"Pol\u00edtica protecci\u00f3n datos - Lab Care 365 S.L.","og_description":"Datenschutzerkl\u00e4rung und -hinweise LAB CARE 365 S.L., ist sich der Bedeutung der geltenden Vorschriften zum Datenschutz und zum Schutz personenbezogener Daten bewusst. In diesem Sinne legen wir gro\u00dfen Wert auf den Schutz der Sicherheit, Integrit\u00e4t, Richtigkeit und Vertraulichkeit der von unseren Kunden und Nutzern zur Verf\u00fcgung gestellten Daten und handeln in dieser Hinsicht verantwortungsvoll und [&hellip;]","og_url":"https:\/\/labcare365.com\/?page_id=2403","og_site_name":"Lab Care 365 S.L.","article_publisher":"https:\/\/www.facebook.com\/profile.php?id=100082110493705","article_modified_time":"2024-09-30T12:45:11+00:00","og_image":[{"width":1200,"height":675,"url":"https:\/\/labcare365.com\/wp-content\/uploads\/2025\/10\/logLC365-seo.png","type":"image\/png"}],"twitter_card":"summary_large_image","twitter_misc":{"Tiempo de lectura":"8 minutos"},"schema":{"@context":"https:\/\/schema.org","@graph":[{"@type":"WebPage","@id":"https:\/\/labcare365.com\/?page_id=2403","url":"https:\/\/labcare365.com\/?page_id=2403","name":"Pol\u00edtica protecci\u00f3n datos - Lab Care 365 S.L.","isPartOf":{"@id":"https:\/\/labcare365.com\/#website"},"datePublished":"2023-07-20T06:53:57+00:00","dateModified":"2024-09-30T12:45:11+00:00","breadcrumb":{"@id":"https:\/\/labcare365.com\/?page_id=2403#breadcrumb"},"inLanguage":"es","potentialAction":[{"@type":"ReadAction","target":["https:\/\/labcare365.com\/?page_id=2403"]}]},{"@type":"BreadcrumbList","@id":"https:\/\/labcare365.com\/?page_id=2403#breadcrumb","itemListElement":[{"@type":"ListItem","position":1,"name":"Portada","item":"https:\/\/labcare365.com\/"},{"@type":"ListItem","position":2,"name":"Pol\u00edtica protecci\u00f3n datos"}]},{"@type":"WebSite","@id":"https:\/\/labcare365.com\/#website","url":"https:\/\/labcare365.com\/","name":"labcare365.com","description":"Lab Care 365 S.L. - Servicio t\u00e9cnico de laboratorio","publisher":{"@id":"https:\/\/labcare365.com\/#organization"},"potentialAction":[{"@type":"SearchAction","target":{"@type":"EntryPoint","urlTemplate":"https:\/\/labcare365.com\/?s={search_term_string}"},"query-input":{"@type":"PropertyValueSpecification","valueRequired":true,"valueName":"search_term_string"}}],"inLanguage":"es"},{"@type":"Organization","@id":"https:\/\/labcare365.com\/#organization","name":"labcare 365 s.l.","alternateName":"Servicio t\u00e9cnico de laboratorio","url":"https:\/\/labcare365.com\/","logo":{"@type":"ImageObject","inLanguage":"es","@id":"https:\/\/labcare365.com\/#\/schema\/logo\/image\/","url":"https:\/\/labcare365.com\/wp-content\/uploads\/2023\/05\/cropped-icoLABcare365.png","contentUrl":"https:\/\/labcare365.com\/wp-content\/uploads\/2023\/05\/cropped-icoLABcare365.png","width":512,"height":512,"caption":"labcare 365 s.l."},"image":{"@id":"https:\/\/labcare365.com\/#\/schema\/logo\/image\/"},"sameAs":["https:\/\/www.facebook.com\/profile.php?id=100082110493705","https:\/\/www.linkedin.com\/company\/labcare365\/"]}]}},"_links":{"self":[{"href":"https:\/\/labcare365.com\/index.php?rest_route=\/wp\/v2\/pages\/2403","targetHints":{"allow":["GET"]}}],"collection":[{"href":"https:\/\/labcare365.com\/index.php?rest_route=\/wp\/v2\/pages"}],"about":[{"href":"https:\/\/labcare365.com\/index.php?rest_route=\/wp\/v2\/types\/page"}],"author":[{"embeddable":true,"href":"https:\/\/labcare365.com\/index.php?rest_route=\/wp\/v2\/users\/1"}],"replies":[{"embeddable":true,"href":"https:\/\/labcare365.com\/index.php?rest_route=%2Fwp%2Fv2%2Fcomments&post=2403"}],"version-history":[{"count":8,"href":"https:\/\/labcare365.com\/index.php?rest_route=\/wp\/v2\/pages\/2403\/revisions"}],"predecessor-version":[{"id":3412,"href":"https:\/\/labcare365.com\/index.php?rest_route=\/wp\/v2\/pages\/2403\/revisions\/3412"}],"wp:attachment":[{"href":"https:\/\/labcare365.com\/index.php?rest_route=%2Fwp%2Fv2%2Fmedia&parent=2403"}],"curies":[{"name":"wp","href":"https:\/\/api.w.org\/{rel}","templated":true}]}}