{"id":1439,"date":"2022-04-11T13:09:57","date_gmt":"2022-04-11T13:09:57","guid":{"rendered":"https:\/\/www.labcare365.com\/?page_id=1439"},"modified":"2024-11-21T13:25:21","modified_gmt":"2024-11-21T13:25:21","slug":"premium-service","status":"publish","type":"page","link":"https:\/\/labcare365.com\/?page_id=1439","title":{"rendered":"Premium Service"},"content":{"rendered":"\t\t<div data-elementor-type=\"wp-page\" data-elementor-id=\"1439\" class=\"elementor elementor-1439\">\n\t\t\t\t\t\t<section class=\"elementor-section elementor-top-section elementor-element elementor-element-959bac0 elementor-section-boxed elementor-section-height-default elementor-section-height-default\" data-id=\"959bac0\" data-element_type=\"section\">\n\t\t\t\t\t\t<div class=\"elementor-container elementor-column-gap-default\">\n\t\t\t\t\t<div class=\"elementor-column elementor-col-50 elementor-top-column elementor-element elementor-element-9eabb43\" data-id=\"9eabb43\" data-element_type=\"column\">\n\t\t\t<div class=\"elementor-widget-wrap elementor-element-populated\">\n\t\t\t\t\t\t<div class=\"elementor-element elementor-element-11711a3 elementor-vertical-align-top elementor-widget elementor-widget-image-box\" data-id=\"11711a3\" data-element_type=\"widget\" data-widget_type=\"image-box.default\">\n\t\t\t\t<div class=\"elementor-widget-container\">\n\t\t\t\t\t<div class=\"elementor-image-box-wrapper\"><div class=\"elementor-image-box-content\"><h3 class=\"elementor-image-box-title\">Premium Service<\/h3><p class=\"elementor-image-box-description\">Exklusive H\u00e4ndler<\/p><\/div><\/div>\t\t\t\t<\/div>\n\t\t\t\t<\/div>\n\t\t\t\t<div class=\"elementor-element elementor-element-bd72747 elementor-widget elementor-widget-spacer\" data-id=\"bd72747\" data-element_type=\"widget\" data-widget_type=\"spacer.default\">\n\t\t\t\t<div class=\"elementor-widget-container\">\n\t\t\t\t\t\t\t<div class=\"elementor-spacer\">\n\t\t\t<div class=\"elementor-spacer-inner\"><\/div>\n\t\t<\/div>\n\t\t\t\t\t\t<\/div>\n\t\t\t\t<\/div>\n\t\t\t\t\t<\/div>\n\t\t<\/div>\n\t\t\t\t<div class=\"elementor-column elementor-col-50 elementor-top-column elementor-element elementor-element-eb2f770\" data-id=\"eb2f770\" data-element_type=\"column\">\n\t\t\t<div class=\"elementor-widget-wrap elementor-element-populated\">\n\t\t\t\t\t\t<div class=\"elementor-element elementor-element-83f93dd elementor-widget elementor-widget-spacer\" data-id=\"83f93dd\" data-element_type=\"widget\" data-widget_type=\"spacer.default\">\n\t\t\t\t<div class=\"elementor-widget-container\">\n\t\t\t\t\t\t\t<div class=\"elementor-spacer\">\n\t\t\t<div class=\"elementor-spacer-inner\"><\/div>\n\t\t<\/div>\n\t\t\t\t\t\t<\/div>\n\t\t\t\t<\/div>\n\t\t\t\t\t<\/div>\n\t\t<\/div>\n\t\t\t\t\t<\/div>\n\t\t<\/section>\n\t\t\t\t<section class=\"elementor-section elementor-top-section elementor-element elementor-element-97ce0bf elementor-section-boxed elementor-section-height-default elementor-section-height-default\" data-id=\"97ce0bf\" data-element_type=\"section\">\n\t\t\t\t\t\t<div class=\"elementor-container elementor-column-gap-default\">\n\t\t\t\t\t<div class=\"elementor-column elementor-col-50 elementor-top-column elementor-element elementor-element-4690aaa\" data-id=\"4690aaa\" data-element_type=\"column\">\n\t\t\t<div class=\"elementor-widget-wrap elementor-element-populated\">\n\t\t\t\t\t\t<div class=\"elementor-element elementor-element-3bef926 elementor-widget elementor-widget-heading\" data-id=\"3bef926\" data-element_type=\"widget\" data-widget_type=\"heading.default\">\n\t\t\t\t<div class=\"elementor-widget-container\">\n\t\t\t\t\t<h3 class=\"elementor-heading-title elementor-size-default\">Ausr\u00fcstung<\/h3>\t\t\t\t<\/div>\n\t\t\t\t<\/div>\n\t\t\t\t<div class=\"elementor-element elementor-element-1d98416 elementor-widget elementor-widget-text-editor\" data-id=\"1d98416\" data-element_type=\"widget\" data-widget_type=\"text-editor.default\">\n\t\t\t\t<div class=\"elementor-widget-container\">\n\t\t\t\t\t\t\t\t\t<ul><li>Verwaltung der Garantien f\u00fcr an Ihre Kunden verkaufte Ger\u00e4te.<\/li><\/ul>\t\t\t\t\t\t\t\t<\/div>\n\t\t\t\t<\/div>\n\t\t\t\t\t<\/div>\n\t\t<\/div>\n\t\t\t\t<div class=\"elementor-column elementor-col-50 elementor-top-column elementor-element elementor-element-d574060\" data-id=\"d574060\" data-element_type=\"column\">\n\t\t\t<div class=\"elementor-widget-wrap elementor-element-populated\">\n\t\t\t\t\t\t<div class=\"elementor-element elementor-element-c018898 elementor-widget elementor-widget-heading\" data-id=\"c018898\" data-element_type=\"widget\" data-widget_type=\"heading.default\">\n\t\t\t\t<div class=\"elementor-widget-container\">\n\t\t\t\t\t<h3 class=\"elementor-heading-title elementor-size-default\">Pauschalpreis<\/h3>\t\t\t\t<\/div>\n\t\t\t\t<\/div>\n\t\t\t\t<div class=\"elementor-element elementor-element-b1c0f59 elementor-widget elementor-widget-text-editor\" data-id=\"b1c0f59\" data-element_type=\"widget\" data-widget_type=\"text-editor.default\">\n\t\t\t\t<div class=\"elementor-widget-container\">\n\t\t\t\t\t\t\t\t\t<ul><li>Wir k\u00fcmmern uns um alles selbst.<ul><li>Anrufe<\/li><li>Verwaltung<\/li><li>Vorf\u00e4lle<\/li><li>Kommunikation mit Ger\u00e4teherstellern<\/li><li>Reparaturen<\/li><li>Sendungen<\/li><\/ul><\/li><\/ul>\t\t\t\t\t\t\t\t<\/div>\n\t\t\t\t<\/div>\n\t\t\t\t\t<\/div>\n\t\t<\/div>\n\t\t\t\t\t<\/div>\n\t\t<\/section>\n\t\t\t\t<section class=\"elementor-section elementor-top-section elementor-element elementor-element-7b3f23f elementor-section-boxed elementor-section-height-default elementor-section-height-default\" data-id=\"7b3f23f\" data-element_type=\"section\">\n\t\t\t\t\t\t<div class=\"elementor-container elementor-column-gap-default\">\n\t\t\t\t\t<div class=\"elementor-column elementor-col-100 elementor-top-column elementor-element elementor-element-09754c3\" data-id=\"09754c3\" data-element_type=\"column\">\n\t\t\t<div class=\"elementor-widget-wrap elementor-element-populated\">\n\t\t\t\t\t\t<div class=\"elementor-element elementor-element-616fb8f elementor-widget elementor-widget-wpforms\" data-id=\"616fb8f\" data-element_type=\"widget\" data-widget_type=\"wpforms.default\">\n\t\t\t\t<div class=\"elementor-widget-container\">\n\t\t\t\t\t<div class=\"wpforms-container wpforms-container-full wpforms-render-modern\" id=\"wpforms-3537\"><form id=\"wpforms-form-3537\" class=\"wpforms-validate wpforms-form wpforms-ajax-form\" data-formid=\"3537\" method=\"post\" enctype=\"multipart\/form-data\" action=\"\/index.php?rest_route=%2Fwp%2Fv2%2Fpages%2F1439\" data-token=\"d14b5c07534b16b6b57dc870dec470d1\" data-token-time=\"1776275370\"><noscript class=\"wpforms-error-noscript\">Por favor, activa JavaScript en tu navegador para completar este formulario.<\/noscript><div id=\"wpforms-error-noscript\" style=\"display: none;\">Por favor, activa JavaScript en tu navegador para completar este formulario.<\/div><div class=\"wpforms-field-container\"><div id=\"wpforms-3537-field_3-container\" class=\"wpforms-field wpforms-field-name\" data-field-id=\"3\"><fieldset><legend class=\"wpforms-field-label\">Name <span class=\"wpforms-required-label\" aria-hidden=\"true\">*<\/span><\/legend><div class=\"wpforms-field-row wpforms-field-medium\"><div class=\"wpforms-field-row-block wpforms-first wpforms-one-half\"><input type=\"text\" id=\"wpforms-3537-field_3\" class=\"wpforms-field-name-first wpforms-field-required\" name=\"wpforms[fields][3][first]\" aria-errormessage=\"wpforms-3537-field_3-error\" required><label for=\"wpforms-3537-field_3\" class=\"wpforms-field-sublabel after\">Nombre<\/label><\/div><div class=\"wpforms-field-row-block wpforms-one-half\"><input type=\"text\" id=\"wpforms-3537-field_3-last\" class=\"wpforms-field-name-last wpforms-field-required\" name=\"wpforms[fields][3][last]\" aria-errormessage=\"wpforms-3537-field_3-last-error\" required><label for=\"wpforms-3537-field_3-last\" class=\"wpforms-field-sublabel after\">Apellidos<\/label><\/div><\/div><\/fieldset><\/div><div id=\"wpforms-3537-field_5-container\" class=\"wpforms-field wpforms-field-name\" data-field-id=\"5\"><label class=\"wpforms-field-label\" for=\"wpforms-3537-field_5\">Unternehmen<\/label><input type=\"text\" id=\"wpforms-3537-field_5\" class=\"wpforms-field-medium\" name=\"wpforms[fields][5]\" aria-errormessage=\"wpforms-3537-field_5-error\" ><\/div><div id=\"wpforms-3537-field_35-container\" class=\"wpforms-field wpforms-field-email\" data-field-id=\"35\"><label class=\"wpforms-field-label\" for=\"wpforms-3537-field_35\">E-mail <span class=\"wpforms-required-label\" aria-hidden=\"true\">*<\/span><\/label><input type=\"email\" id=\"wpforms-3537-field_35\" class=\"wpforms-field-medium wpforms-field-required\" name=\"wpforms[fields][35]\" spellcheck=\"false\" aria-errormessage=\"wpforms-3537-field_35-error\" required><\/div><div id=\"wpforms-3537-field_37-container\" class=\"wpforms-field wpforms-field-number\" data-field-id=\"37\"><label class=\"wpforms-field-label\" for=\"wpforms-3537-field_37\">Telefon<\/label><input type=\"number\" id=\"wpforms-3537-field_37\" class=\"wpforms-field-medium\" name=\"wpforms[fields][37]\" step=\"any\" aria-errormessage=\"wpforms-3537-field_37-error\" ><\/div><div id=\"wpforms-3537-field_31-container\" class=\"wpforms-field wpforms-field-textarea\" data-field-id=\"31\"><label class=\"wpforms-field-label\" for=\"wpforms-3537-field_31\">Nachricht<\/label><textarea id=\"wpforms-3537-field_31\" class=\"wpforms-field-medium\" name=\"wpforms[fields][31]\" aria-errormessage=\"wpforms-3537-field_31-error\" ><\/textarea><\/div><\/div><!-- .wpforms-field-container --><div class=\"wpforms-recaptcha-container wpforms-is-recaptcha wpforms-is-recaptcha-type-v2\" ><div class=\"g-recaptcha\" data-sitekey=\"6LedGzwnAAAAAKclZUCBGfTdtGUkQPJ5GMNHSKkz\"><\/div><input type=\"text\" name=\"g-recaptcha-hidden\" class=\"wpforms-recaptcha-hidden\" style=\"position:absolute!important;clip:rect(0,0,0,0)!important;height:1px!important;width:1px!important;border:0!important;overflow:hidden!important;padding:0!important;margin:0!important;\" data-rule-recaptcha=\"1\"><\/div><div class=\"wpforms-submit-container\" ><input type=\"hidden\" name=\"wpforms[id]\" value=\"3537\"><input type=\"hidden\" name=\"page_title\" value=\"\"><input type=\"hidden\" name=\"page_url\" value=\"https:\/\/labcare365.com\/index.php?rest_route=\/wp\/v2\/pages\/1439\"><input type=\"hidden\" name=\"url_referer\" value=\"\"><button type=\"submit\" name=\"wpforms[submit]\" id=\"wpforms-submit-3537\" class=\"wpforms-submit\" data-alt-text=\"Enviando...\" data-submit-text=\"Enviar\" aria-live=\"assertive\" value=\"wpforms-submit\">Enviar<\/button><img decoding=\"async\" src=\"https:\/\/labcare365.com\/wp-content\/plugins\/wpforms-lite\/assets\/images\/submit-spin.svg\" class=\"wpforms-submit-spinner\" style=\"display: none;\" width=\"26\" height=\"26\" alt=\"Cargando\"><\/div><\/form><\/div>  <!-- .wpforms-container -->\t\t\t\t<\/div>\n\t\t\t\t<\/div>\n\t\t\t\t\t<\/div>\n\t\t<\/div>\n\t\t\t\t\t<\/div>\n\t\t<\/section>\n\t\t\t\t<\/div>\n\t\t","protected":false},"excerpt":{"rendered":"<p>Premium Service Exklusive H\u00e4ndler Ausr\u00fcstung Verwaltung der Garantien f\u00fcr an Ihre Kunden verkaufte Ger\u00e4te. Pauschalpreis Wir k\u00fcmmern uns um alles selbst. Anrufe Verwaltung Vorf\u00e4lle Kommunikation mit Ger\u00e4teherstellern Reparaturen Sendungen Por favor, activa JavaScript en tu navegador para completar este formulario.Por favor, activa JavaScript en tu navegador para completar este formulario. Name * NombreApellidos UnternehmenE-mail *TelefonNachricht [&hellip;]<\/p>\n","protected":false},"author":1,"featured_media":0,"parent":1338,"menu_order":0,"comment_status":"closed","ping_status":"closed","template":"","meta":{"footnotes":""},"class_list":["post-1439","page","type-page","status-publish","hentry"],"yoast_head":"<!-- This site is optimized with the Yoast SEO plugin v26.6 - https:\/\/yoast.com\/wordpress\/plugins\/seo\/ -->\n<title>Premium Service - Lab Care 365 S.L.<\/title>\n<meta name=\"robots\" content=\"index, follow, max-snippet:-1, max-image-preview:large, max-video-preview:-1\" \/>\n<link rel=\"canonical\" href=\"https:\/\/labcare365.com\/?page_id=1439\" \/>\n<meta property=\"og:locale\" content=\"es_ES\" \/>\n<meta property=\"og:type\" content=\"article\" \/>\n<meta property=\"og:title\" content=\"Premium Service - Lab Care 365 S.L.\" \/>\n<meta property=\"og:description\" content=\"Premium Service Exklusive H\u00e4ndler Ausr\u00fcstung Verwaltung der Garantien f\u00fcr an Ihre Kunden verkaufte Ger\u00e4te. Pauschalpreis Wir k\u00fcmmern uns um alles selbst. Anrufe Verwaltung Vorf\u00e4lle Kommunikation mit Ger\u00e4teherstellern Reparaturen Sendungen Por favor, activa JavaScript en tu navegador para completar este formulario.Por favor, activa JavaScript en tu navegador para completar este formulario. Name * NombreApellidos UnternehmenE-mail *TelefonNachricht [&hellip;]\" \/>\n<meta property=\"og:url\" content=\"https:\/\/labcare365.com\/?page_id=1439\" \/>\n<meta property=\"og:site_name\" content=\"Lab Care 365 S.L.\" \/>\n<meta property=\"article:publisher\" content=\"https:\/\/www.facebook.com\/profile.php?id=100082110493705\" \/>\n<meta property=\"article:modified_time\" content=\"2024-11-21T13:25:21+00:00\" \/>\n<meta property=\"og:image\" content=\"https:\/\/labcare365.com\/wp-content\/plugins\/wpforms-lite\/assets\/images\/submit-spin.svg\" \/>\n<meta name=\"twitter:card\" content=\"summary_large_image\" \/>\n<meta name=\"twitter:label1\" content=\"Tiempo de lectura\" \/>\n\t<meta name=\"twitter:data1\" content=\"1 minuto\" \/>\n<script type=\"application\/ld+json\" class=\"yoast-schema-graph\">{\"@context\":\"https:\/\/schema.org\",\"@graph\":[{\"@type\":\"WebPage\",\"@id\":\"https:\/\/labcare365.com\/?page_id=1439\",\"url\":\"https:\/\/labcare365.com\/?page_id=1439\",\"name\":\"Premium Service - Lab Care 365 S.L.\",\"isPartOf\":{\"@id\":\"https:\/\/labcare365.com\/#website\"},\"primaryImageOfPage\":{\"@id\":\"https:\/\/labcare365.com\/?page_id=1439#primaryimage\"},\"image\":{\"@id\":\"https:\/\/labcare365.com\/?page_id=1439#primaryimage\"},\"thumbnailUrl\":\"https:\/\/labcare365.com\/wp-content\/plugins\/wpforms-lite\/assets\/images\/submit-spin.svg\",\"datePublished\":\"2022-04-11T13:09:57+00:00\",\"dateModified\":\"2024-11-21T13:25:21+00:00\",\"breadcrumb\":{\"@id\":\"https:\/\/labcare365.com\/?page_id=1439#breadcrumb\"},\"inLanguage\":\"es\",\"potentialAction\":[{\"@type\":\"ReadAction\",\"target\":[\"https:\/\/labcare365.com\/?page_id=1439\"]}]},{\"@type\":\"ImageObject\",\"inLanguage\":\"es\",\"@id\":\"https:\/\/labcare365.com\/?page_id=1439#primaryimage\",\"url\":\"https:\/\/labcare365.com\/wp-content\/plugins\/wpforms-lite\/assets\/images\/submit-spin.svg\",\"contentUrl\":\"https:\/\/labcare365.com\/wp-content\/plugins\/wpforms-lite\/assets\/images\/submit-spin.svg\"},{\"@type\":\"BreadcrumbList\",\"@id\":\"https:\/\/labcare365.com\/?page_id=1439#breadcrumb\",\"itemListElement\":[{\"@type\":\"ListItem\",\"position\":1,\"name\":\"Portada\",\"item\":\"https:\/\/labcare365.com\/\"},{\"@type\":\"ListItem\",\"position\":2,\"name\":\"Partner\",\"item\":\"https:\/\/labcare365.com\/?page_id=1338\"},{\"@type\":\"ListItem\",\"position\":3,\"name\":\"Premium Service\"}]},{\"@type\":\"WebSite\",\"@id\":\"https:\/\/labcare365.com\/#website\",\"url\":\"https:\/\/labcare365.com\/\",\"name\":\"labcare365.com\",\"description\":\"Lab Care 365 S.L. - Servicio t\u00e9cnico de laboratorio\",\"publisher\":{\"@id\":\"https:\/\/labcare365.com\/#organization\"},\"potentialAction\":[{\"@type\":\"SearchAction\",\"target\":{\"@type\":\"EntryPoint\",\"urlTemplate\":\"https:\/\/labcare365.com\/?s={search_term_string}\"},\"query-input\":{\"@type\":\"PropertyValueSpecification\",\"valueRequired\":true,\"valueName\":\"search_term_string\"}}],\"inLanguage\":\"es\"},{\"@type\":\"Organization\",\"@id\":\"https:\/\/labcare365.com\/#organization\",\"name\":\"labcare 365 s.l.\",\"alternateName\":\"Servicio t\u00e9cnico de laboratorio\",\"url\":\"https:\/\/labcare365.com\/\",\"logo\":{\"@type\":\"ImageObject\",\"inLanguage\":\"es\",\"@id\":\"https:\/\/labcare365.com\/#\/schema\/logo\/image\/\",\"url\":\"https:\/\/labcare365.com\/wp-content\/uploads\/2023\/05\/cropped-icoLABcare365.png\",\"contentUrl\":\"https:\/\/labcare365.com\/wp-content\/uploads\/2023\/05\/cropped-icoLABcare365.png\",\"width\":512,\"height\":512,\"caption\":\"labcare 365 s.l.\"},\"image\":{\"@id\":\"https:\/\/labcare365.com\/#\/schema\/logo\/image\/\"},\"sameAs\":[\"https:\/\/www.facebook.com\/profile.php?id=100082110493705\",\"https:\/\/www.linkedin.com\/company\/labcare365\/\"]}]}<\/script>\n<!-- \/ Yoast SEO plugin. -->","yoast_head_json":{"title":"Premium Service - Lab Care 365 S.L.","robots":{"index":"index","follow":"follow","max-snippet":"max-snippet:-1","max-image-preview":"max-image-preview:large","max-video-preview":"max-video-preview:-1"},"canonical":"https:\/\/labcare365.com\/?page_id=1439","og_locale":"es_ES","og_type":"article","og_title":"Premium Service - Lab Care 365 S.L.","og_description":"Premium Service Exklusive H\u00e4ndler Ausr\u00fcstung Verwaltung der Garantien f\u00fcr an Ihre Kunden verkaufte Ger\u00e4te. Pauschalpreis Wir k\u00fcmmern uns um alles selbst. Anrufe Verwaltung Vorf\u00e4lle Kommunikation mit Ger\u00e4teherstellern Reparaturen Sendungen Por favor, activa JavaScript en tu navegador para completar este formulario.Por favor, activa JavaScript en tu navegador para completar este formulario. Name * NombreApellidos UnternehmenE-mail *TelefonNachricht [&hellip;]","og_url":"https:\/\/labcare365.com\/?page_id=1439","og_site_name":"Lab Care 365 S.L.","article_publisher":"https:\/\/www.facebook.com\/profile.php?id=100082110493705","article_modified_time":"2024-11-21T13:25:21+00:00","og_image":[{"url":"https:\/\/labcare365.com\/wp-content\/plugins\/wpforms-lite\/assets\/images\/submit-spin.svg","type":"","width":"","height":""}],"twitter_card":"summary_large_image","twitter_misc":{"Tiempo de lectura":"1 minuto"},"schema":{"@context":"https:\/\/schema.org","@graph":[{"@type":"WebPage","@id":"https:\/\/labcare365.com\/?page_id=1439","url":"https:\/\/labcare365.com\/?page_id=1439","name":"Premium Service - Lab Care 365 S.L.","isPartOf":{"@id":"https:\/\/labcare365.com\/#website"},"primaryImageOfPage":{"@id":"https:\/\/labcare365.com\/?page_id=1439#primaryimage"},"image":{"@id":"https:\/\/labcare365.com\/?page_id=1439#primaryimage"},"thumbnailUrl":"https:\/\/labcare365.com\/wp-content\/plugins\/wpforms-lite\/assets\/images\/submit-spin.svg","datePublished":"2022-04-11T13:09:57+00:00","dateModified":"2024-11-21T13:25:21+00:00","breadcrumb":{"@id":"https:\/\/labcare365.com\/?page_id=1439#breadcrumb"},"inLanguage":"es","potentialAction":[{"@type":"ReadAction","target":["https:\/\/labcare365.com\/?page_id=1439"]}]},{"@type":"ImageObject","inLanguage":"es","@id":"https:\/\/labcare365.com\/?page_id=1439#primaryimage","url":"https:\/\/labcare365.com\/wp-content\/plugins\/wpforms-lite\/assets\/images\/submit-spin.svg","contentUrl":"https:\/\/labcare365.com\/wp-content\/plugins\/wpforms-lite\/assets\/images\/submit-spin.svg"},{"@type":"BreadcrumbList","@id":"https:\/\/labcare365.com\/?page_id=1439#breadcrumb","itemListElement":[{"@type":"ListItem","position":1,"name":"Portada","item":"https:\/\/labcare365.com\/"},{"@type":"ListItem","position":2,"name":"Partner","item":"https:\/\/labcare365.com\/?page_id=1338"},{"@type":"ListItem","position":3,"name":"Premium Service"}]},{"@type":"WebSite","@id":"https:\/\/labcare365.com\/#website","url":"https:\/\/labcare365.com\/","name":"labcare365.com","description":"Lab Care 365 S.L. - Servicio t\u00e9cnico de laboratorio","publisher":{"@id":"https:\/\/labcare365.com\/#organization"},"potentialAction":[{"@type":"SearchAction","target":{"@type":"EntryPoint","urlTemplate":"https:\/\/labcare365.com\/?s={search_term_string}"},"query-input":{"@type":"PropertyValueSpecification","valueRequired":true,"valueName":"search_term_string"}}],"inLanguage":"es"},{"@type":"Organization","@id":"https:\/\/labcare365.com\/#organization","name":"labcare 365 s.l.","alternateName":"Servicio t\u00e9cnico de laboratorio","url":"https:\/\/labcare365.com\/","logo":{"@type":"ImageObject","inLanguage":"es","@id":"https:\/\/labcare365.com\/#\/schema\/logo\/image\/","url":"https:\/\/labcare365.com\/wp-content\/uploads\/2023\/05\/cropped-icoLABcare365.png","contentUrl":"https:\/\/labcare365.com\/wp-content\/uploads\/2023\/05\/cropped-icoLABcare365.png","width":512,"height":512,"caption":"labcare 365 s.l."},"image":{"@id":"https:\/\/labcare365.com\/#\/schema\/logo\/image\/"},"sameAs":["https:\/\/www.facebook.com\/profile.php?id=100082110493705","https:\/\/www.linkedin.com\/company\/labcare365\/"]}]}},"_links":{"self":[{"href":"https:\/\/labcare365.com\/index.php?rest_route=\/wp\/v2\/pages\/1439","targetHints":{"allow":["GET"]}}],"collection":[{"href":"https:\/\/labcare365.com\/index.php?rest_route=\/wp\/v2\/pages"}],"about":[{"href":"https:\/\/labcare365.com\/index.php?rest_route=\/wp\/v2\/types\/page"}],"author":[{"embeddable":true,"href":"https:\/\/labcare365.com\/index.php?rest_route=\/wp\/v2\/users\/1"}],"replies":[{"embeddable":true,"href":"https:\/\/labcare365.com\/index.php?rest_route=%2Fwp%2Fv2%2Fcomments&post=1439"}],"version-history":[{"count":10,"href":"https:\/\/labcare365.com\/index.php?rest_route=\/wp\/v2\/pages\/1439\/revisions"}],"predecessor-version":[{"id":3620,"href":"https:\/\/labcare365.com\/index.php?rest_route=\/wp\/v2\/pages\/1439\/revisions\/3620"}],"up":[{"embeddable":true,"href":"https:\/\/labcare365.com\/index.php?rest_route=\/wp\/v2\/pages\/1338"}],"wp:attachment":[{"href":"https:\/\/labcare365.com\/index.php?rest_route=%2Fwp%2Fv2%2Fmedia&parent=1439"}],"curies":[{"name":"wp","href":"https:\/\/api.w.org\/{rel}","templated":true}]}}