{"id":1352,"date":"2022-04-11T11:43:22","date_gmt":"2022-04-11T11:43:22","guid":{"rendered":"https:\/\/www.labcare365.com\/?page_id=1352"},"modified":"2023-05-28T17:22:44","modified_gmt":"2023-05-28T17:22:44","slug":"mission-vision-de","status":"publish","type":"page","link":"https:\/\/labcare365.com\/?page_id=1352","title":{"rendered":"Mission | Vision"},"content":{"rendered":"<h3><strong>Mission<\/strong><\/h3>\n<p><strong>Bereitstellung eines SPEZIFISCHEN, ANGEPASSTEN und NAHEN technischen Hilfsdienstes f\u00fcr Laboratorien und Forschungsbereiche&#8230;<\/strong><\/p>\n<ul>\n<li>mit hochqualifiziertem, zugelassenem TECHNISCHEM PERSONAL mit gro\u00dfer Berufserfahrung in verschiedenen Sektoren und bei Herstellern von Laborger\u00e4ten;<\/li>\n<li>Schaffung neuer Wege der Verbindung und Zusammenarbeit mit unseren Kunden durch Vereinbarungen und Rahmen f\u00fcr die gemeinsame Zusammenarbeit, um Synergien zu schaffen;<\/li>\n<li>die Bereitstellung von flexiblen und ma\u00dfgeschneiderten Antworten und L\u00f6sungen f\u00fcr eine korrekte Nutzung des Ger\u00e4ts und die Vermeidung m\u00f6glicher zuk\u00fcnftiger Probleme;<\/li>\n<li>eine pers\u00f6nliche Behandlung der Kunden, die IHR ENGAGEMENT zu UNSEREM ENGAGEMENT macht.<\/li>\n<\/ul>\n<p>Kurz gesagt, unser Auftrag lautet: <strong>365 TAGE IM JAHR F\u00dcR IHR LABOR ZU SCHAFFEN<\/strong>.<\/p>\n<p>&nbsp;<\/p>\n<h3><strong>Vision<\/strong><\/h3>\n<p><strong>Als Referenzdienst f\u00fcr Qualit\u00e4t, Nachhaltigkeit und Professionalit\u00e4t f\u00fcr den wissenschaftlichen Sektor identifiziert zu werden, weil&#8230;<\/strong><\/p>\n<ul>\n<li>Wir sind ein <strong>Unternehmen<\/strong>, <strong>das sich f\u00fcr \u00f6kologische Nachhaltigkeit einsetzt<\/strong>; wir geh\u00f6ren zu den Pionieren, die in all ihren Prozessen kein Papier verwenden (papierloses Unternehmen) und damit die Umwelt und die CO2-Emissionen schonen;<\/li>\n<li><strong>Wir glauben an die Vielfalt und die Talente der Menschen<\/strong>: Wir werden uns darauf konzentrieren, bestehende Ungleichgewichte in der Pr\u00e4senz von Frauen und M\u00e4nnern in unserem Sektor zu vermeiden und die Vielfalt wissenschaftlicher Teams zu f\u00f6rdern;<\/li>\n<li>Wir wollen uns f\u00fcr einen Forschungs- und Wissenschaftssektor einsetzen, der sich um seine Fachkr\u00e4fte k\u00fcmmert und <strong>sich f\u00fcr die Qualit\u00e4t und W\u00fcrde ihrer Arbeit einsetzt;<\/strong><\/li>\n<li>Und wir wollen uns als wichtiger und engagierter Teil der Prozesse und Produkte f\u00fchlen, die Wissenschaft und Forschung hervorbringen, um eine ausgewogenere und gerechtere Gesellschaft zu erreichen. Daf\u00fcr <strong>engagieren wir uns, indem wir Menschen mit Talent und Werten in unser Team aufnehmen, die inspirierend sind und nach kontinuierlicher Verbesserung streben.<\/strong><\/li>\n<\/ul>\n","protected":false},"excerpt":{"rendered":"<p>Mission Bereitstellung eines SPEZIFISCHEN, ANGEPASSTEN und NAHEN technischen Hilfsdienstes f\u00fcr Laboratorien und Forschungsbereiche&#8230; mit hochqualifiziertem, zugelassenem TECHNISCHEM PERSONAL mit gro\u00dfer Berufserfahrung in verschiedenen Sektoren und bei Herstellern von Laborger\u00e4ten; Schaffung neuer Wege der Verbindung und Zusammenarbeit mit unseren Kunden durch Vereinbarungen und Rahmen f\u00fcr die gemeinsame Zusammenarbeit, um Synergien zu schaffen; die Bereitstellung von flexiblen [&hellip;]<\/p>\n","protected":false},"author":1,"featured_media":0,"parent":1252,"menu_order":0,"comment_status":"closed","ping_status":"closed","template":"","meta":{"footnotes":""},"class_list":["post-1352","page","type-page","status-publish","hentry"],"yoast_head":"<!-- This site is optimized with the Yoast SEO plugin v26.6 - https:\/\/yoast.com\/wordpress\/plugins\/seo\/ -->\n<title>Mission | Vision - Lab Care 365 S.L.<\/title>\n<meta name=\"robots\" content=\"index, follow, max-snippet:-1, max-image-preview:large, max-video-preview:-1\" \/>\n<link rel=\"canonical\" href=\"https:\/\/labcare365.com\/?page_id=1352\" \/>\n<meta property=\"og:locale\" content=\"es_ES\" \/>\n<meta property=\"og:type\" content=\"article\" \/>\n<meta property=\"og:title\" content=\"Mission | Vision - Lab Care 365 S.L.\" \/>\n<meta property=\"og:description\" content=\"Mission Bereitstellung eines SPEZIFISCHEN, ANGEPASSTEN und NAHEN technischen Hilfsdienstes f\u00fcr Laboratorien und Forschungsbereiche&#8230; mit hochqualifiziertem, zugelassenem TECHNISCHEM PERSONAL mit gro\u00dfer Berufserfahrung in verschiedenen Sektoren und bei Herstellern von Laborger\u00e4ten; Schaffung neuer Wege der Verbindung und Zusammenarbeit mit unseren Kunden durch Vereinbarungen und Rahmen f\u00fcr die gemeinsame Zusammenarbeit, um Synergien zu schaffen; die Bereitstellung von flexiblen [&hellip;]\" \/>\n<meta property=\"og:url\" content=\"https:\/\/labcare365.com\/?page_id=1352\" \/>\n<meta property=\"og:site_name\" content=\"Lab Care 365 S.L.\" \/>\n<meta property=\"article:publisher\" content=\"https:\/\/www.facebook.com\/profile.php?id=100082110493705\" \/>\n<meta property=\"article:modified_time\" content=\"2023-05-28T17:22:44+00:00\" \/>\n<meta property=\"og:image\" content=\"https:\/\/labcare365.com\/wp-content\/uploads\/2025\/10\/logLC365-seo.png\" \/>\n\t<meta property=\"og:image:width\" content=\"1200\" \/>\n\t<meta property=\"og:image:height\" content=\"675\" \/>\n\t<meta property=\"og:image:type\" content=\"image\/png\" \/>\n<meta name=\"twitter:card\" content=\"summary_large_image\" \/>\n<meta name=\"twitter:label1\" content=\"Tiempo de lectura\" \/>\n\t<meta name=\"twitter:data1\" content=\"1 minuto\" \/>\n<script type=\"application\/ld+json\" class=\"yoast-schema-graph\">{\"@context\":\"https:\/\/schema.org\",\"@graph\":[{\"@type\":\"WebPage\",\"@id\":\"https:\/\/labcare365.com\/?page_id=1352\",\"url\":\"https:\/\/labcare365.com\/?page_id=1352\",\"name\":\"Mission | Vision - Lab Care 365 S.L.\",\"isPartOf\":{\"@id\":\"https:\/\/labcare365.com\/#website\"},\"datePublished\":\"2022-04-11T11:43:22+00:00\",\"dateModified\":\"2023-05-28T17:22:44+00:00\",\"breadcrumb\":{\"@id\":\"https:\/\/labcare365.com\/?page_id=1352#breadcrumb\"},\"inLanguage\":\"es\",\"potentialAction\":[{\"@type\":\"ReadAction\",\"target\":[\"https:\/\/labcare365.com\/?page_id=1352\"]}]},{\"@type\":\"BreadcrumbList\",\"@id\":\"https:\/\/labcare365.com\/?page_id=1352#breadcrumb\",\"itemListElement\":[{\"@type\":\"ListItem\",\"position\":1,\"name\":\"Portada\",\"item\":\"https:\/\/labcare365.com\/\"},{\"@type\":\"ListItem\",\"position\":2,\"name\":\"Wir sind\",\"item\":\"https:\/\/labcare365.com\/?page_id=1252\"},{\"@type\":\"ListItem\",\"position\":3,\"name\":\"Mission | Vision\"}]},{\"@type\":\"WebSite\",\"@id\":\"https:\/\/labcare365.com\/#website\",\"url\":\"https:\/\/labcare365.com\/\",\"name\":\"labcare365.com\",\"description\":\"Lab Care 365 S.L. - Servicio t\u00e9cnico de laboratorio\",\"publisher\":{\"@id\":\"https:\/\/labcare365.com\/#organization\"},\"potentialAction\":[{\"@type\":\"SearchAction\",\"target\":{\"@type\":\"EntryPoint\",\"urlTemplate\":\"https:\/\/labcare365.com\/?s={search_term_string}\"},\"query-input\":{\"@type\":\"PropertyValueSpecification\",\"valueRequired\":true,\"valueName\":\"search_term_string\"}}],\"inLanguage\":\"es\"},{\"@type\":\"Organization\",\"@id\":\"https:\/\/labcare365.com\/#organization\",\"name\":\"labcare 365 s.l.\",\"alternateName\":\"Servicio t\u00e9cnico de laboratorio\",\"url\":\"https:\/\/labcare365.com\/\",\"logo\":{\"@type\":\"ImageObject\",\"inLanguage\":\"es\",\"@id\":\"https:\/\/labcare365.com\/#\/schema\/logo\/image\/\",\"url\":\"https:\/\/labcare365.com\/wp-content\/uploads\/2023\/05\/cropped-icoLABcare365.png\",\"contentUrl\":\"https:\/\/labcare365.com\/wp-content\/uploads\/2023\/05\/cropped-icoLABcare365.png\",\"width\":512,\"height\":512,\"caption\":\"labcare 365 s.l.\"},\"image\":{\"@id\":\"https:\/\/labcare365.com\/#\/schema\/logo\/image\/\"},\"sameAs\":[\"https:\/\/www.facebook.com\/profile.php?id=100082110493705\",\"https:\/\/www.linkedin.com\/company\/labcare365\/\"]}]}<\/script>\n<!-- \/ Yoast SEO plugin. -->","yoast_head_json":{"title":"Mission | Vision - Lab Care 365 S.L.","robots":{"index":"index","follow":"follow","max-snippet":"max-snippet:-1","max-image-preview":"max-image-preview:large","max-video-preview":"max-video-preview:-1"},"canonical":"https:\/\/labcare365.com\/?page_id=1352","og_locale":"es_ES","og_type":"article","og_title":"Mission | Vision - Lab Care 365 S.L.","og_description":"Mission Bereitstellung eines SPEZIFISCHEN, ANGEPASSTEN und NAHEN technischen Hilfsdienstes f\u00fcr Laboratorien und Forschungsbereiche&#8230; mit hochqualifiziertem, zugelassenem TECHNISCHEM PERSONAL mit gro\u00dfer Berufserfahrung in verschiedenen Sektoren und bei Herstellern von Laborger\u00e4ten; Schaffung neuer Wege der Verbindung und Zusammenarbeit mit unseren Kunden durch Vereinbarungen und Rahmen f\u00fcr die gemeinsame Zusammenarbeit, um Synergien zu schaffen; die Bereitstellung von flexiblen [&hellip;]","og_url":"https:\/\/labcare365.com\/?page_id=1352","og_site_name":"Lab Care 365 S.L.","article_publisher":"https:\/\/www.facebook.com\/profile.php?id=100082110493705","article_modified_time":"2023-05-28T17:22:44+00:00","og_image":[{"width":1200,"height":675,"url":"https:\/\/labcare365.com\/wp-content\/uploads\/2025\/10\/logLC365-seo.png","type":"image\/png"}],"twitter_card":"summary_large_image","twitter_misc":{"Tiempo de lectura":"1 minuto"},"schema":{"@context":"https:\/\/schema.org","@graph":[{"@type":"WebPage","@id":"https:\/\/labcare365.com\/?page_id=1352","url":"https:\/\/labcare365.com\/?page_id=1352","name":"Mission | Vision - Lab Care 365 S.L.","isPartOf":{"@id":"https:\/\/labcare365.com\/#website"},"datePublished":"2022-04-11T11:43:22+00:00","dateModified":"2023-05-28T17:22:44+00:00","breadcrumb":{"@id":"https:\/\/labcare365.com\/?page_id=1352#breadcrumb"},"inLanguage":"es","potentialAction":[{"@type":"ReadAction","target":["https:\/\/labcare365.com\/?page_id=1352"]}]},{"@type":"BreadcrumbList","@id":"https:\/\/labcare365.com\/?page_id=1352#breadcrumb","itemListElement":[{"@type":"ListItem","position":1,"name":"Portada","item":"https:\/\/labcare365.com\/"},{"@type":"ListItem","position":2,"name":"Wir sind","item":"https:\/\/labcare365.com\/?page_id=1252"},{"@type":"ListItem","position":3,"name":"Mission | Vision"}]},{"@type":"WebSite","@id":"https:\/\/labcare365.com\/#website","url":"https:\/\/labcare365.com\/","name":"labcare365.com","description":"Lab Care 365 S.L. - Servicio t\u00e9cnico de laboratorio","publisher":{"@id":"https:\/\/labcare365.com\/#organization"},"potentialAction":[{"@type":"SearchAction","target":{"@type":"EntryPoint","urlTemplate":"https:\/\/labcare365.com\/?s={search_term_string}"},"query-input":{"@type":"PropertyValueSpecification","valueRequired":true,"valueName":"search_term_string"}}],"inLanguage":"es"},{"@type":"Organization","@id":"https:\/\/labcare365.com\/#organization","name":"labcare 365 s.l.","alternateName":"Servicio t\u00e9cnico de laboratorio","url":"https:\/\/labcare365.com\/","logo":{"@type":"ImageObject","inLanguage":"es","@id":"https:\/\/labcare365.com\/#\/schema\/logo\/image\/","url":"https:\/\/labcare365.com\/wp-content\/uploads\/2023\/05\/cropped-icoLABcare365.png","contentUrl":"https:\/\/labcare365.com\/wp-content\/uploads\/2023\/05\/cropped-icoLABcare365.png","width":512,"height":512,"caption":"labcare 365 s.l."},"image":{"@id":"https:\/\/labcare365.com\/#\/schema\/logo\/image\/"},"sameAs":["https:\/\/www.facebook.com\/profile.php?id=100082110493705","https:\/\/www.linkedin.com\/company\/labcare365\/"]}]}},"_links":{"self":[{"href":"https:\/\/labcare365.com\/index.php?rest_route=\/wp\/v2\/pages\/1352","targetHints":{"allow":["GET"]}}],"collection":[{"href":"https:\/\/labcare365.com\/index.php?rest_route=\/wp\/v2\/pages"}],"about":[{"href":"https:\/\/labcare365.com\/index.php?rest_route=\/wp\/v2\/types\/page"}],"author":[{"embeddable":true,"href":"https:\/\/labcare365.com\/index.php?rest_route=\/wp\/v2\/users\/1"}],"replies":[{"embeddable":true,"href":"https:\/\/labcare365.com\/index.php?rest_route=%2Fwp%2Fv2%2Fcomments&post=1352"}],"version-history":[{"count":1,"href":"https:\/\/labcare365.com\/index.php?rest_route=\/wp\/v2\/pages\/1352\/revisions"}],"predecessor-version":[{"id":1551,"href":"https:\/\/labcare365.com\/index.php?rest_route=\/wp\/v2\/pages\/1352\/revisions\/1551"}],"up":[{"embeddable":true,"href":"https:\/\/labcare365.com\/index.php?rest_route=\/wp\/v2\/pages\/1252"}],"wp:attachment":[{"href":"https:\/\/labcare365.com\/index.php?rest_route=%2Fwp%2Fv2%2Fmedia&parent=1352"}],"curies":[{"name":"wp","href":"https:\/\/api.w.org\/{rel}","templated":true}]}}